{"id":1358,"date":"2020-02-28T15:54:33","date_gmt":"2020-02-28T14:54:33","guid":{"rendered":"https:\/\/bluecirclecapital.ch\/ueber-uns\/"},"modified":"2023-01-10T13:03:38","modified_gmt":"2023-01-10T12:03:38","slug":"ueber-uns","status":"publish","type":"page","link":"https:\/\/bluecirclecapital.ch\/de\/ueber-uns\/","title":{"rendered":"\u00dcber uns"},"content":{"rendered":"<p>[et_pb_section fb_built=&#8221;1&#8243; _builder_version=&#8221;4.18.0&#8243; _module_preset=&#8221;default&#8221; background_image=&#8221;https:\/\/bluecirclecapital.ch\/wp-content\/uploads\/2022\/10\/bg-servizi2.png&#8221; z_index=&#8221;15&#8243; custom_margin=&#8221;0px||||false|false&#8221; custom_padding=&#8221;0px||0px||false|false&#8221; global_colors_info=&#8221;{}&#8221;][et_pb_row column_structure=&#8221;3_5,2_5&#8243; use_custom_gutter=&#8221;on&#8221; gutter_width=&#8221;1&#8243; _builder_version=&#8221;4.19.0&#8243; _module_preset=&#8221;default&#8221; background_enable_image=&#8221;off&#8221; background_size=&#8221;contain&#8221; background_position=&#8221;top_right&#8221; width=&#8221;94%&#8221; module_alignment=&#8221;right&#8221; global_colors_info=&#8221;{}&#8221;][et_pb_column type=&#8221;3_5&#8243; _builder_version=&#8221;4.18.1&#8243; _module_preset=&#8221;default&#8221; custom_padding=&#8221;50px||50px|5%|false|false&#8221; custom_padding_tablet=&#8221;50px||50px|5%|false|false&#8221; custom_padding_phone=&#8221;10px|30px|50px|10px|false|false&#8221; custom_padding_last_edited=&#8221;on|phone&#8221; global_colors_info=&#8221;{}&#8221;][et_pb_text admin_label=&#8221;Titolo H1 introduzione sito&#8221; _builder_version=&#8221;4.18.0&#8243; custom_margin=&#8221;||13px||false|false&#8221; animation_style=&#8221;slide&#8221; animation_direction=&#8221;bottom&#8221; animation_delay=&#8221;500ms&#8221; animation_intensity_slide=&#8221;5%&#8221; locked=&#8221;off&#8221; global_colors_info=&#8221;{}&#8221;]<\/p>\n<h2>\u00dcber uns<\/h2>\n<p>[\/et_pb_text][et_pb_text admin_label=&#8221;Titolo H1 introduzione sito&#8221; _builder_version=&#8221;4.19.0&#8243; positioning=&#8221;relative&#8221; max_width=&#8221;550px&#8221; module_alignment=&#8221;left&#8221; custom_margin=&#8221;18px|||-50px|false|false&#8221; custom_padding=&#8221;||0px|||&#8221; animation_style=&#8221;slide&#8221; animation_direction=&#8221;bottom&#8221; animation_delay=&#8221;500ms&#8221; animation_intensity_slide=&#8221;5%&#8221; global_colors_info=&#8221;{}&#8221;]<\/p>\n<p class=\"p1\">Blue Circle Capital ist f\u00fchrender Berater in den Bereichen Mergers &amp; Acquisitions (M&amp;A), Unternehmensfinanzierung und Restrukturierung von Unternehmen.<\/p>\n<p class=\"p1\">Wir bieten Beratungsdienste f\u00fcr Unternehmer, Betriebe, Investitionsfonds, Familienbetriebe.<\/p>\n<p class=\"p1\">Wir unterbreiten unseren Kunden Vorschl\u00e4ge und Hinweise und unterst\u00fctzen sie bei der Umsetzung ihrer Ziele mit unserem fundiertem Know-how und Urteilsverm\u00f6gen.<\/p>\n<p class=\"p1\">Unser Schwerpunkt liegt \u00fcberwiegend auf dem Markt f\u00fcr kleine und mittlere Unternehmen (mit Transaktionen in H\u00f6he von 10 bis 200 Millionen Euro). In diesem Segment agieren wir als Lead Advisor f\u00fcr M&amp;A-Transaktionen in der Schweiz und in Europa.<\/p>\n<p class=\"p1\">Jedes Mandat wird von mindestens einem Senior Partner mit langj\u00e4hriger M&amp;A- und Management-Erfahrung \u00fcbernommen.<\/p>\n<p class=\"p1\">Neben unseren Niederlassungen in Lugano und Paris arbeiten wir mit Korrespondenten in Gro\u00dfbritannien, Italien, Deutschland und Spanien zusammen und k\u00f6nnen so Akquisitions-, Ver\u00e4u\u00dferungs-, Finanzierungs- und Restrukturierungsmandate effizient und effektiv ausf\u00fchren.<\/p>\n<p>[\/et_pb_text][et_pb_button button_url=&#8221;https:\/\/bluecirclecapital.ch\/de\/philosophy\/&#8221; button_text=&#8221;Erfahren Sie mehr \u00fcber unsere Philosophie&#8221; button_alignment=&#8221;left&#8221; _builder_version=&#8221;4.19.3&#8243; custom_margin=&#8221;30px||||false|false&#8221; custom_padding=&#8221;||||false|false&#8221; animation_style=&#8221;fade&#8221; animation_delay=&#8221;1000ms&#8221; global_colors_info=&#8221;{}&#8221;][\/et_pb_button][\/et_pb_column][et_pb_column type=&#8221;2_5&#8243; _builder_version=&#8221;4.19.0&#8243; _module_preset=&#8221;default&#8221; background_enable_color=&#8221;off&#8221; sticky_limit_bottom=&#8221;row&#8221; global_colors_info=&#8221;{}&#8221;][et_pb_image src=&#8221;https:\/\/bluecirclecapital.ch\/wp-content\/uploads\/2022\/10\/img-team.png&#8221; title_text=&#8221;img-team&#8221; _builder_version=&#8221;4.18.1&#8243; _module_preset=&#8221;default&#8221; max_width=&#8221;95%&#8221; max_width_tablet=&#8221;70%&#8221; max_width_phone=&#8221;90%&#8221; max_width_last_edited=&#8221;on|phone&#8221; module_alignment=&#8221;left&#8221; custom_margin=&#8221;30px||||false|false&#8221; animation_style=&#8221;slide&#8221; animation_direction=&#8221;right&#8221; animation_intensity_slide=&#8221;5%&#8221; scroll_horizontal_motion=&#8221;0|50|50|100|1|0|-1&#8243; global_colors_info=&#8221;{}&#8221;][\/et_pb_image][\/et_pb_column][\/et_pb_row][\/et_pb_section]<\/p>\n","protected":false},"excerpt":{"rendered":"<p>\u00dcber unsBlue Circle Capital ist f\u00fchrender Berater in den Bereichen Mergers &amp; Acquisitions (M&amp;A), Unternehmensfinanzierung und Restrukturierung von Unternehmen. Wir bieten Beratungsdienste f\u00fcr Unternehmer, Betriebe, Investitionsfonds, Familienbetriebe. Wir unterbreiten unseren Kunden Vorschl\u00e4ge und Hinweise und unterst\u00fctzen sie bei der Umsetzung ihrer Ziele mit unserem fundiertem Know-how und Urteilsverm\u00f6gen. Unser Schwerpunkt liegt \u00fcberwiegend auf dem Markt [&hellip;]<\/p>\n","protected":false},"author":1,"featured_media":0,"parent":0,"menu_order":10,"comment_status":"closed","ping_status":"closed","template":"","meta":{"_et_pb_use_builder":"on","_et_pb_old_content":"","_et_gb_content_width":"","inline_featured_image":false,"footnotes":""},"class_list":["post-1358","page","type-page","status-publish","hentry"],"yoast_head":"<!-- This site is optimized with the Yoast SEO plugin v27.4 - https:\/\/yoast.com\/product\/yoast-seo-wordpress\/ -->\n<title>\u00dcber uns - Blue Circle Capital<\/title>\n<meta name=\"robots\" content=\"index, follow, max-snippet:-1, max-image-preview:large, max-video-preview:-1\" \/>\n<link rel=\"canonical\" href=\"https:\/\/bluecirclecapital.ch\/de\/ueber-uns\/\" \/>\n<meta property=\"og:locale\" content=\"de_DE\" \/>\n<meta property=\"og:type\" content=\"article\" \/>\n<meta property=\"og:title\" content=\"\u00dcber uns - Blue Circle Capital\" \/>\n<meta property=\"og:description\" content=\"\u00dcber unsBlue Circle Capital ist f\u00fchrender Berater in den Bereichen Mergers &amp; Acquisitions (M&amp;A), Unternehmensfinanzierung und Restrukturierung von Unternehmen. Wir bieten Beratungsdienste f\u00fcr Unternehmer, Betriebe, Investitionsfonds, Familienbetriebe. Wir unterbreiten unseren Kunden Vorschl\u00e4ge und Hinweise und unterst\u00fctzen sie bei der Umsetzung ihrer Ziele mit unserem fundiertem Know-how und Urteilsverm\u00f6gen. Unser Schwerpunkt liegt \u00fcberwiegend auf dem Markt [&hellip;]\" \/>\n<meta property=\"og:url\" content=\"https:\/\/bluecirclecapital.ch\/de\/ueber-uns\/\" \/>\n<meta property=\"og:site_name\" content=\"Blue Circle Capital\" \/>\n<meta property=\"article:modified_time\" content=\"2023-01-10T12:03:38+00:00\" \/>\n<meta name=\"twitter:card\" content=\"summary_large_image\" \/>\n<meta name=\"twitter:label1\" content=\"Gesch\u00e4tzte Lesezeit\" \/>\n\t<meta name=\"twitter:data1\" content=\"2\u00a0Minuten\" \/>\n<script type=\"application\/ld+json\" class=\"yoast-schema-graph\">{\"@context\":\"https:\\\/\\\/schema.org\",\"@graph\":[{\"@type\":\"WebPage\",\"@id\":\"https:\\\/\\\/bluecirclecapital.ch\\\/de\\\/ueber-uns\\\/\",\"url\":\"https:\\\/\\\/bluecirclecapital.ch\\\/de\\\/ueber-uns\\\/\",\"name\":\"\u00dcber uns - Blue Circle Capital\",\"isPartOf\":{\"@id\":\"https:\\\/\\\/bluecirclecapital.ch\\\/de\\\/#website\"},\"datePublished\":\"2020-02-28T14:54:33+00:00\",\"dateModified\":\"2023-01-10T12:03:38+00:00\",\"breadcrumb\":{\"@id\":\"https:\\\/\\\/bluecirclecapital.ch\\\/de\\\/ueber-uns\\\/#breadcrumb\"},\"inLanguage\":\"de\",\"potentialAction\":[{\"@type\":\"ReadAction\",\"target\":[\"https:\\\/\\\/bluecirclecapital.ch\\\/de\\\/ueber-uns\\\/\"]}]},{\"@type\":\"BreadcrumbList\",\"@id\":\"https:\\\/\\\/bluecirclecapital.ch\\\/de\\\/ueber-uns\\\/#breadcrumb\",\"itemListElement\":[{\"@type\":\"ListItem\",\"position\":1,\"name\":\"Home\",\"item\":\"https:\\\/\\\/bluecirclecapital.ch\\\/de\\\/\"},{\"@type\":\"ListItem\",\"position\":2,\"name\":\"\u00dcber uns\"}]},{\"@type\":\"WebSite\",\"@id\":\"https:\\\/\\\/bluecirclecapital.ch\\\/de\\\/#website\",\"url\":\"https:\\\/\\\/bluecirclecapital.ch\\\/de\\\/\",\"name\":\"Blue Circle Capital\",\"description\":\"M&amp;A Zurich\",\"publisher\":{\"@id\":\"https:\\\/\\\/bluecirclecapital.ch\\\/de\\\/#organization\"},\"potentialAction\":[{\"@type\":\"SearchAction\",\"target\":{\"@type\":\"EntryPoint\",\"urlTemplate\":\"https:\\\/\\\/bluecirclecapital.ch\\\/de\\\/?s={search_term_string}\"},\"query-input\":{\"@type\":\"PropertyValueSpecification\",\"valueRequired\":true,\"valueName\":\"search_term_string\"}}],\"inLanguage\":\"de\"},{\"@type\":\"Organization\",\"@id\":\"https:\\\/\\\/bluecirclecapital.ch\\\/de\\\/#organization\",\"name\":\"Blue Circle Capital\",\"url\":\"https:\\\/\\\/bluecirclecapital.ch\\\/de\\\/\",\"logo\":{\"@type\":\"ImageObject\",\"inLanguage\":\"de\",\"@id\":\"https:\\\/\\\/bluecirclecapital.ch\\\/de\\\/#\\\/schema\\\/logo\\\/image\\\/\",\"url\":\"https:\\\/\\\/bluecirclecapital.ch\\\/wp-content\\\/uploads\\\/2022\\\/10\\\/BlueCircle-logo-orizzontale-colore.svg\",\"contentUrl\":\"https:\\\/\\\/bluecirclecapital.ch\\\/wp-content\\\/uploads\\\/2022\\\/10\\\/BlueCircle-logo-orizzontale-colore.svg\",\"width\":\"1024\",\"height\":\"1024\",\"caption\":\"Blue Circle Capital\"},\"image\":{\"@id\":\"https:\\\/\\\/bluecirclecapital.ch\\\/de\\\/#\\\/schema\\\/logo\\\/image\\\/\"}}]}<\/script>\n<!-- \/ Yoast SEO plugin. -->","yoast_head_json":{"title":"\u00dcber uns - Blue Circle Capital","robots":{"index":"index","follow":"follow","max-snippet":"max-snippet:-1","max-image-preview":"max-image-preview:large","max-video-preview":"max-video-preview:-1"},"canonical":"https:\/\/bluecirclecapital.ch\/de\/ueber-uns\/","og_locale":"de_DE","og_type":"article","og_title":"\u00dcber uns - Blue Circle Capital","og_description":"\u00dcber unsBlue Circle Capital ist f\u00fchrender Berater in den Bereichen Mergers &amp; Acquisitions (M&amp;A), Unternehmensfinanzierung und Restrukturierung von Unternehmen. Wir bieten Beratungsdienste f\u00fcr Unternehmer, Betriebe, Investitionsfonds, Familienbetriebe. Wir unterbreiten unseren Kunden Vorschl\u00e4ge und Hinweise und unterst\u00fctzen sie bei der Umsetzung ihrer Ziele mit unserem fundiertem Know-how und Urteilsverm\u00f6gen. Unser Schwerpunkt liegt \u00fcberwiegend auf dem Markt [&hellip;]","og_url":"https:\/\/bluecirclecapital.ch\/de\/ueber-uns\/","og_site_name":"Blue Circle Capital","article_modified_time":"2023-01-10T12:03:38+00:00","twitter_card":"summary_large_image","twitter_misc":{"Gesch\u00e4tzte Lesezeit":"2\u00a0Minuten"},"schema":{"@context":"https:\/\/schema.org","@graph":[{"@type":"WebPage","@id":"https:\/\/bluecirclecapital.ch\/de\/ueber-uns\/","url":"https:\/\/bluecirclecapital.ch\/de\/ueber-uns\/","name":"\u00dcber uns - Blue Circle Capital","isPartOf":{"@id":"https:\/\/bluecirclecapital.ch\/de\/#website"},"datePublished":"2020-02-28T14:54:33+00:00","dateModified":"2023-01-10T12:03:38+00:00","breadcrumb":{"@id":"https:\/\/bluecirclecapital.ch\/de\/ueber-uns\/#breadcrumb"},"inLanguage":"de","potentialAction":[{"@type":"ReadAction","target":["https:\/\/bluecirclecapital.ch\/de\/ueber-uns\/"]}]},{"@type":"BreadcrumbList","@id":"https:\/\/bluecirclecapital.ch\/de\/ueber-uns\/#breadcrumb","itemListElement":[{"@type":"ListItem","position":1,"name":"Home","item":"https:\/\/bluecirclecapital.ch\/de\/"},{"@type":"ListItem","position":2,"name":"\u00dcber uns"}]},{"@type":"WebSite","@id":"https:\/\/bluecirclecapital.ch\/de\/#website","url":"https:\/\/bluecirclecapital.ch\/de\/","name":"Blue Circle Capital","description":"M&amp;A Zurich","publisher":{"@id":"https:\/\/bluecirclecapital.ch\/de\/#organization"},"potentialAction":[{"@type":"SearchAction","target":{"@type":"EntryPoint","urlTemplate":"https:\/\/bluecirclecapital.ch\/de\/?s={search_term_string}"},"query-input":{"@type":"PropertyValueSpecification","valueRequired":true,"valueName":"search_term_string"}}],"inLanguage":"de"},{"@type":"Organization","@id":"https:\/\/bluecirclecapital.ch\/de\/#organization","name":"Blue Circle Capital","url":"https:\/\/bluecirclecapital.ch\/de\/","logo":{"@type":"ImageObject","inLanguage":"de","@id":"https:\/\/bluecirclecapital.ch\/de\/#\/schema\/logo\/image\/","url":"https:\/\/bluecirclecapital.ch\/wp-content\/uploads\/2022\/10\/BlueCircle-logo-orizzontale-colore.svg","contentUrl":"https:\/\/bluecirclecapital.ch\/wp-content\/uploads\/2022\/10\/BlueCircle-logo-orizzontale-colore.svg","width":"1024","height":"1024","caption":"Blue Circle Capital"},"image":{"@id":"https:\/\/bluecirclecapital.ch\/de\/#\/schema\/logo\/image\/"}}]}},"_links":{"self":[{"href":"https:\/\/bluecirclecapital.ch\/de\/wp-json\/wp\/v2\/pages\/1358","targetHints":{"allow":["GET"]}}],"collection":[{"href":"https:\/\/bluecirclecapital.ch\/de\/wp-json\/wp\/v2\/pages"}],"about":[{"href":"https:\/\/bluecirclecapital.ch\/de\/wp-json\/wp\/v2\/types\/page"}],"author":[{"embeddable":true,"href":"https:\/\/bluecirclecapital.ch\/de\/wp-json\/wp\/v2\/users\/1"}],"replies":[{"embeddable":true,"href":"https:\/\/bluecirclecapital.ch\/de\/wp-json\/wp\/v2\/comments?post=1358"}],"version-history":[{"count":5,"href":"https:\/\/bluecirclecapital.ch\/de\/wp-json\/wp\/v2\/pages\/1358\/revisions"}],"predecessor-version":[{"id":1592,"href":"https:\/\/bluecirclecapital.ch\/de\/wp-json\/wp\/v2\/pages\/1358\/revisions\/1592"}],"wp:attachment":[{"href":"https:\/\/bluecirclecapital.ch\/de\/wp-json\/wp\/v2\/media?parent=1358"}],"curies":[{"name":"wp","href":"https:\/\/api.w.org\/{rel}","templated":true}]}}