{"id":1361,"date":"2022-10-17T10:52:00","date_gmt":"2022-10-17T08:52:00","guid":{"rendered":"https:\/\/bluecirclecapital.ch\/philosophie\/"},"modified":"2023-01-10T13:04:21","modified_gmt":"2023-01-10T12:04:21","slug":"philosophie","status":"publish","type":"page","link":"https:\/\/bluecirclecapital.ch\/de\/philosophie\/","title":{"rendered":"Philosophie"},"content":{"rendered":"<p>[et_pb_section fb_built=&#8221;1&#8243; _builder_version=&#8221;4.18.0&#8243; _module_preset=&#8221;default&#8221; background_image=&#8221;https:\/\/bluecirclecapital.ch\/wp-content\/uploads\/2022\/10\/team-bg-forma.png&#8221; background_size=&#8221;contain&#8221; background_position=&#8221;bottom_left&#8221; z_index=&#8221;15&#8243; custom_margin=&#8221;0px||||false|false&#8221; custom_padding=&#8221;0px||0px||false|false&#8221; global_colors_info=&#8221;{}&#8221;][et_pb_row column_structure=&#8221;3_5,2_5&#8243; use_custom_gutter=&#8221;on&#8221; gutter_width=&#8221;1&#8243; _builder_version=&#8221;4.18.1&#8243; _module_preset=&#8221;default&#8221; background_enable_image=&#8221;off&#8221; background_size=&#8221;contain&#8221; background_position=&#8221;top_right&#8221; width=&#8221;94%&#8221; module_alignment=&#8221;right&#8221; global_colors_info=&#8221;{}&#8221;][et_pb_column type=&#8221;3_5&#8243; _builder_version=&#8221;4.18.1&#8243; _module_preset=&#8221;default&#8221; custom_padding=&#8221;50px||50px|5%|false|false&#8221; custom_padding_tablet=&#8221;50px||50px|5%|false|false&#8221; custom_padding_phone=&#8221;10px|30px|50px|10px|false|false&#8221; custom_padding_last_edited=&#8221;on|phone&#8221; global_colors_info=&#8221;{}&#8221;][et_pb_text admin_label=&#8221;Titolo H1 introduzione sito&#8221; _builder_version=&#8221;4.18.0&#8243; custom_margin=&#8221;||13px||false|false&#8221; animation_style=&#8221;slide&#8221; animation_direction=&#8221;bottom&#8221; animation_delay=&#8221;500ms&#8221; animation_intensity_slide=&#8221;5%&#8221; locked=&#8221;off&#8221; global_colors_info=&#8221;{}&#8221;]<\/p>\n<h2>Philosophie<\/h2>\n<p>[\/et_pb_text][et_pb_text admin_label=&#8221;Titolo H1 introduzione sito&#8221; _builder_version=&#8221;4.19.4&#8243; positioning=&#8221;relative&#8221; max_width=&#8221;530px&#8221; module_alignment=&#8221;left&#8221; custom_margin=&#8221;18px|||-50px|false|false&#8221; custom_padding=&#8221;||0px|||&#8221; animation_style=&#8221;slide&#8221; animation_direction=&#8221;bottom&#8221; animation_delay=&#8221;500ms&#8221; animation_intensity_slide=&#8221;5%&#8221; hover_enabled=&#8221;0&#8243; global_colors_info=&#8221;{}&#8221; sticky_enabled=&#8221;0&#8243;]<\/p>\n<p class=\"p1\">Wir h\u00f6ren unseren Kunden genau zu, um ihre Erwartungen zu verstehen, haben ihre zuk\u00fcnftigen Anforderungen im Blick und bieten flexible, erstklassige L\u00f6sungen in einem oft komplexen Marktumfeld.<\/p>\n<p class=\"p1\">Basis f\u00fcr unseren Erfolg sind kreative Denkans\u00e4tze, die nicht an traditionelle Konzepte gebunden sind, sowie die Kombination rein analytischer Logik mit weichen Faktoren.<\/p>\n<p class=\"p1\">Besonders gern f\u00fchren wir propriet\u00e4re Transaktionen durch und nehmen uns die Zeit, M\u00e4rkte und Unternehmen zu verstehen. So k\u00f6nnen wir langfristig einen viel gr\u00f6\u00dferen Wert schaffen, als dies in gro\u00dfangelegten Bieterverfahren m\u00f6glich ist.<\/p>\n<p class=\"p1\">Ethik, Transparenz und Nachhaltigkeit. Wenn n\u00f6tig, stellen wir den Status quo in Frage.<\/p>\n<p>[\/et_pb_text][et_pb_button button_url=&#8221;https:\/\/bluecirclecapital.ch\/de\/what-we-do\/&#8221; button_text=&#8221;Dienstleistungen&#8221; button_alignment=&#8221;left&#8221; _builder_version=&#8221;4.19.3&#8243; custom_margin=&#8221;30px||||false|false&#8221; custom_padding=&#8221;||||false|false&#8221; animation_style=&#8221;fade&#8221; animation_delay=&#8221;1000ms&#8221; global_colors_info=&#8221;{}&#8221;][\/et_pb_button][\/et_pb_column][et_pb_column type=&#8221;2_5&#8243; _builder_version=&#8221;4.18.1&#8243; _module_preset=&#8221;default&#8221; background_enable_color=&#8221;off&#8221; sticky_position=&#8221;top&#8221; sticky_offset_top=&#8221;30px&#8221; sticky_limit_bottom=&#8221;row&#8221; sticky_position_tablet=&#8221;none&#8221; sticky_position_phone=&#8221;none&#8221; sticky_position_last_edited=&#8221;on|tablet&#8221; sticky_offset_top_tablet=&#8221;0px&#8221; sticky_offset_top_phone=&#8221;0px&#8221; sticky_offset_top_last_edited=&#8221;on|tablet&#8221; global_colors_info=&#8221;{}&#8221;][et_pb_image src=&#8221;https:\/\/bluecirclecapital.ch\/wp-content\/uploads\/2022\/10\/philosophy-img.png&#8221; title_text=&#8221;philosophy img&#8221; align_tablet=&#8221;&#8221; align_phone=&#8221;center&#8221; align_last_edited=&#8221;on|phone&#8221; _builder_version=&#8221;4.18.1&#8243; _module_preset=&#8221;default&#8221; max_width_tablet=&#8221;70%&#8221; max_width_phone=&#8221;90%&#8221; max_width_last_edited=&#8221;on|desktop&#8221; module_alignment=&#8221;right&#8221; custom_margin=&#8221;30px||||false|false&#8221; scroll_horizontal_motion=&#8221;0|50|50|100|1|0|-1&#8243; module_alignment_tablet=&#8221;center&#8221; module_alignment_phone=&#8221;left&#8221; module_alignment_last_edited=&#8221;on|phone&#8221; global_colors_info=&#8221;{}&#8221; max_width__hover_enabled=&#8221;off|desktop&#8221;][\/et_pb_image][\/et_pb_column][\/et_pb_row][\/et_pb_section]<\/p>\n","protected":false},"excerpt":{"rendered":"<p>PhilosophieWir h\u00f6ren unseren Kunden genau zu, um ihre Erwartungen zu verstehen, haben ihre zuk\u00fcnftigen Anforderungen im Blick und bieten flexible, erstklassige L\u00f6sungen in einem oft komplexen Marktumfeld. Basis f\u00fcr unseren Erfolg sind kreative Denkans\u00e4tze, die nicht an traditionelle Konzepte gebunden sind, sowie die Kombination rein analytischer Logik mit weichen Faktoren. Besonders gern f\u00fchren wir propriet\u00e4re [&hellip;]<\/p>\n","protected":false},"author":6,"featured_media":0,"parent":0,"menu_order":15,"comment_status":"closed","ping_status":"closed","template":"","meta":{"_et_pb_use_builder":"on","_et_pb_old_content":"","_et_gb_content_width":"","inline_featured_image":false,"footnotes":""},"class_list":["post-1361","page","type-page","status-publish","hentry"],"yoast_head":"<!-- This site is optimized with the Yoast SEO plugin v27.4 - https:\/\/yoast.com\/product\/yoast-seo-wordpress\/ -->\n<title>Philosophie - Blue Circle Capital<\/title>\n<meta name=\"robots\" content=\"index, follow, max-snippet:-1, max-image-preview:large, max-video-preview:-1\" \/>\n<link rel=\"canonical\" href=\"https:\/\/bluecirclecapital.ch\/de\/philosophie\/\" \/>\n<meta property=\"og:locale\" content=\"de_DE\" \/>\n<meta property=\"og:type\" content=\"article\" \/>\n<meta property=\"og:title\" content=\"Philosophie - Blue Circle Capital\" \/>\n<meta property=\"og:description\" content=\"PhilosophieWir h\u00f6ren unseren Kunden genau zu, um ihre Erwartungen zu verstehen, haben ihre zuk\u00fcnftigen Anforderungen im Blick und bieten flexible, erstklassige L\u00f6sungen in einem oft komplexen Marktumfeld. Basis f\u00fcr unseren Erfolg sind kreative Denkans\u00e4tze, die nicht an traditionelle Konzepte gebunden sind, sowie die Kombination rein analytischer Logik mit weichen Faktoren. Besonders gern f\u00fchren wir propriet\u00e4re [&hellip;]\" \/>\n<meta property=\"og:url\" content=\"https:\/\/bluecirclecapital.ch\/de\/philosophie\/\" \/>\n<meta property=\"og:site_name\" content=\"Blue Circle Capital\" \/>\n<meta property=\"article:modified_time\" content=\"2023-01-10T12:04:21+00:00\" \/>\n<meta name=\"twitter:card\" content=\"summary_large_image\" \/>\n<meta name=\"twitter:label1\" content=\"Gesch\u00e4tzte Lesezeit\" \/>\n\t<meta name=\"twitter:data1\" content=\"3\u00a0Minuten\" \/>\n<script type=\"application\/ld+json\" class=\"yoast-schema-graph\">{\"@context\":\"https:\\\/\\\/schema.org\",\"@graph\":[{\"@type\":\"WebPage\",\"@id\":\"https:\\\/\\\/bluecirclecapital.ch\\\/de\\\/philosophie\\\/\",\"url\":\"https:\\\/\\\/bluecirclecapital.ch\\\/de\\\/philosophie\\\/\",\"name\":\"Philosophie - Blue Circle Capital\",\"isPartOf\":{\"@id\":\"https:\\\/\\\/bluecirclecapital.ch\\\/de\\\/#website\"},\"datePublished\":\"2022-10-17T08:52:00+00:00\",\"dateModified\":\"2023-01-10T12:04:21+00:00\",\"breadcrumb\":{\"@id\":\"https:\\\/\\\/bluecirclecapital.ch\\\/de\\\/philosophie\\\/#breadcrumb\"},\"inLanguage\":\"de\",\"potentialAction\":[{\"@type\":\"ReadAction\",\"target\":[\"https:\\\/\\\/bluecirclecapital.ch\\\/de\\\/philosophie\\\/\"]}]},{\"@type\":\"BreadcrumbList\",\"@id\":\"https:\\\/\\\/bluecirclecapital.ch\\\/de\\\/philosophie\\\/#breadcrumb\",\"itemListElement\":[{\"@type\":\"ListItem\",\"position\":1,\"name\":\"Home\",\"item\":\"https:\\\/\\\/bluecirclecapital.ch\\\/de\\\/\"},{\"@type\":\"ListItem\",\"position\":2,\"name\":\"Philosophie\"}]},{\"@type\":\"WebSite\",\"@id\":\"https:\\\/\\\/bluecirclecapital.ch\\\/de\\\/#website\",\"url\":\"https:\\\/\\\/bluecirclecapital.ch\\\/de\\\/\",\"name\":\"Blue Circle Capital\",\"description\":\"M&amp;A Zurich\",\"publisher\":{\"@id\":\"https:\\\/\\\/bluecirclecapital.ch\\\/de\\\/#organization\"},\"potentialAction\":[{\"@type\":\"SearchAction\",\"target\":{\"@type\":\"EntryPoint\",\"urlTemplate\":\"https:\\\/\\\/bluecirclecapital.ch\\\/de\\\/?s={search_term_string}\"},\"query-input\":{\"@type\":\"PropertyValueSpecification\",\"valueRequired\":true,\"valueName\":\"search_term_string\"}}],\"inLanguage\":\"de\"},{\"@type\":\"Organization\",\"@id\":\"https:\\\/\\\/bluecirclecapital.ch\\\/de\\\/#organization\",\"name\":\"Blue Circle Capital\",\"url\":\"https:\\\/\\\/bluecirclecapital.ch\\\/de\\\/\",\"logo\":{\"@type\":\"ImageObject\",\"inLanguage\":\"de\",\"@id\":\"https:\\\/\\\/bluecirclecapital.ch\\\/de\\\/#\\\/schema\\\/logo\\\/image\\\/\",\"url\":\"https:\\\/\\\/bluecirclecapital.ch\\\/wp-content\\\/uploads\\\/2022\\\/10\\\/BlueCircle-logo-orizzontale-colore.svg\",\"contentUrl\":\"https:\\\/\\\/bluecirclecapital.ch\\\/wp-content\\\/uploads\\\/2022\\\/10\\\/BlueCircle-logo-orizzontale-colore.svg\",\"width\":\"1024\",\"height\":\"1024\",\"caption\":\"Blue Circle Capital\"},\"image\":{\"@id\":\"https:\\\/\\\/bluecirclecapital.ch\\\/de\\\/#\\\/schema\\\/logo\\\/image\\\/\"}}]}<\/script>\n<!-- \/ Yoast SEO plugin. -->","yoast_head_json":{"title":"Philosophie - Blue Circle Capital","robots":{"index":"index","follow":"follow","max-snippet":"max-snippet:-1","max-image-preview":"max-image-preview:large","max-video-preview":"max-video-preview:-1"},"canonical":"https:\/\/bluecirclecapital.ch\/de\/philosophie\/","og_locale":"de_DE","og_type":"article","og_title":"Philosophie - Blue Circle Capital","og_description":"PhilosophieWir h\u00f6ren unseren Kunden genau zu, um ihre Erwartungen zu verstehen, haben ihre zuk\u00fcnftigen Anforderungen im Blick und bieten flexible, erstklassige L\u00f6sungen in einem oft komplexen Marktumfeld. Basis f\u00fcr unseren Erfolg sind kreative Denkans\u00e4tze, die nicht an traditionelle Konzepte gebunden sind, sowie die Kombination rein analytischer Logik mit weichen Faktoren. Besonders gern f\u00fchren wir propriet\u00e4re [&hellip;]","og_url":"https:\/\/bluecirclecapital.ch\/de\/philosophie\/","og_site_name":"Blue Circle Capital","article_modified_time":"2023-01-10T12:04:21+00:00","twitter_card":"summary_large_image","twitter_misc":{"Gesch\u00e4tzte Lesezeit":"3\u00a0Minuten"},"schema":{"@context":"https:\/\/schema.org","@graph":[{"@type":"WebPage","@id":"https:\/\/bluecirclecapital.ch\/de\/philosophie\/","url":"https:\/\/bluecirclecapital.ch\/de\/philosophie\/","name":"Philosophie - Blue Circle Capital","isPartOf":{"@id":"https:\/\/bluecirclecapital.ch\/de\/#website"},"datePublished":"2022-10-17T08:52:00+00:00","dateModified":"2023-01-10T12:04:21+00:00","breadcrumb":{"@id":"https:\/\/bluecirclecapital.ch\/de\/philosophie\/#breadcrumb"},"inLanguage":"de","potentialAction":[{"@type":"ReadAction","target":["https:\/\/bluecirclecapital.ch\/de\/philosophie\/"]}]},{"@type":"BreadcrumbList","@id":"https:\/\/bluecirclecapital.ch\/de\/philosophie\/#breadcrumb","itemListElement":[{"@type":"ListItem","position":1,"name":"Home","item":"https:\/\/bluecirclecapital.ch\/de\/"},{"@type":"ListItem","position":2,"name":"Philosophie"}]},{"@type":"WebSite","@id":"https:\/\/bluecirclecapital.ch\/de\/#website","url":"https:\/\/bluecirclecapital.ch\/de\/","name":"Blue Circle Capital","description":"M&amp;A Zurich","publisher":{"@id":"https:\/\/bluecirclecapital.ch\/de\/#organization"},"potentialAction":[{"@type":"SearchAction","target":{"@type":"EntryPoint","urlTemplate":"https:\/\/bluecirclecapital.ch\/de\/?s={search_term_string}"},"query-input":{"@type":"PropertyValueSpecification","valueRequired":true,"valueName":"search_term_string"}}],"inLanguage":"de"},{"@type":"Organization","@id":"https:\/\/bluecirclecapital.ch\/de\/#organization","name":"Blue Circle Capital","url":"https:\/\/bluecirclecapital.ch\/de\/","logo":{"@type":"ImageObject","inLanguage":"de","@id":"https:\/\/bluecirclecapital.ch\/de\/#\/schema\/logo\/image\/","url":"https:\/\/bluecirclecapital.ch\/wp-content\/uploads\/2022\/10\/BlueCircle-logo-orizzontale-colore.svg","contentUrl":"https:\/\/bluecirclecapital.ch\/wp-content\/uploads\/2022\/10\/BlueCircle-logo-orizzontale-colore.svg","width":"1024","height":"1024","caption":"Blue Circle Capital"},"image":{"@id":"https:\/\/bluecirclecapital.ch\/de\/#\/schema\/logo\/image\/"}}]}},"_links":{"self":[{"href":"https:\/\/bluecirclecapital.ch\/de\/wp-json\/wp\/v2\/pages\/1361","targetHints":{"allow":["GET"]}}],"collection":[{"href":"https:\/\/bluecirclecapital.ch\/de\/wp-json\/wp\/v2\/pages"}],"about":[{"href":"https:\/\/bluecirclecapital.ch\/de\/wp-json\/wp\/v2\/types\/page"}],"author":[{"embeddable":true,"href":"https:\/\/bluecirclecapital.ch\/de\/wp-json\/wp\/v2\/users\/6"}],"replies":[{"embeddable":true,"href":"https:\/\/bluecirclecapital.ch\/de\/wp-json\/wp\/v2\/comments?post=1361"}],"version-history":[{"count":4,"href":"https:\/\/bluecirclecapital.ch\/de\/wp-json\/wp\/v2\/pages\/1361\/revisions"}],"predecessor-version":[{"id":1593,"href":"https:\/\/bluecirclecapital.ch\/de\/wp-json\/wp\/v2\/pages\/1361\/revisions\/1593"}],"wp:attachment":[{"href":"https:\/\/bluecirclecapital.ch\/de\/wp-json\/wp\/v2\/media?parent=1361"}],"curies":[{"name":"wp","href":"https:\/\/api.w.org\/{rel}","templated":true}]}}