{"id":1370,"date":"2022-10-27T13:46:55","date_gmt":"2022-10-27T11:46:55","guid":{"rendered":"https:\/\/bluecirclecapital.ch\/dienstleistungen\/ma-sell-side\/"},"modified":"2023-01-10T14:16:26","modified_gmt":"2023-01-10T13:16:26","slug":"ma-sell-side","status":"publish","type":"page","link":"https:\/\/bluecirclecapital.ch\/de\/dienstleistungen\/ma-sell-side\/","title":{"rendered":"M&amp;A Sell-Side"},"content":{"rendered":"<h4 class=\"p1\"><em><strong><span class=\"s1\">\u201eWir begleiten Unternehmer bei ihrer wichtigsten Entscheidung.\u201c<\/span><\/strong><\/em><\/h4>\n<p class=\"p1\">Die gr\u00f6\u00dfte Leidenschaft von Unternehmern ist die Gr\u00fcndung erfolgreicher Unternehmen. Im entscheidenden Augenblick stehen wir ihnen zur Seite und helfen ihnen, das richtige Kapital und den richtigen strategischen Partner zu finden.<\/p>\n<p class=\"p1\">Auf der Sell Side ist die h\u00e4ufigste und schwierigste Aufgabe die Sicherung der Unternehmensnachfolge, beispielsweise, wenn Unternehmer ihr Lebenswerk an die n\u00e4chste Generation oder in neue H\u00e4nde \u00fcbergeben m\u00fcssen. Dies ist h\u00e4ufig mit vielen Emotionen verbunden. Bei der Festlegung der besten \u00dcbergangsstrategie agiert Blue Circle Capital als Coach und Sparringspartner des Unternehmers und beweist dabei das richtige Ma\u00df an Fingerspitzengef\u00fchl.<\/p>\n<p class=\"p1\">Als M&amp;A-Berater finden wir L\u00f6sungen f\u00fcr Probleme und behalten selbst bei sehr komplexen Transaktionen den \u00dcberblick. Wir sorgen daf\u00fcr, dass dieser Prozess f\u00fcr Sie entspannt verl\u00e4uft, und tragen zu einem erfolgreichen Abschluss bei.<\/p>\n","protected":false},"excerpt":{"rendered":"<p>\u201eWir begleiten Unternehmer bei ihrer wichtigsten Entscheidung.\u201c Die gr\u00f6\u00dfte Leidenschaft von Unternehmern ist die Gr\u00fcndung erfolgreicher Unternehmen. Im entscheidenden Augenblick stehen wir ihnen zur Seite und helfen ihnen, das richtige Kapital und den richtigen strategischen Partner zu finden. Auf der Sell Side ist die h\u00e4ufigste und schwierigste Aufgabe die Sicherung der Unternehmensnachfolge, beispielsweise, wenn Unternehmer [&hellip;]<\/p>\n","protected":false},"author":6,"featured_media":1146,"parent":1364,"menu_order":0,"comment_status":"closed","ping_status":"closed","template":"","meta":{"_et_pb_use_builder":"off","_et_pb_old_content":"<h4 class=\"p1\"><em><strong><span class=\"s1\">\u201eWir begleiten Unternehmer bei ihrer wichtigsten Entscheidung.\u201c<\/span><\/strong><\/em><\/h4>\r\n<p class=\"p1\">Die gr\u00f6\u00dfte Leidenschaft von Unternehmern ist die Gr\u00fcndung erfolgreicher Unternehmen. Im entscheidenden Augenblick stehen wir ihnen zur Seite und helfen ihnen, das richtige Kapital und den richtigen strategischen Partner zu finden.<\/p>\r\n<p class=\"p1\">Auf der Sell Side ist die h\u00e4ufigste und schwierigste Aufgabe die Sicherung der Unternehmensnachfolge, beispielsweise, wenn Unternehmer ihr Lebenswerk an die n\u00e4chste Generation oder in neue H\u00e4nde \u00fcbergeben m\u00fcssen. Dies ist h\u00e4ufig mit vielen Emotionen verbunden. Bei der Festlegung der besten \u00dcbergangsstrategie agiert Blue Circle Capital als Coach und Sparringspartner des Unternehmers und beweist dabei ein hohes Ma\u00df an Fingerspitzengef\u00fchl.<\/p>\r\n<p class=\"p1\">Als M&A-Berater finden wir L\u00f6sungen f\u00fcr Probleme und behalten selbst bei sehr komplexen Transaktionen den \u00dcberblick. Wir sorgen daf\u00fcr, dass dieser Prozess f\u00fcr Sie entspannt verl\u00e4uft, und tragen zu einem erfolgreichen Abschluss bei.<\/p>","_et_gb_content_width":"","inline_featured_image":false,"footnotes":""},"class_list":["post-1370","page","type-page","status-publish","has-post-thumbnail","hentry"],"yoast_head":"<!-- This site is optimized with the Yoast SEO plugin v27.4 - https:\/\/yoast.com\/product\/yoast-seo-wordpress\/ -->\n<title>M&amp;A Sell-Side - Blue Circle Capital<\/title>\n<meta name=\"robots\" content=\"index, follow, max-snippet:-1, max-image-preview:large, max-video-preview:-1\" \/>\n<link rel=\"canonical\" href=\"https:\/\/bluecirclecapital.ch\/de\/dienstleistungen\/ma-sell-side\/\" \/>\n<meta property=\"og:locale\" content=\"de_DE\" \/>\n<meta property=\"og:type\" content=\"article\" \/>\n<meta property=\"og:title\" content=\"M&amp;A Sell-Side - Blue Circle Capital\" \/>\n<meta property=\"og:description\" content=\"\u201eWir begleiten Unternehmer bei ihrer wichtigsten Entscheidung.\u201c Die gr\u00f6\u00dfte Leidenschaft von Unternehmern ist die Gr\u00fcndung erfolgreicher Unternehmen. Im entscheidenden Augenblick stehen wir ihnen zur Seite und helfen ihnen, das richtige Kapital und den richtigen strategischen Partner zu finden. Auf der Sell Side ist die h\u00e4ufigste und schwierigste Aufgabe die Sicherung der Unternehmensnachfolge, beispielsweise, wenn Unternehmer [&hellip;]\" \/>\n<meta property=\"og:url\" content=\"https:\/\/bluecirclecapital.ch\/de\/dienstleistungen\/ma-sell-side\/\" \/>\n<meta property=\"og:site_name\" content=\"Blue Circle Capital\" \/>\n<meta property=\"article:modified_time\" content=\"2023-01-10T13:16:26+00:00\" \/>\n<meta property=\"og:image\" content=\"https:\/\/bluecirclecapital.ch\/wp-content\/uploads\/2022\/10\/servizio-sell-side2.png\" \/>\n\t<meta property=\"og:image:width\" content=\"983\" \/>\n\t<meta property=\"og:image:height\" content=\"872\" \/>\n\t<meta property=\"og:image:type\" content=\"image\/png\" \/>\n<meta name=\"twitter:card\" content=\"summary_large_image\" \/>\n<meta name=\"twitter:label1\" content=\"Gesch\u00e4tzte Lesezeit\" \/>\n\t<meta name=\"twitter:data1\" content=\"1\u00a0Minute\" \/>\n<script type=\"application\/ld+json\" class=\"yoast-schema-graph\">{\"@context\":\"https:\\\/\\\/schema.org\",\"@graph\":[{\"@type\":\"WebPage\",\"@id\":\"https:\\\/\\\/bluecirclecapital.ch\\\/de\\\/dienstleistungen\\\/ma-sell-side\\\/\",\"url\":\"https:\\\/\\\/bluecirclecapital.ch\\\/de\\\/dienstleistungen\\\/ma-sell-side\\\/\",\"name\":\"M&amp;A Sell-Side - Blue Circle Capital\",\"isPartOf\":{\"@id\":\"https:\\\/\\\/bluecirclecapital.ch\\\/de\\\/#website\"},\"primaryImageOfPage\":{\"@id\":\"https:\\\/\\\/bluecirclecapital.ch\\\/de\\\/dienstleistungen\\\/ma-sell-side\\\/#primaryimage\"},\"image\":{\"@id\":\"https:\\\/\\\/bluecirclecapital.ch\\\/de\\\/dienstleistungen\\\/ma-sell-side\\\/#primaryimage\"},\"thumbnailUrl\":\"https:\\\/\\\/bluecirclecapital.ch\\\/wp-content\\\/uploads\\\/2022\\\/10\\\/servizio-sell-side2.png\",\"datePublished\":\"2022-10-27T11:46:55+00:00\",\"dateModified\":\"2023-01-10T13:16:26+00:00\",\"breadcrumb\":{\"@id\":\"https:\\\/\\\/bluecirclecapital.ch\\\/de\\\/dienstleistungen\\\/ma-sell-side\\\/#breadcrumb\"},\"inLanguage\":\"de\",\"potentialAction\":[{\"@type\":\"ReadAction\",\"target\":[\"https:\\\/\\\/bluecirclecapital.ch\\\/de\\\/dienstleistungen\\\/ma-sell-side\\\/\"]}]},{\"@type\":\"ImageObject\",\"inLanguage\":\"de\",\"@id\":\"https:\\\/\\\/bluecirclecapital.ch\\\/de\\\/dienstleistungen\\\/ma-sell-side\\\/#primaryimage\",\"url\":\"https:\\\/\\\/bluecirclecapital.ch\\\/wp-content\\\/uploads\\\/2022\\\/10\\\/servizio-sell-side2.png\",\"contentUrl\":\"https:\\\/\\\/bluecirclecapital.ch\\\/wp-content\\\/uploads\\\/2022\\\/10\\\/servizio-sell-side2.png\",\"width\":983,\"height\":872},{\"@type\":\"BreadcrumbList\",\"@id\":\"https:\\\/\\\/bluecirclecapital.ch\\\/de\\\/dienstleistungen\\\/ma-sell-side\\\/#breadcrumb\",\"itemListElement\":[{\"@type\":\"ListItem\",\"position\":1,\"name\":\"Home\",\"item\":\"https:\\\/\\\/bluecirclecapital.ch\\\/de\\\/\"},{\"@type\":\"ListItem\",\"position\":2,\"name\":\"Dienstleistungen\",\"item\":\"https:\\\/\\\/bluecirclecapital.ch\\\/de\\\/dienstleistungen\\\/\"},{\"@type\":\"ListItem\",\"position\":3,\"name\":\"M&amp;A Sell-Side\"}]},{\"@type\":\"WebSite\",\"@id\":\"https:\\\/\\\/bluecirclecapital.ch\\\/de\\\/#website\",\"url\":\"https:\\\/\\\/bluecirclecapital.ch\\\/de\\\/\",\"name\":\"Blue Circle Capital\",\"description\":\"M&amp;A Zurich\",\"publisher\":{\"@id\":\"https:\\\/\\\/bluecirclecapital.ch\\\/de\\\/#organization\"},\"potentialAction\":[{\"@type\":\"SearchAction\",\"target\":{\"@type\":\"EntryPoint\",\"urlTemplate\":\"https:\\\/\\\/bluecirclecapital.ch\\\/de\\\/?s={search_term_string}\"},\"query-input\":{\"@type\":\"PropertyValueSpecification\",\"valueRequired\":true,\"valueName\":\"search_term_string\"}}],\"inLanguage\":\"de\"},{\"@type\":\"Organization\",\"@id\":\"https:\\\/\\\/bluecirclecapital.ch\\\/de\\\/#organization\",\"name\":\"Blue Circle Capital\",\"url\":\"https:\\\/\\\/bluecirclecapital.ch\\\/de\\\/\",\"logo\":{\"@type\":\"ImageObject\",\"inLanguage\":\"de\",\"@id\":\"https:\\\/\\\/bluecirclecapital.ch\\\/de\\\/#\\\/schema\\\/logo\\\/image\\\/\",\"url\":\"https:\\\/\\\/bluecirclecapital.ch\\\/wp-content\\\/uploads\\\/2022\\\/10\\\/BlueCircle-logo-orizzontale-colore.svg\",\"contentUrl\":\"https:\\\/\\\/bluecirclecapital.ch\\\/wp-content\\\/uploads\\\/2022\\\/10\\\/BlueCircle-logo-orizzontale-colore.svg\",\"width\":\"1024\",\"height\":\"1024\",\"caption\":\"Blue Circle Capital\"},\"image\":{\"@id\":\"https:\\\/\\\/bluecirclecapital.ch\\\/de\\\/#\\\/schema\\\/logo\\\/image\\\/\"}}]}<\/script>\n<!-- \/ Yoast SEO plugin. -->","yoast_head_json":{"title":"M&amp;A Sell-Side - Blue Circle Capital","robots":{"index":"index","follow":"follow","max-snippet":"max-snippet:-1","max-image-preview":"max-image-preview:large","max-video-preview":"max-video-preview:-1"},"canonical":"https:\/\/bluecirclecapital.ch\/de\/dienstleistungen\/ma-sell-side\/","og_locale":"de_DE","og_type":"article","og_title":"M&amp;A Sell-Side - Blue Circle Capital","og_description":"\u201eWir begleiten Unternehmer bei ihrer wichtigsten Entscheidung.\u201c Die gr\u00f6\u00dfte Leidenschaft von Unternehmern ist die Gr\u00fcndung erfolgreicher Unternehmen. Im entscheidenden Augenblick stehen wir ihnen zur Seite und helfen ihnen, das richtige Kapital und den richtigen strategischen Partner zu finden. Auf der Sell Side ist die h\u00e4ufigste und schwierigste Aufgabe die Sicherung der Unternehmensnachfolge, beispielsweise, wenn Unternehmer [&hellip;]","og_url":"https:\/\/bluecirclecapital.ch\/de\/dienstleistungen\/ma-sell-side\/","og_site_name":"Blue Circle Capital","article_modified_time":"2023-01-10T13:16:26+00:00","og_image":[{"width":983,"height":872,"url":"https:\/\/bluecirclecapital.ch\/wp-content\/uploads\/2022\/10\/servizio-sell-side2.png","type":"image\/png"}],"twitter_card":"summary_large_image","twitter_misc":{"Gesch\u00e4tzte Lesezeit":"1\u00a0Minute"},"schema":{"@context":"https:\/\/schema.org","@graph":[{"@type":"WebPage","@id":"https:\/\/bluecirclecapital.ch\/de\/dienstleistungen\/ma-sell-side\/","url":"https:\/\/bluecirclecapital.ch\/de\/dienstleistungen\/ma-sell-side\/","name":"M&amp;A Sell-Side - Blue Circle Capital","isPartOf":{"@id":"https:\/\/bluecirclecapital.ch\/de\/#website"},"primaryImageOfPage":{"@id":"https:\/\/bluecirclecapital.ch\/de\/dienstleistungen\/ma-sell-side\/#primaryimage"},"image":{"@id":"https:\/\/bluecirclecapital.ch\/de\/dienstleistungen\/ma-sell-side\/#primaryimage"},"thumbnailUrl":"https:\/\/bluecirclecapital.ch\/wp-content\/uploads\/2022\/10\/servizio-sell-side2.png","datePublished":"2022-10-27T11:46:55+00:00","dateModified":"2023-01-10T13:16:26+00:00","breadcrumb":{"@id":"https:\/\/bluecirclecapital.ch\/de\/dienstleistungen\/ma-sell-side\/#breadcrumb"},"inLanguage":"de","potentialAction":[{"@type":"ReadAction","target":["https:\/\/bluecirclecapital.ch\/de\/dienstleistungen\/ma-sell-side\/"]}]},{"@type":"ImageObject","inLanguage":"de","@id":"https:\/\/bluecirclecapital.ch\/de\/dienstleistungen\/ma-sell-side\/#primaryimage","url":"https:\/\/bluecirclecapital.ch\/wp-content\/uploads\/2022\/10\/servizio-sell-side2.png","contentUrl":"https:\/\/bluecirclecapital.ch\/wp-content\/uploads\/2022\/10\/servizio-sell-side2.png","width":983,"height":872},{"@type":"BreadcrumbList","@id":"https:\/\/bluecirclecapital.ch\/de\/dienstleistungen\/ma-sell-side\/#breadcrumb","itemListElement":[{"@type":"ListItem","position":1,"name":"Home","item":"https:\/\/bluecirclecapital.ch\/de\/"},{"@type":"ListItem","position":2,"name":"Dienstleistungen","item":"https:\/\/bluecirclecapital.ch\/de\/dienstleistungen\/"},{"@type":"ListItem","position":3,"name":"M&amp;A Sell-Side"}]},{"@type":"WebSite","@id":"https:\/\/bluecirclecapital.ch\/de\/#website","url":"https:\/\/bluecirclecapital.ch\/de\/","name":"Blue Circle Capital","description":"M&amp;A Zurich","publisher":{"@id":"https:\/\/bluecirclecapital.ch\/de\/#organization"},"potentialAction":[{"@type":"SearchAction","target":{"@type":"EntryPoint","urlTemplate":"https:\/\/bluecirclecapital.ch\/de\/?s={search_term_string}"},"query-input":{"@type":"PropertyValueSpecification","valueRequired":true,"valueName":"search_term_string"}}],"inLanguage":"de"},{"@type":"Organization","@id":"https:\/\/bluecirclecapital.ch\/de\/#organization","name":"Blue Circle Capital","url":"https:\/\/bluecirclecapital.ch\/de\/","logo":{"@type":"ImageObject","inLanguage":"de","@id":"https:\/\/bluecirclecapital.ch\/de\/#\/schema\/logo\/image\/","url":"https:\/\/bluecirclecapital.ch\/wp-content\/uploads\/2022\/10\/BlueCircle-logo-orizzontale-colore.svg","contentUrl":"https:\/\/bluecirclecapital.ch\/wp-content\/uploads\/2022\/10\/BlueCircle-logo-orizzontale-colore.svg","width":"1024","height":"1024","caption":"Blue Circle Capital"},"image":{"@id":"https:\/\/bluecirclecapital.ch\/de\/#\/schema\/logo\/image\/"}}]}},"_links":{"self":[{"href":"https:\/\/bluecirclecapital.ch\/de\/wp-json\/wp\/v2\/pages\/1370","targetHints":{"allow":["GET"]}}],"collection":[{"href":"https:\/\/bluecirclecapital.ch\/de\/wp-json\/wp\/v2\/pages"}],"about":[{"href":"https:\/\/bluecirclecapital.ch\/de\/wp-json\/wp\/v2\/types\/page"}],"author":[{"embeddable":true,"href":"https:\/\/bluecirclecapital.ch\/de\/wp-json\/wp\/v2\/users\/6"}],"replies":[{"embeddable":true,"href":"https:\/\/bluecirclecapital.ch\/de\/wp-json\/wp\/v2\/comments?post=1370"}],"version-history":[{"count":8,"href":"https:\/\/bluecirclecapital.ch\/de\/wp-json\/wp\/v2\/pages\/1370\/revisions"}],"predecessor-version":[{"id":1603,"href":"https:\/\/bluecirclecapital.ch\/de\/wp-json\/wp\/v2\/pages\/1370\/revisions\/1603"}],"up":[{"embeddable":true,"href":"https:\/\/bluecirclecapital.ch\/de\/wp-json\/wp\/v2\/pages\/1364"}],"wp:featuredmedia":[{"embeddable":true,"href":"https:\/\/bluecirclecapital.ch\/de\/wp-json\/wp\/v2\/media\/1146"}],"wp:attachment":[{"href":"https:\/\/bluecirclecapital.ch\/de\/wp-json\/wp\/v2\/media?parent=1370"}],"curies":[{"name":"wp","href":"https:\/\/api.w.org\/{rel}","templated":true}]}}