{"id":1372,"date":"2022-10-27T14:07:12","date_gmt":"2022-10-27T12:07:12","guid":{"rendered":"https:\/\/bluecirclecapital.ch\/dienstleistungen\/ma-buy-side\/"},"modified":"2023-01-10T14:17:42","modified_gmt":"2023-01-10T13:17:42","slug":"ma-buy-side","status":"publish","type":"page","link":"https:\/\/bluecirclecapital.ch\/de\/dienstleistungen\/ma-buy-side\/","title":{"rendered":"M&amp;A Buy-Side"},"content":{"rendered":"<h4><em><strong><span class=\"s1\">\u201eUm die perfekte L\u00f6sung zu finden und au\u00dfergew\u00f6hnlichen Wert zu schaffen, ist Geduld notwendig.\u201c<\/span><\/strong><\/em><\/h4>\n<p>&nbsp;<\/p>\n<p>Die \u00dcbernahme des richtigen Unternehmens legt eine gute Grundlage f\u00fcr schnelles Wachstum und den Erfolg eines Unternehmens in der Zukunft. Dank unserer Pr\u00e4senz in Europa in Kombination mit unseren Wurzeln vor Ort verstehen wir die sich wandelnden Trends und k\u00f6nnen Ihnen so eine Vielzahl von M\u00f6glichkeiten aufzeigen, um in neue M\u00e4rkte zu expandieren und die Konkurrenz zu \u00fcbertreffen.<\/p>\n","protected":false},"excerpt":{"rendered":"<p>\u201eUm die perfekte L\u00f6sung zu finden und au\u00dfergew\u00f6hnlichen Wert zu schaffen, ist Geduld notwendig.\u201c &nbsp; Die \u00dcbernahme des richtigen Unternehmens legt eine gute Grundlage f\u00fcr schnelles Wachstum und den Erfolg eines Unternehmens in der Zukunft. Dank unserer Pr\u00e4senz in Europa in Kombination mit unseren Wurzeln vor Ort verstehen wir die sich wandelnden Trends und k\u00f6nnen [&hellip;]<\/p>\n","protected":false},"author":6,"featured_media":1141,"parent":1364,"menu_order":5,"comment_status":"closed","ping_status":"closed","template":"","meta":{"_et_pb_use_builder":"","_et_pb_old_content":"","_et_gb_content_width":"","inline_featured_image":false,"footnotes":""},"class_list":["post-1372","page","type-page","status-publish","has-post-thumbnail","hentry"],"yoast_head":"<!-- This site is optimized with the Yoast SEO plugin v27.4 - https:\/\/yoast.com\/product\/yoast-seo-wordpress\/ -->\n<title>M&amp;A Buy-Side - Blue Circle Capital<\/title>\n<meta name=\"robots\" content=\"index, follow, max-snippet:-1, max-image-preview:large, max-video-preview:-1\" \/>\n<link rel=\"canonical\" href=\"https:\/\/bluecirclecapital.ch\/de\/dienstleistungen\/ma-buy-side\/\" \/>\n<meta property=\"og:locale\" content=\"de_DE\" \/>\n<meta property=\"og:type\" content=\"article\" \/>\n<meta property=\"og:title\" content=\"M&amp;A Buy-Side - Blue Circle Capital\" \/>\n<meta property=\"og:description\" content=\"\u201eUm die perfekte L\u00f6sung zu finden und au\u00dfergew\u00f6hnlichen Wert zu schaffen, ist Geduld notwendig.\u201c &nbsp; Die \u00dcbernahme des richtigen Unternehmens legt eine gute Grundlage f\u00fcr schnelles Wachstum und den Erfolg eines Unternehmens in der Zukunft. Dank unserer Pr\u00e4senz in Europa in Kombination mit unseren Wurzeln vor Ort verstehen wir die sich wandelnden Trends und k\u00f6nnen [&hellip;]\" \/>\n<meta property=\"og:url\" content=\"https:\/\/bluecirclecapital.ch\/de\/dienstleistungen\/ma-buy-side\/\" \/>\n<meta property=\"og:site_name\" content=\"Blue Circle Capital\" \/>\n<meta property=\"article:modified_time\" content=\"2023-01-10T13:17:42+00:00\" \/>\n<meta property=\"og:image\" content=\"https:\/\/bluecirclecapital.ch\/wp-content\/uploads\/2022\/10\/servizio-buy-side2.png\" \/>\n\t<meta property=\"og:image:width\" content=\"983\" \/>\n\t<meta property=\"og:image:height\" content=\"872\" \/>\n\t<meta property=\"og:image:type\" content=\"image\/png\" \/>\n<meta name=\"twitter:card\" content=\"summary_large_image\" \/>\n<meta name=\"twitter:label1\" content=\"Gesch\u00e4tzte Lesezeit\" \/>\n\t<meta name=\"twitter:data1\" content=\"1\u00a0Minute\" \/>\n<script type=\"application\/ld+json\" class=\"yoast-schema-graph\">{\"@context\":\"https:\\\/\\\/schema.org\",\"@graph\":[{\"@type\":\"WebPage\",\"@id\":\"https:\\\/\\\/bluecirclecapital.ch\\\/de\\\/dienstleistungen\\\/ma-buy-side\\\/\",\"url\":\"https:\\\/\\\/bluecirclecapital.ch\\\/de\\\/dienstleistungen\\\/ma-buy-side\\\/\",\"name\":\"M&amp;A Buy-Side - Blue Circle Capital\",\"isPartOf\":{\"@id\":\"https:\\\/\\\/bluecirclecapital.ch\\\/de\\\/#website\"},\"primaryImageOfPage\":{\"@id\":\"https:\\\/\\\/bluecirclecapital.ch\\\/de\\\/dienstleistungen\\\/ma-buy-side\\\/#primaryimage\"},\"image\":{\"@id\":\"https:\\\/\\\/bluecirclecapital.ch\\\/de\\\/dienstleistungen\\\/ma-buy-side\\\/#primaryimage\"},\"thumbnailUrl\":\"https:\\\/\\\/bluecirclecapital.ch\\\/wp-content\\\/uploads\\\/2022\\\/10\\\/servizio-buy-side2.png\",\"datePublished\":\"2022-10-27T12:07:12+00:00\",\"dateModified\":\"2023-01-10T13:17:42+00:00\",\"breadcrumb\":{\"@id\":\"https:\\\/\\\/bluecirclecapital.ch\\\/de\\\/dienstleistungen\\\/ma-buy-side\\\/#breadcrumb\"},\"inLanguage\":\"de\",\"potentialAction\":[{\"@type\":\"ReadAction\",\"target\":[\"https:\\\/\\\/bluecirclecapital.ch\\\/de\\\/dienstleistungen\\\/ma-buy-side\\\/\"]}]},{\"@type\":\"ImageObject\",\"inLanguage\":\"de\",\"@id\":\"https:\\\/\\\/bluecirclecapital.ch\\\/de\\\/dienstleistungen\\\/ma-buy-side\\\/#primaryimage\",\"url\":\"https:\\\/\\\/bluecirclecapital.ch\\\/wp-content\\\/uploads\\\/2022\\\/10\\\/servizio-buy-side2.png\",\"contentUrl\":\"https:\\\/\\\/bluecirclecapital.ch\\\/wp-content\\\/uploads\\\/2022\\\/10\\\/servizio-buy-side2.png\",\"width\":983,\"height\":872},{\"@type\":\"BreadcrumbList\",\"@id\":\"https:\\\/\\\/bluecirclecapital.ch\\\/de\\\/dienstleistungen\\\/ma-buy-side\\\/#breadcrumb\",\"itemListElement\":[{\"@type\":\"ListItem\",\"position\":1,\"name\":\"Home\",\"item\":\"https:\\\/\\\/bluecirclecapital.ch\\\/de\\\/\"},{\"@type\":\"ListItem\",\"position\":2,\"name\":\"Dienstleistungen\",\"item\":\"https:\\\/\\\/bluecirclecapital.ch\\\/de\\\/dienstleistungen\\\/\"},{\"@type\":\"ListItem\",\"position\":3,\"name\":\"M&amp;A Buy-Side\"}]},{\"@type\":\"WebSite\",\"@id\":\"https:\\\/\\\/bluecirclecapital.ch\\\/de\\\/#website\",\"url\":\"https:\\\/\\\/bluecirclecapital.ch\\\/de\\\/\",\"name\":\"Blue Circle Capital\",\"description\":\"M&amp;A Zurich\",\"publisher\":{\"@id\":\"https:\\\/\\\/bluecirclecapital.ch\\\/de\\\/#organization\"},\"potentialAction\":[{\"@type\":\"SearchAction\",\"target\":{\"@type\":\"EntryPoint\",\"urlTemplate\":\"https:\\\/\\\/bluecirclecapital.ch\\\/de\\\/?s={search_term_string}\"},\"query-input\":{\"@type\":\"PropertyValueSpecification\",\"valueRequired\":true,\"valueName\":\"search_term_string\"}}],\"inLanguage\":\"de\"},{\"@type\":\"Organization\",\"@id\":\"https:\\\/\\\/bluecirclecapital.ch\\\/de\\\/#organization\",\"name\":\"Blue Circle Capital\",\"url\":\"https:\\\/\\\/bluecirclecapital.ch\\\/de\\\/\",\"logo\":{\"@type\":\"ImageObject\",\"inLanguage\":\"de\",\"@id\":\"https:\\\/\\\/bluecirclecapital.ch\\\/de\\\/#\\\/schema\\\/logo\\\/image\\\/\",\"url\":\"https:\\\/\\\/bluecirclecapital.ch\\\/wp-content\\\/uploads\\\/2022\\\/10\\\/BlueCircle-logo-orizzontale-colore.svg\",\"contentUrl\":\"https:\\\/\\\/bluecirclecapital.ch\\\/wp-content\\\/uploads\\\/2022\\\/10\\\/BlueCircle-logo-orizzontale-colore.svg\",\"width\":\"1024\",\"height\":\"1024\",\"caption\":\"Blue Circle Capital\"},\"image\":{\"@id\":\"https:\\\/\\\/bluecirclecapital.ch\\\/de\\\/#\\\/schema\\\/logo\\\/image\\\/\"}}]}<\/script>\n<!-- \/ Yoast SEO plugin. -->","yoast_head_json":{"title":"M&amp;A Buy-Side - Blue Circle Capital","robots":{"index":"index","follow":"follow","max-snippet":"max-snippet:-1","max-image-preview":"max-image-preview:large","max-video-preview":"max-video-preview:-1"},"canonical":"https:\/\/bluecirclecapital.ch\/de\/dienstleistungen\/ma-buy-side\/","og_locale":"de_DE","og_type":"article","og_title":"M&amp;A Buy-Side - Blue Circle Capital","og_description":"\u201eUm die perfekte L\u00f6sung zu finden und au\u00dfergew\u00f6hnlichen Wert zu schaffen, ist Geduld notwendig.\u201c &nbsp; Die \u00dcbernahme des richtigen Unternehmens legt eine gute Grundlage f\u00fcr schnelles Wachstum und den Erfolg eines Unternehmens in der Zukunft. Dank unserer Pr\u00e4senz in Europa in Kombination mit unseren Wurzeln vor Ort verstehen wir die sich wandelnden Trends und k\u00f6nnen [&hellip;]","og_url":"https:\/\/bluecirclecapital.ch\/de\/dienstleistungen\/ma-buy-side\/","og_site_name":"Blue Circle Capital","article_modified_time":"2023-01-10T13:17:42+00:00","og_image":[{"width":983,"height":872,"url":"https:\/\/bluecirclecapital.ch\/wp-content\/uploads\/2022\/10\/servizio-buy-side2.png","type":"image\/png"}],"twitter_card":"summary_large_image","twitter_misc":{"Gesch\u00e4tzte Lesezeit":"1\u00a0Minute"},"schema":{"@context":"https:\/\/schema.org","@graph":[{"@type":"WebPage","@id":"https:\/\/bluecirclecapital.ch\/de\/dienstleistungen\/ma-buy-side\/","url":"https:\/\/bluecirclecapital.ch\/de\/dienstleistungen\/ma-buy-side\/","name":"M&amp;A Buy-Side - Blue Circle Capital","isPartOf":{"@id":"https:\/\/bluecirclecapital.ch\/de\/#website"},"primaryImageOfPage":{"@id":"https:\/\/bluecirclecapital.ch\/de\/dienstleistungen\/ma-buy-side\/#primaryimage"},"image":{"@id":"https:\/\/bluecirclecapital.ch\/de\/dienstleistungen\/ma-buy-side\/#primaryimage"},"thumbnailUrl":"https:\/\/bluecirclecapital.ch\/wp-content\/uploads\/2022\/10\/servizio-buy-side2.png","datePublished":"2022-10-27T12:07:12+00:00","dateModified":"2023-01-10T13:17:42+00:00","breadcrumb":{"@id":"https:\/\/bluecirclecapital.ch\/de\/dienstleistungen\/ma-buy-side\/#breadcrumb"},"inLanguage":"de","potentialAction":[{"@type":"ReadAction","target":["https:\/\/bluecirclecapital.ch\/de\/dienstleistungen\/ma-buy-side\/"]}]},{"@type":"ImageObject","inLanguage":"de","@id":"https:\/\/bluecirclecapital.ch\/de\/dienstleistungen\/ma-buy-side\/#primaryimage","url":"https:\/\/bluecirclecapital.ch\/wp-content\/uploads\/2022\/10\/servizio-buy-side2.png","contentUrl":"https:\/\/bluecirclecapital.ch\/wp-content\/uploads\/2022\/10\/servizio-buy-side2.png","width":983,"height":872},{"@type":"BreadcrumbList","@id":"https:\/\/bluecirclecapital.ch\/de\/dienstleistungen\/ma-buy-side\/#breadcrumb","itemListElement":[{"@type":"ListItem","position":1,"name":"Home","item":"https:\/\/bluecirclecapital.ch\/de\/"},{"@type":"ListItem","position":2,"name":"Dienstleistungen","item":"https:\/\/bluecirclecapital.ch\/de\/dienstleistungen\/"},{"@type":"ListItem","position":3,"name":"M&amp;A Buy-Side"}]},{"@type":"WebSite","@id":"https:\/\/bluecirclecapital.ch\/de\/#website","url":"https:\/\/bluecirclecapital.ch\/de\/","name":"Blue Circle Capital","description":"M&amp;A Zurich","publisher":{"@id":"https:\/\/bluecirclecapital.ch\/de\/#organization"},"potentialAction":[{"@type":"SearchAction","target":{"@type":"EntryPoint","urlTemplate":"https:\/\/bluecirclecapital.ch\/de\/?s={search_term_string}"},"query-input":{"@type":"PropertyValueSpecification","valueRequired":true,"valueName":"search_term_string"}}],"inLanguage":"de"},{"@type":"Organization","@id":"https:\/\/bluecirclecapital.ch\/de\/#organization","name":"Blue Circle Capital","url":"https:\/\/bluecirclecapital.ch\/de\/","logo":{"@type":"ImageObject","inLanguage":"de","@id":"https:\/\/bluecirclecapital.ch\/de\/#\/schema\/logo\/image\/","url":"https:\/\/bluecirclecapital.ch\/wp-content\/uploads\/2022\/10\/BlueCircle-logo-orizzontale-colore.svg","contentUrl":"https:\/\/bluecirclecapital.ch\/wp-content\/uploads\/2022\/10\/BlueCircle-logo-orizzontale-colore.svg","width":"1024","height":"1024","caption":"Blue Circle Capital"},"image":{"@id":"https:\/\/bluecirclecapital.ch\/de\/#\/schema\/logo\/image\/"}}]}},"_links":{"self":[{"href":"https:\/\/bluecirclecapital.ch\/de\/wp-json\/wp\/v2\/pages\/1372","targetHints":{"allow":["GET"]}}],"collection":[{"href":"https:\/\/bluecirclecapital.ch\/de\/wp-json\/wp\/v2\/pages"}],"about":[{"href":"https:\/\/bluecirclecapital.ch\/de\/wp-json\/wp\/v2\/types\/page"}],"author":[{"embeddable":true,"href":"https:\/\/bluecirclecapital.ch\/de\/wp-json\/wp\/v2\/users\/6"}],"replies":[{"embeddable":true,"href":"https:\/\/bluecirclecapital.ch\/de\/wp-json\/wp\/v2\/comments?post=1372"}],"version-history":[{"count":2,"href":"https:\/\/bluecirclecapital.ch\/de\/wp-json\/wp\/v2\/pages\/1372\/revisions"}],"predecessor-version":[{"id":1604,"href":"https:\/\/bluecirclecapital.ch\/de\/wp-json\/wp\/v2\/pages\/1372\/revisions\/1604"}],"up":[{"embeddable":true,"href":"https:\/\/bluecirclecapital.ch\/de\/wp-json\/wp\/v2\/pages\/1364"}],"wp:featuredmedia":[{"embeddable":true,"href":"https:\/\/bluecirclecapital.ch\/de\/wp-json\/wp\/v2\/media\/1141"}],"wp:attachment":[{"href":"https:\/\/bluecirclecapital.ch\/de\/wp-json\/wp\/v2\/media?parent=1372"}],"curies":[{"name":"wp","href":"https:\/\/api.w.org\/{rel}","templated":true}]}}