{"id":1373,"date":"2022-10-27T15:17:53","date_gmt":"2022-10-27T13:17:53","guid":{"rendered":"https:\/\/bluecirclecapital.ch\/dienstleistungen\/wachstumskapital\/"},"modified":"2023-01-10T14:19:11","modified_gmt":"2023-01-10T13:19:11","slug":"wachstumskapital","status":"publish","type":"page","link":"https:\/\/bluecirclecapital.ch\/de\/dienstleistungen\/wachstumskapital\/","title":{"rendered":"Wachstumskapital"},"content":{"rendered":"<h4><em><strong><span class=\"s1\">\u201eWir unterst\u00fctzen Sie, wenn es darauf ankommt.\u201c<\/span><\/strong><\/em><\/h4>\n<p>Mit zus\u00e4tzlichen Mitteln k\u00f6nnen Sie das au\u00dfergew\u00f6hnliche Potenzial Ihres Unternehmens in die Realit\u00e4t umsetzen. Durch unsere etablierten Beziehungen zu Investoren helfen wir Ihnen, das richtige Kapital f\u00fcr Ihre Bed\u00fcrfnisse zu beschaffen. Gemeinsam finden wir vertrauensw\u00fcrdige Eigen- und Fremdkapitalpartner, die sich f\u00fcr Ihren Erfolg engagieren.<\/p>\n","protected":false},"excerpt":{"rendered":"<p>\u201eWir unterst\u00fctzen Sie, wenn es darauf ankommt.\u201c Mit zus\u00e4tzlichen Mitteln k\u00f6nnen Sie das au\u00dfergew\u00f6hnliche Potenzial Ihres Unternehmens in die Realit\u00e4t umsetzen. Durch unsere etablierten Beziehungen zu Investoren helfen wir Ihnen, das richtige Kapital f\u00fcr Ihre Bed\u00fcrfnisse zu beschaffen. Gemeinsam finden wir vertrauensw\u00fcrdige Eigen- und Fremdkapitalpartner, die sich f\u00fcr Ihren Erfolg engagieren.<\/p>\n","protected":false},"author":6,"featured_media":1148,"parent":1364,"menu_order":10,"comment_status":"closed","ping_status":"closed","template":"","meta":{"_et_pb_use_builder":"","_et_pb_old_content":"","_et_gb_content_width":"","inline_featured_image":false,"footnotes":""},"class_list":["post-1373","page","type-page","status-publish","has-post-thumbnail","hentry"],"yoast_head":"<!-- This site is optimized with the Yoast SEO plugin v27.4 - https:\/\/yoast.com\/product\/yoast-seo-wordpress\/ -->\n<title>Wachstumskapital - Blue Circle Capital<\/title>\n<meta name=\"robots\" content=\"index, follow, max-snippet:-1, max-image-preview:large, max-video-preview:-1\" \/>\n<link rel=\"canonical\" href=\"https:\/\/bluecirclecapital.ch\/de\/dienstleistungen\/wachstumskapital\/\" \/>\n<meta property=\"og:locale\" content=\"de_DE\" \/>\n<meta property=\"og:type\" content=\"article\" \/>\n<meta property=\"og:title\" content=\"Wachstumskapital - Blue Circle Capital\" \/>\n<meta property=\"og:description\" content=\"\u201eWir unterst\u00fctzen Sie, wenn es darauf ankommt.\u201c Mit zus\u00e4tzlichen Mitteln k\u00f6nnen Sie das au\u00dfergew\u00f6hnliche Potenzial Ihres Unternehmens in die Realit\u00e4t umsetzen. Durch unsere etablierten Beziehungen zu Investoren helfen wir Ihnen, das richtige Kapital f\u00fcr Ihre Bed\u00fcrfnisse zu beschaffen. Gemeinsam finden wir vertrauensw\u00fcrdige Eigen- und Fremdkapitalpartner, die sich f\u00fcr Ihren Erfolg engagieren.\" \/>\n<meta property=\"og:url\" content=\"https:\/\/bluecirclecapital.ch\/de\/dienstleistungen\/wachstumskapital\/\" \/>\n<meta property=\"og:site_name\" content=\"Blue Circle Capital\" \/>\n<meta property=\"article:modified_time\" content=\"2023-01-10T13:19:11+00:00\" \/>\n<meta property=\"og:image\" content=\"https:\/\/bluecirclecapital.ch\/wp-content\/uploads\/2022\/10\/servizio-growth2.png\" \/>\n\t<meta property=\"og:image:width\" content=\"810\" \/>\n\t<meta property=\"og:image:height\" content=\"839\" \/>\n\t<meta property=\"og:image:type\" content=\"image\/png\" \/>\n<meta name=\"twitter:card\" content=\"summary_large_image\" \/>\n<meta name=\"twitter:label1\" content=\"Gesch\u00e4tzte Lesezeit\" \/>\n\t<meta name=\"twitter:data1\" content=\"1\u00a0Minute\" \/>\n<script type=\"application\/ld+json\" class=\"yoast-schema-graph\">{\"@context\":\"https:\\\/\\\/schema.org\",\"@graph\":[{\"@type\":\"WebPage\",\"@id\":\"https:\\\/\\\/bluecirclecapital.ch\\\/de\\\/dienstleistungen\\\/wachstumskapital\\\/\",\"url\":\"https:\\\/\\\/bluecirclecapital.ch\\\/de\\\/dienstleistungen\\\/wachstumskapital\\\/\",\"name\":\"Wachstumskapital - Blue Circle Capital\",\"isPartOf\":{\"@id\":\"https:\\\/\\\/bluecirclecapital.ch\\\/de\\\/#website\"},\"primaryImageOfPage\":{\"@id\":\"https:\\\/\\\/bluecirclecapital.ch\\\/de\\\/dienstleistungen\\\/wachstumskapital\\\/#primaryimage\"},\"image\":{\"@id\":\"https:\\\/\\\/bluecirclecapital.ch\\\/de\\\/dienstleistungen\\\/wachstumskapital\\\/#primaryimage\"},\"thumbnailUrl\":\"https:\\\/\\\/bluecirclecapital.ch\\\/wp-content\\\/uploads\\\/2022\\\/10\\\/servizio-growth2.png\",\"datePublished\":\"2022-10-27T13:17:53+00:00\",\"dateModified\":\"2023-01-10T13:19:11+00:00\",\"breadcrumb\":{\"@id\":\"https:\\\/\\\/bluecirclecapital.ch\\\/de\\\/dienstleistungen\\\/wachstumskapital\\\/#breadcrumb\"},\"inLanguage\":\"de\",\"potentialAction\":[{\"@type\":\"ReadAction\",\"target\":[\"https:\\\/\\\/bluecirclecapital.ch\\\/de\\\/dienstleistungen\\\/wachstumskapital\\\/\"]}]},{\"@type\":\"ImageObject\",\"inLanguage\":\"de\",\"@id\":\"https:\\\/\\\/bluecirclecapital.ch\\\/de\\\/dienstleistungen\\\/wachstumskapital\\\/#primaryimage\",\"url\":\"https:\\\/\\\/bluecirclecapital.ch\\\/wp-content\\\/uploads\\\/2022\\\/10\\\/servizio-growth2.png\",\"contentUrl\":\"https:\\\/\\\/bluecirclecapital.ch\\\/wp-content\\\/uploads\\\/2022\\\/10\\\/servizio-growth2.png\",\"width\":810,\"height\":839},{\"@type\":\"BreadcrumbList\",\"@id\":\"https:\\\/\\\/bluecirclecapital.ch\\\/de\\\/dienstleistungen\\\/wachstumskapital\\\/#breadcrumb\",\"itemListElement\":[{\"@type\":\"ListItem\",\"position\":1,\"name\":\"Home\",\"item\":\"https:\\\/\\\/bluecirclecapital.ch\\\/de\\\/\"},{\"@type\":\"ListItem\",\"position\":2,\"name\":\"Dienstleistungen\",\"item\":\"https:\\\/\\\/bluecirclecapital.ch\\\/de\\\/dienstleistungen\\\/\"},{\"@type\":\"ListItem\",\"position\":3,\"name\":\"Wachstumskapital\"}]},{\"@type\":\"WebSite\",\"@id\":\"https:\\\/\\\/bluecirclecapital.ch\\\/de\\\/#website\",\"url\":\"https:\\\/\\\/bluecirclecapital.ch\\\/de\\\/\",\"name\":\"Blue Circle Capital\",\"description\":\"M&amp;A Zurich\",\"publisher\":{\"@id\":\"https:\\\/\\\/bluecirclecapital.ch\\\/de\\\/#organization\"},\"potentialAction\":[{\"@type\":\"SearchAction\",\"target\":{\"@type\":\"EntryPoint\",\"urlTemplate\":\"https:\\\/\\\/bluecirclecapital.ch\\\/de\\\/?s={search_term_string}\"},\"query-input\":{\"@type\":\"PropertyValueSpecification\",\"valueRequired\":true,\"valueName\":\"search_term_string\"}}],\"inLanguage\":\"de\"},{\"@type\":\"Organization\",\"@id\":\"https:\\\/\\\/bluecirclecapital.ch\\\/de\\\/#organization\",\"name\":\"Blue Circle Capital\",\"url\":\"https:\\\/\\\/bluecirclecapital.ch\\\/de\\\/\",\"logo\":{\"@type\":\"ImageObject\",\"inLanguage\":\"de\",\"@id\":\"https:\\\/\\\/bluecirclecapital.ch\\\/de\\\/#\\\/schema\\\/logo\\\/image\\\/\",\"url\":\"https:\\\/\\\/bluecirclecapital.ch\\\/wp-content\\\/uploads\\\/2022\\\/10\\\/BlueCircle-logo-orizzontale-colore.svg\",\"contentUrl\":\"https:\\\/\\\/bluecirclecapital.ch\\\/wp-content\\\/uploads\\\/2022\\\/10\\\/BlueCircle-logo-orizzontale-colore.svg\",\"width\":\"1024\",\"height\":\"1024\",\"caption\":\"Blue Circle Capital\"},\"image\":{\"@id\":\"https:\\\/\\\/bluecirclecapital.ch\\\/de\\\/#\\\/schema\\\/logo\\\/image\\\/\"}}]}<\/script>\n<!-- \/ Yoast SEO plugin. -->","yoast_head_json":{"title":"Wachstumskapital - Blue Circle Capital","robots":{"index":"index","follow":"follow","max-snippet":"max-snippet:-1","max-image-preview":"max-image-preview:large","max-video-preview":"max-video-preview:-1"},"canonical":"https:\/\/bluecirclecapital.ch\/de\/dienstleistungen\/wachstumskapital\/","og_locale":"de_DE","og_type":"article","og_title":"Wachstumskapital - Blue Circle Capital","og_description":"\u201eWir unterst\u00fctzen Sie, wenn es darauf ankommt.\u201c Mit zus\u00e4tzlichen Mitteln k\u00f6nnen Sie das au\u00dfergew\u00f6hnliche Potenzial Ihres Unternehmens in die Realit\u00e4t umsetzen. Durch unsere etablierten Beziehungen zu Investoren helfen wir Ihnen, das richtige Kapital f\u00fcr Ihre Bed\u00fcrfnisse zu beschaffen. Gemeinsam finden wir vertrauensw\u00fcrdige Eigen- und Fremdkapitalpartner, die sich f\u00fcr Ihren Erfolg engagieren.","og_url":"https:\/\/bluecirclecapital.ch\/de\/dienstleistungen\/wachstumskapital\/","og_site_name":"Blue Circle Capital","article_modified_time":"2023-01-10T13:19:11+00:00","og_image":[{"width":810,"height":839,"url":"https:\/\/bluecirclecapital.ch\/wp-content\/uploads\/2022\/10\/servizio-growth2.png","type":"image\/png"}],"twitter_card":"summary_large_image","twitter_misc":{"Gesch\u00e4tzte Lesezeit":"1\u00a0Minute"},"schema":{"@context":"https:\/\/schema.org","@graph":[{"@type":"WebPage","@id":"https:\/\/bluecirclecapital.ch\/de\/dienstleistungen\/wachstumskapital\/","url":"https:\/\/bluecirclecapital.ch\/de\/dienstleistungen\/wachstumskapital\/","name":"Wachstumskapital - Blue Circle Capital","isPartOf":{"@id":"https:\/\/bluecirclecapital.ch\/de\/#website"},"primaryImageOfPage":{"@id":"https:\/\/bluecirclecapital.ch\/de\/dienstleistungen\/wachstumskapital\/#primaryimage"},"image":{"@id":"https:\/\/bluecirclecapital.ch\/de\/dienstleistungen\/wachstumskapital\/#primaryimage"},"thumbnailUrl":"https:\/\/bluecirclecapital.ch\/wp-content\/uploads\/2022\/10\/servizio-growth2.png","datePublished":"2022-10-27T13:17:53+00:00","dateModified":"2023-01-10T13:19:11+00:00","breadcrumb":{"@id":"https:\/\/bluecirclecapital.ch\/de\/dienstleistungen\/wachstumskapital\/#breadcrumb"},"inLanguage":"de","potentialAction":[{"@type":"ReadAction","target":["https:\/\/bluecirclecapital.ch\/de\/dienstleistungen\/wachstumskapital\/"]}]},{"@type":"ImageObject","inLanguage":"de","@id":"https:\/\/bluecirclecapital.ch\/de\/dienstleistungen\/wachstumskapital\/#primaryimage","url":"https:\/\/bluecirclecapital.ch\/wp-content\/uploads\/2022\/10\/servizio-growth2.png","contentUrl":"https:\/\/bluecirclecapital.ch\/wp-content\/uploads\/2022\/10\/servizio-growth2.png","width":810,"height":839},{"@type":"BreadcrumbList","@id":"https:\/\/bluecirclecapital.ch\/de\/dienstleistungen\/wachstumskapital\/#breadcrumb","itemListElement":[{"@type":"ListItem","position":1,"name":"Home","item":"https:\/\/bluecirclecapital.ch\/de\/"},{"@type":"ListItem","position":2,"name":"Dienstleistungen","item":"https:\/\/bluecirclecapital.ch\/de\/dienstleistungen\/"},{"@type":"ListItem","position":3,"name":"Wachstumskapital"}]},{"@type":"WebSite","@id":"https:\/\/bluecirclecapital.ch\/de\/#website","url":"https:\/\/bluecirclecapital.ch\/de\/","name":"Blue Circle Capital","description":"M&amp;A Zurich","publisher":{"@id":"https:\/\/bluecirclecapital.ch\/de\/#organization"},"potentialAction":[{"@type":"SearchAction","target":{"@type":"EntryPoint","urlTemplate":"https:\/\/bluecirclecapital.ch\/de\/?s={search_term_string}"},"query-input":{"@type":"PropertyValueSpecification","valueRequired":true,"valueName":"search_term_string"}}],"inLanguage":"de"},{"@type":"Organization","@id":"https:\/\/bluecirclecapital.ch\/de\/#organization","name":"Blue Circle Capital","url":"https:\/\/bluecirclecapital.ch\/de\/","logo":{"@type":"ImageObject","inLanguage":"de","@id":"https:\/\/bluecirclecapital.ch\/de\/#\/schema\/logo\/image\/","url":"https:\/\/bluecirclecapital.ch\/wp-content\/uploads\/2022\/10\/BlueCircle-logo-orizzontale-colore.svg","contentUrl":"https:\/\/bluecirclecapital.ch\/wp-content\/uploads\/2022\/10\/BlueCircle-logo-orizzontale-colore.svg","width":"1024","height":"1024","caption":"Blue Circle Capital"},"image":{"@id":"https:\/\/bluecirclecapital.ch\/de\/#\/schema\/logo\/image\/"}}]}},"_links":{"self":[{"href":"https:\/\/bluecirclecapital.ch\/de\/wp-json\/wp\/v2\/pages\/1373","targetHints":{"allow":["GET"]}}],"collection":[{"href":"https:\/\/bluecirclecapital.ch\/de\/wp-json\/wp\/v2\/pages"}],"about":[{"href":"https:\/\/bluecirclecapital.ch\/de\/wp-json\/wp\/v2\/types\/page"}],"author":[{"embeddable":true,"href":"https:\/\/bluecirclecapital.ch\/de\/wp-json\/wp\/v2\/users\/6"}],"replies":[{"embeddable":true,"href":"https:\/\/bluecirclecapital.ch\/de\/wp-json\/wp\/v2\/comments?post=1373"}],"version-history":[{"count":2,"href":"https:\/\/bluecirclecapital.ch\/de\/wp-json\/wp\/v2\/pages\/1373\/revisions"}],"predecessor-version":[{"id":1605,"href":"https:\/\/bluecirclecapital.ch\/de\/wp-json\/wp\/v2\/pages\/1373\/revisions\/1605"}],"up":[{"embeddable":true,"href":"https:\/\/bluecirclecapital.ch\/de\/wp-json\/wp\/v2\/pages\/1364"}],"wp:featuredmedia":[{"embeddable":true,"href":"https:\/\/bluecirclecapital.ch\/de\/wp-json\/wp\/v2\/media\/1148"}],"wp:attachment":[{"href":"https:\/\/bluecirclecapital.ch\/de\/wp-json\/wp\/v2\/media?parent=1373"}],"curies":[{"name":"wp","href":"https:\/\/api.w.org\/{rel}","templated":true}]}}