{"id":1376,"date":"2022-10-27T15:20:07","date_gmt":"2022-10-27T13:20:07","guid":{"rendered":"https:\/\/bluecirclecapital.ch\/dienstleistungen\/restrukturierung\/"},"modified":"2023-01-10T14:20:03","modified_gmt":"2023-01-10T13:20:03","slug":"restrukturierung","status":"publish","type":"page","link":"https:\/\/bluecirclecapital.ch\/de\/dienstleistungen\/restrukturierung\/","title":{"rendered":"Restrukturierung"},"content":{"rendered":"<p>[et_pb_section fb_built=&#8221;1&#8243; admin_label=&#8221;section&#8221; _builder_version=&#8221;4.19.3&#8243; hover_enabled=&#8221;0&#8243; global_colors_info=&#8221;{}&#8221; theme_builder_area=&#8221;post_content&#8221; background_color=&#8221;RGBA(255,255,255,0)&#8221; sticky_enabled=&#8221;0&#8243;][et_pb_row admin_label=&#8221;row&#8221; _builder_version=&#8221;4.19.3&#8243; background_size=&#8221;initial&#8221; background_position=&#8221;top_left&#8221; background_repeat=&#8221;repeat&#8221; global_colors_info=&#8221;{}&#8221; theme_builder_area=&#8221;post_content&#8221; width=&#8221;100%&#8221;][et_pb_column type=&#8221;4_4&#8243; _builder_version=&#8221;4.16&#8243; custom_padding=&#8221;|||&#8221; global_colors_info=&#8221;{}&#8221; custom_padding__hover=&#8221;|||&#8221; theme_builder_area=&#8221;post_content&#8221;][et_pb_text admin_label=&#8221;Text&#8221; _builder_version=&#8221;4.16&#8243; background_size=&#8221;initial&#8221; background_position=&#8221;top_left&#8221; background_repeat=&#8221;repeat&#8221; global_colors_info=&#8221;{}&#8221; theme_builder_area=&#8221;post_content&#8221;]<\/p>\n<h4><strong><em>\u201eVom Chaos zur Ordnung.\u201c<\/em><\/strong><\/h4>\n<p class=\"p1\">Bei der Restrukturierung von Unternehmen konzentrieren wir uns darauf, wertsch\u00f6pfende Faktoren zu f\u00f6rdern und Hindernisse f\u00fcr das Wachstum zu beseitigen, wobei wir h\u00e4ufig den Status quo in Frage stellen. Dabei ist es vor allem wichtig, dass wir gemeinsam mit den richtigen Partnern einige kritische Gestaltungskriterien f\u00fcr die Zukunft festlegen und planen.<\/p>\n<p>[\/et_pb_text][\/et_pb_column][\/et_pb_row][\/et_pb_section]<\/p>\n","protected":false},"excerpt":{"rendered":"<p>\u201eVom Chaos zur Ordnung.\u201c Bei der Restrukturierung von Unternehmen konzentrieren wir uns darauf, wertsch\u00f6pfende Faktoren zu f\u00f6rdern und Hindernisse f\u00fcr das Wachstum zu beseitigen, wobei wir h\u00e4ufig den Status quo in Frage stellen. Dabei ist es vor allem wichtig, dass wir gemeinsam mit den richtigen Partnern einige kritische Gestaltungskriterien f\u00fcr die Zukunft festlegen und planen.<\/p>\n","protected":false},"author":6,"featured_media":1158,"parent":1364,"menu_order":20,"comment_status":"closed","ping_status":"closed","template":"","meta":{"_et_pb_use_builder":"on","_et_pb_old_content":"<h4><strong><em>\u201eVom Chaos zur Ordnung.\u201c<\/em><\/strong><\/h4>\r\n<p class=\"p1\">\u201eVom Chaos zur Ordnung.\u201c Bei der Restrukturierung von Unternehmen konzentrieren wir uns darauf, wertsch\u00f6pfende Faktoren zu f\u00f6rdern und Hindernisse f\u00fcr das Wachstum zu beseitigen, wobei wir h\u00e4ufig den Status quo in Frage stellen. Dabei ist es vor allem wichtig, dass wir gemeinsam mit den richtigen Partnern einige kritische Gestaltungskriterien f\u00fcr die Zukunft festlegen und planen.<\/p>","_et_gb_content_width":"","inline_featured_image":false,"footnotes":""},"class_list":["post-1376","page","type-page","status-publish","has-post-thumbnail","hentry"],"yoast_head":"<!-- This site is optimized with the Yoast SEO plugin v27.4 - https:\/\/yoast.com\/product\/yoast-seo-wordpress\/ -->\n<title>Restrukturierung - Blue Circle Capital<\/title>\n<meta name=\"robots\" content=\"index, follow, max-snippet:-1, max-image-preview:large, max-video-preview:-1\" \/>\n<link rel=\"canonical\" href=\"https:\/\/bluecirclecapital.ch\/de\/dienstleistungen\/restrukturierung\/\" \/>\n<meta property=\"og:locale\" content=\"de_DE\" \/>\n<meta property=\"og:type\" content=\"article\" \/>\n<meta property=\"og:title\" content=\"Restrukturierung - Blue Circle Capital\" \/>\n<meta property=\"og:description\" content=\"\u201eVom Chaos zur Ordnung.\u201c Bei der Restrukturierung von Unternehmen konzentrieren wir uns darauf, wertsch\u00f6pfende Faktoren zu f\u00f6rdern und Hindernisse f\u00fcr das Wachstum zu beseitigen, wobei wir h\u00e4ufig den Status quo in Frage stellen. Dabei ist es vor allem wichtig, dass wir gemeinsam mit den richtigen Partnern einige kritische Gestaltungskriterien f\u00fcr die Zukunft festlegen und planen.\" \/>\n<meta property=\"og:url\" content=\"https:\/\/bluecirclecapital.ch\/de\/dienstleistungen\/restrukturierung\/\" \/>\n<meta property=\"og:site_name\" content=\"Blue Circle Capital\" \/>\n<meta property=\"article:modified_time\" content=\"2023-01-10T13:20:03+00:00\" \/>\n<meta property=\"og:image\" content=\"https:\/\/bluecirclecapital.ch\/wp-content\/uploads\/2022\/10\/servizio-restructuring.png\" \/>\n\t<meta property=\"og:image:width\" content=\"690\" \/>\n\t<meta property=\"og:image:height\" content=\"720\" \/>\n\t<meta property=\"og:image:type\" content=\"image\/png\" \/>\n<meta name=\"twitter:card\" content=\"summary_large_image\" \/>\n<meta name=\"twitter:label1\" content=\"Gesch\u00e4tzte Lesezeit\" \/>\n\t<meta name=\"twitter:data1\" content=\"1\u00a0Minute\" \/>\n<script type=\"application\/ld+json\" class=\"yoast-schema-graph\">{\"@context\":\"https:\\\/\\\/schema.org\",\"@graph\":[{\"@type\":\"WebPage\",\"@id\":\"https:\\\/\\\/bluecirclecapital.ch\\\/de\\\/dienstleistungen\\\/restrukturierung\\\/\",\"url\":\"https:\\\/\\\/bluecirclecapital.ch\\\/de\\\/dienstleistungen\\\/restrukturierung\\\/\",\"name\":\"Restrukturierung - Blue Circle Capital\",\"isPartOf\":{\"@id\":\"https:\\\/\\\/bluecirclecapital.ch\\\/de\\\/#website\"},\"primaryImageOfPage\":{\"@id\":\"https:\\\/\\\/bluecirclecapital.ch\\\/de\\\/dienstleistungen\\\/restrukturierung\\\/#primaryimage\"},\"image\":{\"@id\":\"https:\\\/\\\/bluecirclecapital.ch\\\/de\\\/dienstleistungen\\\/restrukturierung\\\/#primaryimage\"},\"thumbnailUrl\":\"https:\\\/\\\/bluecirclecapital.ch\\\/wp-content\\\/uploads\\\/2022\\\/10\\\/servizio-restructuring.png\",\"datePublished\":\"2022-10-27T13:20:07+00:00\",\"dateModified\":\"2023-01-10T13:20:03+00:00\",\"breadcrumb\":{\"@id\":\"https:\\\/\\\/bluecirclecapital.ch\\\/de\\\/dienstleistungen\\\/restrukturierung\\\/#breadcrumb\"},\"inLanguage\":\"de\",\"potentialAction\":[{\"@type\":\"ReadAction\",\"target\":[\"https:\\\/\\\/bluecirclecapital.ch\\\/de\\\/dienstleistungen\\\/restrukturierung\\\/\"]}]},{\"@type\":\"ImageObject\",\"inLanguage\":\"de\",\"@id\":\"https:\\\/\\\/bluecirclecapital.ch\\\/de\\\/dienstleistungen\\\/restrukturierung\\\/#primaryimage\",\"url\":\"https:\\\/\\\/bluecirclecapital.ch\\\/wp-content\\\/uploads\\\/2022\\\/10\\\/servizio-restructuring.png\",\"contentUrl\":\"https:\\\/\\\/bluecirclecapital.ch\\\/wp-content\\\/uploads\\\/2022\\\/10\\\/servizio-restructuring.png\",\"width\":690,\"height\":720},{\"@type\":\"BreadcrumbList\",\"@id\":\"https:\\\/\\\/bluecirclecapital.ch\\\/de\\\/dienstleistungen\\\/restrukturierung\\\/#breadcrumb\",\"itemListElement\":[{\"@type\":\"ListItem\",\"position\":1,\"name\":\"Home\",\"item\":\"https:\\\/\\\/bluecirclecapital.ch\\\/de\\\/\"},{\"@type\":\"ListItem\",\"position\":2,\"name\":\"Dienstleistungen\",\"item\":\"https:\\\/\\\/bluecirclecapital.ch\\\/de\\\/dienstleistungen\\\/\"},{\"@type\":\"ListItem\",\"position\":3,\"name\":\"Restrukturierung\"}]},{\"@type\":\"WebSite\",\"@id\":\"https:\\\/\\\/bluecirclecapital.ch\\\/de\\\/#website\",\"url\":\"https:\\\/\\\/bluecirclecapital.ch\\\/de\\\/\",\"name\":\"Blue Circle Capital\",\"description\":\"M&amp;A Zurich\",\"publisher\":{\"@id\":\"https:\\\/\\\/bluecirclecapital.ch\\\/de\\\/#organization\"},\"potentialAction\":[{\"@type\":\"SearchAction\",\"target\":{\"@type\":\"EntryPoint\",\"urlTemplate\":\"https:\\\/\\\/bluecirclecapital.ch\\\/de\\\/?s={search_term_string}\"},\"query-input\":{\"@type\":\"PropertyValueSpecification\",\"valueRequired\":true,\"valueName\":\"search_term_string\"}}],\"inLanguage\":\"de\"},{\"@type\":\"Organization\",\"@id\":\"https:\\\/\\\/bluecirclecapital.ch\\\/de\\\/#organization\",\"name\":\"Blue Circle Capital\",\"url\":\"https:\\\/\\\/bluecirclecapital.ch\\\/de\\\/\",\"logo\":{\"@type\":\"ImageObject\",\"inLanguage\":\"de\",\"@id\":\"https:\\\/\\\/bluecirclecapital.ch\\\/de\\\/#\\\/schema\\\/logo\\\/image\\\/\",\"url\":\"https:\\\/\\\/bluecirclecapital.ch\\\/wp-content\\\/uploads\\\/2022\\\/10\\\/BlueCircle-logo-orizzontale-colore.svg\",\"contentUrl\":\"https:\\\/\\\/bluecirclecapital.ch\\\/wp-content\\\/uploads\\\/2022\\\/10\\\/BlueCircle-logo-orizzontale-colore.svg\",\"width\":\"1024\",\"height\":\"1024\",\"caption\":\"Blue Circle Capital\"},\"image\":{\"@id\":\"https:\\\/\\\/bluecirclecapital.ch\\\/de\\\/#\\\/schema\\\/logo\\\/image\\\/\"}}]}<\/script>\n<!-- \/ Yoast SEO plugin. -->","yoast_head_json":{"title":"Restrukturierung - Blue Circle Capital","robots":{"index":"index","follow":"follow","max-snippet":"max-snippet:-1","max-image-preview":"max-image-preview:large","max-video-preview":"max-video-preview:-1"},"canonical":"https:\/\/bluecirclecapital.ch\/de\/dienstleistungen\/restrukturierung\/","og_locale":"de_DE","og_type":"article","og_title":"Restrukturierung - Blue Circle Capital","og_description":"\u201eVom Chaos zur Ordnung.\u201c Bei der Restrukturierung von Unternehmen konzentrieren wir uns darauf, wertsch\u00f6pfende Faktoren zu f\u00f6rdern und Hindernisse f\u00fcr das Wachstum zu beseitigen, wobei wir h\u00e4ufig den Status quo in Frage stellen. Dabei ist es vor allem wichtig, dass wir gemeinsam mit den richtigen Partnern einige kritische Gestaltungskriterien f\u00fcr die Zukunft festlegen und planen.","og_url":"https:\/\/bluecirclecapital.ch\/de\/dienstleistungen\/restrukturierung\/","og_site_name":"Blue Circle Capital","article_modified_time":"2023-01-10T13:20:03+00:00","og_image":[{"width":690,"height":720,"url":"https:\/\/bluecirclecapital.ch\/wp-content\/uploads\/2022\/10\/servizio-restructuring.png","type":"image\/png"}],"twitter_card":"summary_large_image","twitter_misc":{"Gesch\u00e4tzte Lesezeit":"1\u00a0Minute"},"schema":{"@context":"https:\/\/schema.org","@graph":[{"@type":"WebPage","@id":"https:\/\/bluecirclecapital.ch\/de\/dienstleistungen\/restrukturierung\/","url":"https:\/\/bluecirclecapital.ch\/de\/dienstleistungen\/restrukturierung\/","name":"Restrukturierung - Blue Circle Capital","isPartOf":{"@id":"https:\/\/bluecirclecapital.ch\/de\/#website"},"primaryImageOfPage":{"@id":"https:\/\/bluecirclecapital.ch\/de\/dienstleistungen\/restrukturierung\/#primaryimage"},"image":{"@id":"https:\/\/bluecirclecapital.ch\/de\/dienstleistungen\/restrukturierung\/#primaryimage"},"thumbnailUrl":"https:\/\/bluecirclecapital.ch\/wp-content\/uploads\/2022\/10\/servizio-restructuring.png","datePublished":"2022-10-27T13:20:07+00:00","dateModified":"2023-01-10T13:20:03+00:00","breadcrumb":{"@id":"https:\/\/bluecirclecapital.ch\/de\/dienstleistungen\/restrukturierung\/#breadcrumb"},"inLanguage":"de","potentialAction":[{"@type":"ReadAction","target":["https:\/\/bluecirclecapital.ch\/de\/dienstleistungen\/restrukturierung\/"]}]},{"@type":"ImageObject","inLanguage":"de","@id":"https:\/\/bluecirclecapital.ch\/de\/dienstleistungen\/restrukturierung\/#primaryimage","url":"https:\/\/bluecirclecapital.ch\/wp-content\/uploads\/2022\/10\/servizio-restructuring.png","contentUrl":"https:\/\/bluecirclecapital.ch\/wp-content\/uploads\/2022\/10\/servizio-restructuring.png","width":690,"height":720},{"@type":"BreadcrumbList","@id":"https:\/\/bluecirclecapital.ch\/de\/dienstleistungen\/restrukturierung\/#breadcrumb","itemListElement":[{"@type":"ListItem","position":1,"name":"Home","item":"https:\/\/bluecirclecapital.ch\/de\/"},{"@type":"ListItem","position":2,"name":"Dienstleistungen","item":"https:\/\/bluecirclecapital.ch\/de\/dienstleistungen\/"},{"@type":"ListItem","position":3,"name":"Restrukturierung"}]},{"@type":"WebSite","@id":"https:\/\/bluecirclecapital.ch\/de\/#website","url":"https:\/\/bluecirclecapital.ch\/de\/","name":"Blue Circle Capital","description":"M&amp;A Zurich","publisher":{"@id":"https:\/\/bluecirclecapital.ch\/de\/#organization"},"potentialAction":[{"@type":"SearchAction","target":{"@type":"EntryPoint","urlTemplate":"https:\/\/bluecirclecapital.ch\/de\/?s={search_term_string}"},"query-input":{"@type":"PropertyValueSpecification","valueRequired":true,"valueName":"search_term_string"}}],"inLanguage":"de"},{"@type":"Organization","@id":"https:\/\/bluecirclecapital.ch\/de\/#organization","name":"Blue Circle Capital","url":"https:\/\/bluecirclecapital.ch\/de\/","logo":{"@type":"ImageObject","inLanguage":"de","@id":"https:\/\/bluecirclecapital.ch\/de\/#\/schema\/logo\/image\/","url":"https:\/\/bluecirclecapital.ch\/wp-content\/uploads\/2022\/10\/BlueCircle-logo-orizzontale-colore.svg","contentUrl":"https:\/\/bluecirclecapital.ch\/wp-content\/uploads\/2022\/10\/BlueCircle-logo-orizzontale-colore.svg","width":"1024","height":"1024","caption":"Blue Circle Capital"},"image":{"@id":"https:\/\/bluecirclecapital.ch\/de\/#\/schema\/logo\/image\/"}}]}},"_links":{"self":[{"href":"https:\/\/bluecirclecapital.ch\/de\/wp-json\/wp\/v2\/pages\/1376","targetHints":{"allow":["GET"]}}],"collection":[{"href":"https:\/\/bluecirclecapital.ch\/de\/wp-json\/wp\/v2\/pages"}],"about":[{"href":"https:\/\/bluecirclecapital.ch\/de\/wp-json\/wp\/v2\/types\/page"}],"author":[{"embeddable":true,"href":"https:\/\/bluecirclecapital.ch\/de\/wp-json\/wp\/v2\/users\/6"}],"replies":[{"embeddable":true,"href":"https:\/\/bluecirclecapital.ch\/de\/wp-json\/wp\/v2\/comments?post=1376"}],"version-history":[{"count":5,"href":"https:\/\/bluecirclecapital.ch\/de\/wp-json\/wp\/v2\/pages\/1376\/revisions"}],"predecessor-version":[{"id":1607,"href":"https:\/\/bluecirclecapital.ch\/de\/wp-json\/wp\/v2\/pages\/1376\/revisions\/1607"}],"up":[{"embeddable":true,"href":"https:\/\/bluecirclecapital.ch\/de\/wp-json\/wp\/v2\/pages\/1364"}],"wp:featuredmedia":[{"embeddable":true,"href":"https:\/\/bluecirclecapital.ch\/de\/wp-json\/wp\/v2\/media\/1158"}],"wp:attachment":[{"href":"https:\/\/bluecirclecapital.ch\/de\/wp-json\/wp\/v2\/media?parent=1376"}],"curies":[{"name":"wp","href":"https:\/\/api.w.org\/{rel}","templated":true}]}}