{"id":1384,"date":"2022-10-26T14:03:44","date_gmt":"2022-10-26T12:03:44","guid":{"rendered":"https:\/\/bluecirclecapital.ch\/partner\/chiaretto-calo\/"},"modified":"2023-01-10T13:07:17","modified_gmt":"2023-01-10T12:07:17","slug":"chiaretto-calo","status":"publish","type":"page","link":"https:\/\/bluecirclecapital.ch\/de\/team\/chiaretto-calo\/","title":{"rendered":"Chiaretto Cal\u00f2"},"content":{"rendered":"<p>[et_pb_section fb_built=&#8221;1&#8243; _builder_version=&#8221;4.18.0&#8243; _module_preset=&#8221;default&#8221; background_enable_color=&#8221;off&#8221; background_image=&#8221;https:\/\/bluecirclecapital.ch\/wp-content\/uploads\/2022\/10\/imgApertura_bg.png&#8221; background_position=&#8221;top_left&#8221; z_index=&#8221;15&#8243; custom_margin=&#8221;0px||||false|false&#8221; custom_padding=&#8221;30px||0px||false|false&#8221; global_colors_info=&#8221;{}&#8221;][et_pb_row column_structure=&#8221;3_5,2_5&#8243; use_custom_gutter=&#8221;on&#8221; gutter_width=&#8221;1&#8243; custom_padding_last_edited=&#8221;on|tablet&#8221; module_id=&#8221;chiarettoCal\u00f2&#8221; _builder_version=&#8221;4.18.1&#8243; _module_preset=&#8221;default&#8221; custom_margin=&#8221;4px|auto||auto||&#8221; custom_padding=&#8221;2px|||||&#8221; custom_padding_tablet=&#8221;2px||0px||false|false&#8221; custom_padding_phone=&#8221;2px||0px||false|false&#8221; global_colors_info=&#8221;{}&#8221;][et_pb_column type=&#8221;3_5&#8243; _builder_version=&#8221;4.18.0&#8243; _module_preset=&#8221;default&#8221; background_enable_color=&#8221;off&#8221; global_colors_info=&#8221;{}&#8221;][et_pb_text admin_label=&#8221;Titolo H1 introduzione sito&#8221; _builder_version=&#8221;4.18.1&#8243; header_5_text_align=&#8221;right&#8221; header_5_text_color=&#8221;#2776CC&#8221; text_orientation=&#8221;right&#8221; module_alignment=&#8221;right&#8221; custom_margin=&#8221;||||false|false&#8221; custom_margin_tablet=&#8221;||||false|false&#8221; custom_margin_phone=&#8221;||40px||false|false&#8221; custom_margin_last_edited=&#8221;on|phone&#8221; custom_padding=&#8221;||||false|false&#8221; animation_style=&#8221;slide&#8221; animation_direction=&#8221;bottom&#8221; animation_delay=&#8221;500ms&#8221; animation_intensity_slide=&#8221;5%&#8221; locked=&#8221;off&#8221; global_colors_info=&#8221;{}&#8221;]<\/p>\n<h2>Chiaretto Cal\u00f2<\/h2>\n<p><span style=\"color: #2776cc; font-size: 16px; font-weight: bold;\">Mitgr\u00fcnder <\/span><\/p>\n<p>[\/et_pb_text][\/et_pb_column][et_pb_column type=&#8221;2_5&#8243; _builder_version=&#8221;4.18.0&#8243; _module_preset=&#8221;default&#8221; background_enable_color=&#8221;off&#8221; custom_padding=&#8221;30px|10vw||22vw|false|false&#8221; global_colors_info=&#8221;{}&#8221;][\/et_pb_column][\/et_pb_row][\/et_pb_section][et_pb_section fb_built=&#8221;1&#8243; _builder_version=&#8221;4.18.0&#8243; _module_preset=&#8221;default&#8221; background_enable_image=&#8221;off&#8221; z_index=&#8221;15&#8243; custom_margin=&#8221;0px||||false|false&#8221; custom_padding=&#8221;0px||0px||false|false&#8221; global_colors_info=&#8221;{}&#8221;][et_pb_row column_structure=&#8221;1_2,1_2&#8243; use_custom_gutter=&#8221;on&#8221; gutter_width=&#8221;1&#8243; custom_padding_last_edited=&#8221;on|tablet&#8221; admin_label=&#8221;Riga&#8221; _builder_version=&#8221;4.18.1&#8243; _module_preset=&#8221;default&#8221; background_enable_image=&#8221;off&#8221; background_size=&#8221;contain&#8221; background_position=&#8221;top_right&#8221; width=&#8221;100%&#8221; module_alignment=&#8221;center&#8221; custom_padding=&#8221;||40px||false|false&#8221; custom_padding_tablet=&#8221;0px||20px||false|false&#8221; custom_padding_phone=&#8221;0px||20px||false|false&#8221; background_last_edited=&#8221;on|desktop&#8221; global_colors_info=&#8221;{}&#8221;][et_pb_column type=&#8221;1_2&#8243; _builder_version=&#8221;4.18.1&#8243; _module_preset=&#8221;default&#8221; custom_padding=&#8221;40px|30px|40px|110px|false|false&#8221; custom_padding_tablet=&#8221;40px|30px|40px|110px|false|false&#8221; custom_padding_phone=&#8221;0px|30px|0px|30px|false|false&#8221; custom_padding_last_edited=&#8221;on|phone&#8221; global_colors_info=&#8221;{}&#8221;][et_pb_text admin_label=&#8221;Titolo H1 introduzione sito&#8221; _builder_version=&#8221;4.19.0&#8243; text_font_size=&#8221;18px&#8221; animation_style=&#8221;fade&#8221; animation_direction=&#8221;top&#8221; animation_delay=&#8221;300ms&#8221; locked=&#8221;off&#8221; global_colors_info=&#8221;{}&#8221;]<\/p>\n<p class=\"p1\">Vor der Gr\u00fcndung von Blue Circle Capital hatte Chiaretto mehrere F\u00fchrungspositionen in der Konsumg\u00fcterindustrie inne. Unter anderem war er f\u00fcr die europ\u00e4ische Integration von Schwarzkopf in die HENKEL-Gruppe verantwortlich, die dadurch ihre Ums\u00e4tze im Beauty-Bereich verdoppeln konnte.<\/p>\n<p class=\"p1\">Anschlie\u00dfend war er bei UNILEVER f\u00fcr den Relaunch der historischen Marke Atkinsons verantwortlich, die sp\u00e4ter an P&amp;G verkauft wurde. Danach leistete er Pionierarbeit bei einem Start-up-Unternehmen im Bereich der Satellitentechnologie, das zu den ersten in Europa geh\u00f6rte, und war f\u00fcr dessen kommerzielle Entwicklung und M&amp;A-Aktivit\u00e4ten verantwortlich.<\/p>\n<p class=\"p1\">Er war an der Ausgliederung des Gesch\u00e4ftsbereichs Invista von Dupont, der sp\u00e4ter an Koch Industries verkauft wurde, in einer globalen Entwicklungsfunktion beteiligt. Anschlie\u00dfend wurde er bei Miroglio zum General Manager der Textilgruppe ernannt.<\/p>\n<p>[\/et_pb_text][et_pb_text admin_label=&#8221;Titolo H1 introduzione sito&#8221; _builder_version=&#8221;4.18.1&#8243; text_font_size=&#8221;18px&#8221; custom_margin=&#8221;29px||||false|false&#8221; animation_style=&#8221;fade&#8221; animation_direction=&#8221;top&#8221; animation_delay=&#8221;400ms&#8221; locked=&#8221;off&#8221; global_colors_info=&#8221;{}&#8221;]<\/p>\n<p class=\"p1\">Er war Gr\u00fcnder und Co-CEO von Imprima, dem gr\u00f6\u00dften digitalen Textildrucker Europas. In diesem Unternehmen mit einem 200-Millionen-Euro-Umsatz, das durch eine Private-Equity-Finanzierung unterst\u00fctzt wurde, trug er zum strategischen Aufbau und zur \u00dcbernahme von 7 Unternehmen in Deutschland, Italien und den Vereinigten Staaten bei.<\/p>\n<p>[\/et_pb_text][\/et_pb_column][et_pb_column type=&#8221;1_2&#8243; _builder_version=&#8221;4.18.1&#8243; _module_preset=&#8221;default&#8221; background_image=&#8221;https:\/\/bluecirclecapital.ch\/wp-content\/uploads\/2022\/10\/Img-philosophy_bg.png&#8221; custom_padding=&#8221;60px|40px||60px|false|false&#8221; sticky_position=&#8221;top&#8221; sticky_offset_top=&#8221;30px&#8221; sticky_limit_bottom=&#8221;row&#8221; sticky_position_tablet=&#8221;none&#8221; sticky_position_phone=&#8221;none&#8221; sticky_position_last_edited=&#8221;on|tablet&#8221; sticky_offset_top_tablet=&#8221;0px&#8221; sticky_offset_top_phone=&#8221;0px&#8221; sticky_offset_top_last_edited=&#8221;on|tablet&#8221; global_colors_info=&#8221;{}&#8221;][et_pb_image src=&#8221;https:\/\/bluecirclecapital.ch\/wp-content\/uploads\/2022\/10\/calo\u0300-B.png&#8221; title_text=&#8221;calo\u0300-B&#8221; align=&#8221;right&#8221; _builder_version=&#8221;4.18.1&#8243; _module_preset=&#8221;default&#8221; max_width=&#8221;81%&#8221; max_width_tablet=&#8221;70%&#8221; max_width_phone=&#8221;100%&#8221; max_width_last_edited=&#8221;on|phone&#8221; animation_style=&#8221;slide&#8221; animation_direction=&#8221;right&#8221; animation_intensity_slide=&#8221;5%&#8221; scroll_vertical_motion=&#8221;0|50|50|100|2|0|-2&#8243; scroll_horizontal_motion=&#8221;0|50|50|100|0.5|0|-0.5&#8243; global_colors_info=&#8221;{}&#8221;][\/et_pb_image][\/et_pb_column][\/et_pb_row][\/et_pb_section][et_pb_section fb_built=&#8221;1&#8243; custom_padding_last_edited=&#8221;on|tablet&#8221; _builder_version=&#8221;4.18.1&#8243; _module_preset=&#8221;default&#8221; background_image=&#8221;https:\/\/bluecirclecapital.ch\/wp-content\/uploads\/2022\/10\/bg-blu-2.png&#8221; background_size=&#8221;contain&#8221; background_position=&#8221;center_left&#8221; custom_padding=&#8221;26px|||||&#8221; custom_padding_tablet=&#8221;0px||0px||false|false&#8221; custom_padding_phone=&#8221;0px||0px||false|false&#8221; background_last_edited=&#8221;on|tablet&#8221; background_position_tablet=&#8221;bottom_right&#8221; global_colors_info=&#8221;{}&#8221;][et_pb_row column_structure=&#8221;2_5,3_5&#8243; custom_padding_last_edited=&#8221;on|phone&#8221; _builder_version=&#8221;4.18.1&#8243; _module_preset=&#8221;default&#8221; custom_padding_tablet=&#8221;&#8221; custom_padding_phone=&#8221;0px||||false|false&#8221; global_colors_info=&#8221;{}&#8221;][et_pb_column type=&#8221;2_5&#8243; _builder_version=&#8221;4.18.1&#8243; _module_preset=&#8221;default&#8221; global_colors_info=&#8221;{}&#8221;][\/et_pb_column][et_pb_column type=&#8221;3_5&#8243; _builder_version=&#8221;4.18.1&#8243; _module_preset=&#8221;default&#8221; custom_padding=&#8221;|4%|||false|false&#8221; custom_padding_tablet=&#8221;|4%|80px||false|false&#8221; custom_padding_phone=&#8221;|0%|0px|0px|false|false&#8221; custom_padding_last_edited=&#8221;on|tablet&#8221; global_colors_info=&#8221;{}&#8221;][et_pb_text admin_label=&#8221;Titolo H1 introduzione sito&#8221; _builder_version=&#8221;4.19.0&#8243; text_font_size=&#8221;18px&#8221; custom_margin=&#8221;2px||||false|false&#8221; animation_style=&#8221;fade&#8221; animation_direction=&#8221;top&#8221; animation_delay=&#8221;600ms&#8221; locked=&#8221;off&#8221; global_colors_info=&#8221;{}&#8221;]<\/p>\n<p class=\"p1\">In seiner Rolle als Partner bei Blue Circle Capital hat er an einer Vielzahl von Projekten gearbeitet, die von der IT \u00fcber E-Commerce und Automobilindustrie bis zur Nahrungsmittelindustrie in den unterschiedlichsten Bereichen angesiedelt sind, und diese sowohl mit Eigenkapital- als auch mit Fremdkapitalberatung unter Beteiligung f\u00fchrender europ\u00e4ischer Private-Equity- und Private-Debt-Fonds unterst\u00fctzt.<\/p>\n<p class=\"p1\">Neben Italienisch spricht er flie\u00dfend Englisch und versteht Franz\u00f6sisch, Deutsch und Portugiesisch.<\/p>\n<p class=\"p1\">Nach einem Abschluss in theoretischer Philosophie an der Universit\u00e4t Rom erwarb er einen Master in Marketing bei Publitalia und einen Executive MBA am Polytechnikum Mailand.<\/p>\n<p>[\/et_pb_text][et_pb_button button_url=&#8221;https:\/\/bluecirclecapital.ch\/de\/team\/paolo-gramaglia\/&#8221; button_text=&#8221;Lernen Sie Paolo Gramaglia kennen&#8221; button_alignment=&#8221;right&#8221; button_alignment_tablet=&#8221;right&#8221; button_alignment_phone=&#8221;center&#8221; button_alignment_last_edited=&#8221;on|phone&#8221; _builder_version=&#8221;4.19.3&#8243; _module_preset=&#8221;default&#8221; custom_margin=&#8221;60px||||false|false&#8221; global_colors_info=&#8221;{}&#8221;][\/et_pb_button][\/et_pb_column][\/et_pb_row][\/et_pb_section]<\/p>\n","protected":false},"excerpt":{"rendered":"<p>Chiaretto Cal\u00f2 Mitgr\u00fcnder Vor der Gr\u00fcndung von Blue Circle Capital hatte Chiaretto mehrere F\u00fchrungspositionen in der Konsumg\u00fcterindustrie inne. Unter anderem war er f\u00fcr die europ\u00e4ische Integration von Schwarzkopf in die HENKEL-Gruppe verantwortlich, die dadurch ihre Ums\u00e4tze im Beauty-Bereich verdoppeln konnte. Anschlie\u00dfend war er bei UNILEVER f\u00fcr den Relaunch der historischen Marke Atkinsons verantwortlich, die sp\u00e4ter [&hellip;]<\/p>\n","protected":false},"author":6,"featured_media":0,"parent":1378,"menu_order":0,"comment_status":"closed","ping_status":"closed","template":"","meta":{"_et_pb_use_builder":"on","_et_pb_old_content":"","_et_gb_content_width":"","inline_featured_image":false,"footnotes":""},"class_list":["post-1384","page","type-page","status-publish","hentry"],"yoast_head":"<!-- This site is optimized with the Yoast SEO plugin v27.4 - https:\/\/yoast.com\/product\/yoast-seo-wordpress\/ -->\n<title>Chiaretto Cal\u00f2 - Blue Circle Capital<\/title>\n<meta name=\"description\" content=\"In seiner Rolle als Partner bei Blue Circle Capital hat er an einer Vielzahl von Projekten gearbeitet, die von der IT \u00fcber E-Commerce und Automobilindustrie bis zur Nahrungsmittelindustrie in den unterschiedlichsten Bereichen angesiedelt sind, und diese sowohl mit Eigenkapital- als auch mit Fremdkapitalberatung unter Beteiligung f\u00fchrender europ\u00e4ischer Private-Equity- und Private-Debt-Fonds unterst\u00fctzt.\" \/>\n<meta name=\"robots\" content=\"index, follow, max-snippet:-1, max-image-preview:large, max-video-preview:-1\" \/>\n<link rel=\"canonical\" href=\"https:\/\/bluecirclecapital.ch\/de\/team\/chiaretto-calo\/\" \/>\n<meta property=\"og:locale\" content=\"de_DE\" \/>\n<meta property=\"og:type\" content=\"article\" \/>\n<meta property=\"og:title\" content=\"Chiaretto Cal\u00f2 - Blue Circle Capital\" \/>\n<meta property=\"og:description\" content=\"In seiner Rolle als Partner bei Blue Circle Capital hat er an einer Vielzahl von Projekten gearbeitet, die von der IT \u00fcber E-Commerce und Automobilindustrie bis zur Nahrungsmittelindustrie in den unterschiedlichsten Bereichen angesiedelt sind, und diese sowohl mit Eigenkapital- als auch mit Fremdkapitalberatung unter Beteiligung f\u00fchrender europ\u00e4ischer Private-Equity- und Private-Debt-Fonds unterst\u00fctzt.\" \/>\n<meta property=\"og:url\" content=\"https:\/\/bluecirclecapital.ch\/de\/team\/chiaretto-calo\/\" \/>\n<meta property=\"og:site_name\" content=\"Blue Circle Capital\" \/>\n<meta property=\"article:modified_time\" content=\"2023-01-10T12:07:17+00:00\" \/>\n<meta name=\"twitter:card\" content=\"summary_large_image\" \/>\n<meta name=\"twitter:label1\" content=\"Gesch\u00e4tzte Lesezeit\" \/>\n\t<meta name=\"twitter:data1\" content=\"5\u00a0Minuten\" \/>\n<script type=\"application\/ld+json\" class=\"yoast-schema-graph\">{\"@context\":\"https:\\\/\\\/schema.org\",\"@graph\":[{\"@type\":\"WebPage\",\"@id\":\"https:\\\/\\\/bluecirclecapital.ch\\\/de\\\/team\\\/chiaretto-calo\\\/\",\"url\":\"https:\\\/\\\/bluecirclecapital.ch\\\/de\\\/team\\\/chiaretto-calo\\\/\",\"name\":\"Chiaretto Cal\u00f2 - Blue Circle Capital\",\"isPartOf\":{\"@id\":\"https:\\\/\\\/bluecirclecapital.ch\\\/de\\\/#website\"},\"datePublished\":\"2022-10-26T12:03:44+00:00\",\"dateModified\":\"2023-01-10T12:07:17+00:00\",\"description\":\"In seiner Rolle als Partner bei Blue Circle Capital hat er an einer Vielzahl von Projekten gearbeitet, die von der IT \u00fcber E-Commerce und Automobilindustrie bis zur Nahrungsmittelindustrie in den unterschiedlichsten Bereichen angesiedelt sind, und diese sowohl mit Eigenkapital- als auch mit Fremdkapitalberatung unter Beteiligung f\u00fchrender europ\u00e4ischer Private-Equity- und Private-Debt-Fonds unterst\u00fctzt.\",\"breadcrumb\":{\"@id\":\"https:\\\/\\\/bluecirclecapital.ch\\\/de\\\/team\\\/chiaretto-calo\\\/#breadcrumb\"},\"inLanguage\":\"de\",\"potentialAction\":[{\"@type\":\"ReadAction\",\"target\":[\"https:\\\/\\\/bluecirclecapital.ch\\\/de\\\/team\\\/chiaretto-calo\\\/\"]}]},{\"@type\":\"BreadcrumbList\",\"@id\":\"https:\\\/\\\/bluecirclecapital.ch\\\/de\\\/team\\\/chiaretto-calo\\\/#breadcrumb\",\"itemListElement\":[{\"@type\":\"ListItem\",\"position\":1,\"name\":\"Home\",\"item\":\"https:\\\/\\\/bluecirclecapital.ch\\\/de\\\/\"},{\"@type\":\"ListItem\",\"position\":2,\"name\":\"Team\",\"item\":\"https:\\\/\\\/bluecirclecapital.ch\\\/de\\\/team\\\/\"},{\"@type\":\"ListItem\",\"position\":3,\"name\":\"Chiaretto Cal\u00f2\"}]},{\"@type\":\"WebSite\",\"@id\":\"https:\\\/\\\/bluecirclecapital.ch\\\/de\\\/#website\",\"url\":\"https:\\\/\\\/bluecirclecapital.ch\\\/de\\\/\",\"name\":\"Blue Circle Capital\",\"description\":\"M&amp;A Zurich\",\"publisher\":{\"@id\":\"https:\\\/\\\/bluecirclecapital.ch\\\/de\\\/#organization\"},\"potentialAction\":[{\"@type\":\"SearchAction\",\"target\":{\"@type\":\"EntryPoint\",\"urlTemplate\":\"https:\\\/\\\/bluecirclecapital.ch\\\/de\\\/?s={search_term_string}\"},\"query-input\":{\"@type\":\"PropertyValueSpecification\",\"valueRequired\":true,\"valueName\":\"search_term_string\"}}],\"inLanguage\":\"de\"},{\"@type\":\"Organization\",\"@id\":\"https:\\\/\\\/bluecirclecapital.ch\\\/de\\\/#organization\",\"name\":\"Blue Circle Capital\",\"url\":\"https:\\\/\\\/bluecirclecapital.ch\\\/de\\\/\",\"logo\":{\"@type\":\"ImageObject\",\"inLanguage\":\"de\",\"@id\":\"https:\\\/\\\/bluecirclecapital.ch\\\/de\\\/#\\\/schema\\\/logo\\\/image\\\/\",\"url\":\"https:\\\/\\\/bluecirclecapital.ch\\\/wp-content\\\/uploads\\\/2022\\\/10\\\/BlueCircle-logo-orizzontale-colore.svg\",\"contentUrl\":\"https:\\\/\\\/bluecirclecapital.ch\\\/wp-content\\\/uploads\\\/2022\\\/10\\\/BlueCircle-logo-orizzontale-colore.svg\",\"width\":\"1024\",\"height\":\"1024\",\"caption\":\"Blue Circle Capital\"},\"image\":{\"@id\":\"https:\\\/\\\/bluecirclecapital.ch\\\/de\\\/#\\\/schema\\\/logo\\\/image\\\/\"}}]}<\/script>\n<!-- \/ Yoast SEO plugin. -->","yoast_head_json":{"title":"Chiaretto Cal\u00f2 - Blue Circle Capital","description":"In seiner Rolle als Partner bei Blue Circle Capital hat er an einer Vielzahl von Projekten gearbeitet, die von der IT \u00fcber E-Commerce und Automobilindustrie bis zur Nahrungsmittelindustrie in den unterschiedlichsten Bereichen angesiedelt sind, und diese sowohl mit Eigenkapital- als auch mit Fremdkapitalberatung unter Beteiligung f\u00fchrender europ\u00e4ischer Private-Equity- und Private-Debt-Fonds unterst\u00fctzt.","robots":{"index":"index","follow":"follow","max-snippet":"max-snippet:-1","max-image-preview":"max-image-preview:large","max-video-preview":"max-video-preview:-1"},"canonical":"https:\/\/bluecirclecapital.ch\/de\/team\/chiaretto-calo\/","og_locale":"de_DE","og_type":"article","og_title":"Chiaretto Cal\u00f2 - Blue Circle Capital","og_description":"In seiner Rolle als Partner bei Blue Circle Capital hat er an einer Vielzahl von Projekten gearbeitet, die von der IT \u00fcber E-Commerce und Automobilindustrie bis zur Nahrungsmittelindustrie in den unterschiedlichsten Bereichen angesiedelt sind, und diese sowohl mit Eigenkapital- als auch mit Fremdkapitalberatung unter Beteiligung f\u00fchrender europ\u00e4ischer Private-Equity- und Private-Debt-Fonds unterst\u00fctzt.","og_url":"https:\/\/bluecirclecapital.ch\/de\/team\/chiaretto-calo\/","og_site_name":"Blue Circle Capital","article_modified_time":"2023-01-10T12:07:17+00:00","twitter_card":"summary_large_image","twitter_misc":{"Gesch\u00e4tzte Lesezeit":"5\u00a0Minuten"},"schema":{"@context":"https:\/\/schema.org","@graph":[{"@type":"WebPage","@id":"https:\/\/bluecirclecapital.ch\/de\/team\/chiaretto-calo\/","url":"https:\/\/bluecirclecapital.ch\/de\/team\/chiaretto-calo\/","name":"Chiaretto Cal\u00f2 - Blue Circle Capital","isPartOf":{"@id":"https:\/\/bluecirclecapital.ch\/de\/#website"},"datePublished":"2022-10-26T12:03:44+00:00","dateModified":"2023-01-10T12:07:17+00:00","description":"In seiner Rolle als Partner bei Blue Circle Capital hat er an einer Vielzahl von Projekten gearbeitet, die von der IT \u00fcber E-Commerce und Automobilindustrie bis zur Nahrungsmittelindustrie in den unterschiedlichsten Bereichen angesiedelt sind, und diese sowohl mit Eigenkapital- als auch mit Fremdkapitalberatung unter Beteiligung f\u00fchrender europ\u00e4ischer Private-Equity- und Private-Debt-Fonds unterst\u00fctzt.","breadcrumb":{"@id":"https:\/\/bluecirclecapital.ch\/de\/team\/chiaretto-calo\/#breadcrumb"},"inLanguage":"de","potentialAction":[{"@type":"ReadAction","target":["https:\/\/bluecirclecapital.ch\/de\/team\/chiaretto-calo\/"]}]},{"@type":"BreadcrumbList","@id":"https:\/\/bluecirclecapital.ch\/de\/team\/chiaretto-calo\/#breadcrumb","itemListElement":[{"@type":"ListItem","position":1,"name":"Home","item":"https:\/\/bluecirclecapital.ch\/de\/"},{"@type":"ListItem","position":2,"name":"Team","item":"https:\/\/bluecirclecapital.ch\/de\/team\/"},{"@type":"ListItem","position":3,"name":"Chiaretto Cal\u00f2"}]},{"@type":"WebSite","@id":"https:\/\/bluecirclecapital.ch\/de\/#website","url":"https:\/\/bluecirclecapital.ch\/de\/","name":"Blue Circle Capital","description":"M&amp;A Zurich","publisher":{"@id":"https:\/\/bluecirclecapital.ch\/de\/#organization"},"potentialAction":[{"@type":"SearchAction","target":{"@type":"EntryPoint","urlTemplate":"https:\/\/bluecirclecapital.ch\/de\/?s={search_term_string}"},"query-input":{"@type":"PropertyValueSpecification","valueRequired":true,"valueName":"search_term_string"}}],"inLanguage":"de"},{"@type":"Organization","@id":"https:\/\/bluecirclecapital.ch\/de\/#organization","name":"Blue Circle Capital","url":"https:\/\/bluecirclecapital.ch\/de\/","logo":{"@type":"ImageObject","inLanguage":"de","@id":"https:\/\/bluecirclecapital.ch\/de\/#\/schema\/logo\/image\/","url":"https:\/\/bluecirclecapital.ch\/wp-content\/uploads\/2022\/10\/BlueCircle-logo-orizzontale-colore.svg","contentUrl":"https:\/\/bluecirclecapital.ch\/wp-content\/uploads\/2022\/10\/BlueCircle-logo-orizzontale-colore.svg","width":"1024","height":"1024","caption":"Blue Circle Capital"},"image":{"@id":"https:\/\/bluecirclecapital.ch\/de\/#\/schema\/logo\/image\/"}}]}},"_links":{"self":[{"href":"https:\/\/bluecirclecapital.ch\/de\/wp-json\/wp\/v2\/pages\/1384","targetHints":{"allow":["GET"]}}],"collection":[{"href":"https:\/\/bluecirclecapital.ch\/de\/wp-json\/wp\/v2\/pages"}],"about":[{"href":"https:\/\/bluecirclecapital.ch\/de\/wp-json\/wp\/v2\/types\/page"}],"author":[{"embeddable":true,"href":"https:\/\/bluecirclecapital.ch\/de\/wp-json\/wp\/v2\/users\/6"}],"replies":[{"embeddable":true,"href":"https:\/\/bluecirclecapital.ch\/de\/wp-json\/wp\/v2\/comments?post=1384"}],"version-history":[{"count":5,"href":"https:\/\/bluecirclecapital.ch\/de\/wp-json\/wp\/v2\/pages\/1384\/revisions"}],"predecessor-version":[{"id":1597,"href":"https:\/\/bluecirclecapital.ch\/de\/wp-json\/wp\/v2\/pages\/1384\/revisions\/1597"}],"up":[{"embeddable":true,"href":"https:\/\/bluecirclecapital.ch\/de\/wp-json\/wp\/v2\/pages\/1378"}],"wp:attachment":[{"href":"https:\/\/bluecirclecapital.ch\/de\/wp-json\/wp\/v2\/media?parent=1384"}],"curies":[{"name":"wp","href":"https:\/\/api.w.org\/{rel}","templated":true}]}}