{"id":1387,"date":"2022-10-26T14:27:14","date_gmt":"2022-10-26T12:27:14","guid":{"rendered":"https:\/\/bluecirclecapital.ch\/partner\/paolo-gramaglia\/"},"modified":"2023-01-10T13:08:15","modified_gmt":"2023-01-10T12:08:15","slug":"paolo-gramaglia","status":"publish","type":"page","link":"https:\/\/bluecirclecapital.ch\/de\/team\/paolo-gramaglia\/","title":{"rendered":"Paolo Gramaglia"},"content":{"rendered":"<p>[et_pb_section fb_built=&#8221;1&#8243; _builder_version=&#8221;4.18.1&#8243; _module_preset=&#8221;default&#8221; background_enable_color=&#8221;off&#8221; background_image=&#8221;https:\/\/bluecirclecapital.ch\/wp-content\/uploads\/2022\/10\/imgApertura_bg.png&#8221; background_position=&#8221;top_left&#8221; z_index=&#8221;15&#8243; custom_margin=&#8221;0px||||false|false&#8221; custom_padding=&#8221;30px||0px||false|false&#8221; global_colors_info=&#8221;{}&#8221;][et_pb_row column_structure=&#8221;3_5,2_5&#8243; use_custom_gutter=&#8221;on&#8221; gutter_width=&#8221;1&#8243; module_id=&#8221;chiarettoCal\u00f2&#8221; _builder_version=&#8221;4.18.0&#8243; _module_preset=&#8221;default&#8221; custom_margin=&#8221;4px|auto||auto||&#8221; custom_padding=&#8221;2px|||||&#8221; global_colors_info=&#8221;{}&#8221;][et_pb_column type=&#8221;3_5&#8243; _builder_version=&#8221;4.18.0&#8243; _module_preset=&#8221;default&#8221; background_enable_color=&#8221;off&#8221; global_colors_info=&#8221;{}&#8221;][et_pb_text admin_label=&#8221;Titolo H1 introduzione sito&#8221; _builder_version=&#8221;4.18.1&#8243; header_5_text_align=&#8221;right&#8221; header_5_text_color=&#8221;#2776CC&#8221; text_orientation=&#8221;right&#8221; module_alignment=&#8221;right&#8221; custom_margin=&#8221;||||false|false&#8221; custom_margin_tablet=&#8221;||||false|false&#8221; custom_margin_phone=&#8221;||40px||false|false&#8221; custom_margin_last_edited=&#8221;on|phone&#8221; custom_padding=&#8221;||||false|false&#8221; animation_style=&#8221;slide&#8221; animation_direction=&#8221;bottom&#8221; animation_delay=&#8221;500ms&#8221; animation_intensity_slide=&#8221;5%&#8221; locked=&#8221;off&#8221; global_colors_info=&#8221;{}&#8221;]<\/p>\n<h2>Paolo Gramaglia<\/h2>\n<p><span style=\"color: #2776cc; font-size: 16px; font-weight: bold;\">Mitgr\u00fcnder <\/span><\/p>\n<p>[\/et_pb_text][\/et_pb_column][et_pb_column type=&#8221;2_5&#8243; _builder_version=&#8221;4.18.0&#8243; _module_preset=&#8221;default&#8221; background_enable_color=&#8221;off&#8221; custom_padding=&#8221;30px|10vw||22vw|false|false&#8221; global_colors_info=&#8221;{}&#8221;][\/et_pb_column][\/et_pb_row][\/et_pb_section][et_pb_section fb_built=&#8221;1&#8243; _builder_version=&#8221;4.18.1&#8243; _module_preset=&#8221;default&#8221; background_enable_image=&#8221;off&#8221; z_index=&#8221;15&#8243; custom_margin=&#8221;0px||||false|false&#8221; custom_padding=&#8221;0px||0px||false|false&#8221; locked=&#8221;off&#8221; global_colors_info=&#8221;{}&#8221;][et_pb_row column_structure=&#8221;1_2,1_2&#8243; use_custom_gutter=&#8221;on&#8221; gutter_width=&#8221;1&#8243; custom_padding_last_edited=&#8221;on|tablet&#8221; admin_label=&#8221;Riga&#8221; _builder_version=&#8221;4.18.1&#8243; _module_preset=&#8221;default&#8221; background_enable_image=&#8221;off&#8221; background_size=&#8221;contain&#8221; background_position=&#8221;top_right&#8221; width=&#8221;100%&#8221; module_alignment=&#8221;center&#8221; custom_margin_tablet=&#8221;&#8221; custom_margin_phone=&#8221;-40px||||false|false&#8221; custom_margin_last_edited=&#8221;on|phone&#8221; custom_padding=&#8221;||40px||false|false&#8221; custom_padding_tablet=&#8221;0px||0px||false|false&#8221; custom_padding_phone=&#8221;0px||0px||false|false&#8221; background_last_edited=&#8221;on|desktop&#8221; global_colors_info=&#8221;{}&#8221;][et_pb_column type=&#8221;1_2&#8243; _builder_version=&#8221;4.18.1&#8243; _module_preset=&#8221;default&#8221; custom_padding=&#8221;40px|30px|40px|110px|false|false&#8221; custom_padding_tablet=&#8221;0px|60px|0px|70px|false|false&#8221; custom_padding_phone=&#8221;|40px||30px|false|false&#8221; custom_padding_last_edited=&#8221;on|tablet&#8221; global_colors_info=&#8221;{}&#8221;][et_pb_text admin_label=&#8221;Titolo H1 introduzione sito&#8221; _builder_version=&#8221;4.19.0&#8243; text_font_size=&#8221;18px&#8221; animation_style=&#8221;fade&#8221; animation_direction=&#8221;top&#8221; animation_delay=&#8221;300ms&#8221; locked=&#8221;off&#8221; global_colors_info=&#8221;{}&#8221;]<\/p>\n<p class=\"p1\">Nach seinem Abschluss in Wirtschaftswissenschaften an der Universit\u00e4t Turin begann Paolo seine berufliche Laufbahn als Finanzanalyst bei Fininvest und wechselte dann schnell ins Industriemanagement am Pariser Hauptsitz eines gro\u00dfen multinationalen Bekleidungsunternehmens, wo er unter anderem f\u00fcr die Akquisition und Produktionsrationalisierung der Gruppe zust\u00e4ndig war.<\/p>\n<p class=\"p1\">Nachdem er als Leiter von Operationen in Nordafrika neue Erfahrungen gesammelt hatte, kehrte er zum italienischen Hauptsitz zur\u00fcck und leitete zwei Turnarounds in der Textilabteilung von Miroglio, deren CEO er 2011 wurde.<\/p>\n<p>[\/et_pb_text][et_pb_text admin_label=&#8221;Titolo H1 introduzione sito&#8221; _builder_version=&#8221;4.19.0&#8243; text_font_size=&#8221;18px&#8221; custom_margin=&#8221;29px||||false|false&#8221; animation_style=&#8221;fade&#8221; animation_direction=&#8221;top&#8221; animation_delay=&#8221;400ms&#8221; locked=&#8221;off&#8221; global_colors_info=&#8221;{}&#8221;]<\/p>\n<p class=\"p1\">Er war Gr\u00fcnder und Co-CEO von Imprima, dem gr\u00f6\u00dften digitalen Textildrucker Europas. In diesem Unternehmen mit 200-Millionen-Euro-Umsatz, das durch eine Private-Equity-Finanzierung unterst\u00fctzt wurde, trug er zum strategischen Aufbau und zur \u00dcbernahme von 7 Unternehmen in Deutschland, Italien und den Vereinigten Staaten bei.<\/p>\n<p>[\/et_pb_text][\/et_pb_column][et_pb_column type=&#8221;1_2&#8243; _builder_version=&#8221;4.18.1&#8243; _module_preset=&#8221;default&#8221; background_image=&#8221;https:\/\/bluecirclecapital.ch\/wp-content\/uploads\/2022\/10\/Img-philosophy_bg.png&#8221; custom_padding=&#8221;60px|40px||60px|false|false&#8221; sticky_position=&#8221;top&#8221; sticky_offset_top=&#8221;30px&#8221; sticky_limit_bottom=&#8221;row&#8221; sticky_position_tablet=&#8221;none&#8221; sticky_position_phone=&#8221;none&#8221; sticky_position_last_edited=&#8221;on|tablet&#8221; sticky_offset_top_tablet=&#8221;0px&#8221; sticky_offset_top_phone=&#8221;0px&#8221; sticky_offset_top_last_edited=&#8221;on|tablet&#8221; global_colors_info=&#8221;{}&#8221;][et_pb_image src=&#8221;https:\/\/bluecirclecapital.ch\/wp-content\/uploads\/2022\/10\/lomeglia-B.png&#8221; title_text=&#8221;lomeglia-B&#8221; align=&#8221;right&#8221; _builder_version=&#8221;4.18.1&#8243; _module_preset=&#8221;default&#8221; max_width=&#8221;81%&#8221; max_width_tablet=&#8221;70%&#8221; max_width_phone=&#8221;100%&#8221; max_width_last_edited=&#8221;on|phone&#8221; animation_style=&#8221;slide&#8221; animation_direction=&#8221;right&#8221; animation_intensity_slide=&#8221;5%&#8221; scroll_vertical_motion=&#8221;0|50|50|100|2|0|-2&#8243; scroll_horizontal_motion=&#8221;0|50|50|100|0.5|0|-0.5&#8243; global_colors_info=&#8221;{}&#8221;][\/et_pb_image][\/et_pb_column][\/et_pb_row][\/et_pb_section][et_pb_section fb_built=&#8221;1&#8243; _builder_version=&#8221;4.18.1&#8243; _module_preset=&#8221;default&#8221; background_image=&#8221;https:\/\/bluecirclecapital.ch\/wp-content\/uploads\/2022\/10\/bg-blu-2.png&#8221; background_size=&#8221;contain&#8221; background_position=&#8221;center_left&#8221; custom_padding=&#8221;26px|||||&#8221; background_last_edited=&#8221;on|phone&#8221; background_position_phone=&#8221;bottom_left&#8221; global_colors_info=&#8221;{}&#8221;][et_pb_row column_structure=&#8221;2_5,3_5&#8243; custom_padding_last_edited=&#8221;on|tablet&#8221; _builder_version=&#8221;4.18.1&#8243; _module_preset=&#8221;default&#8221; width_tablet=&#8221;&#8221; width_phone=&#8221;85%&#8221; width_last_edited=&#8221;on|phone&#8221; custom_padding_tablet=&#8221;0px||30px||false|false&#8221; custom_padding_phone=&#8221;||0px||false|false&#8221; global_colors_info=&#8221;{}&#8221;][et_pb_column type=&#8221;2_5&#8243; _builder_version=&#8221;4.18.0&#8243; _module_preset=&#8221;default&#8221; global_colors_info=&#8221;{}&#8221;][\/et_pb_column][et_pb_column type=&#8221;3_5&#8243; _builder_version=&#8221;4.18.1&#8243; _module_preset=&#8221;default&#8221; custom_padding=&#8221;|4%|||false|false&#8221; custom_padding_tablet=&#8221;|0px|||false|false&#8221; custom_padding_phone=&#8221;|0px|||false|false&#8221; custom_padding_last_edited=&#8221;on|tablet&#8221; global_colors_info=&#8221;{}&#8221;][et_pb_text admin_label=&#8221;Titolo H1 introduzione sito&#8221; _builder_version=&#8221;4.19.0&#8243; text_font_size=&#8221;18px&#8221; custom_margin=&#8221;2px||||false|false&#8221; animation_style=&#8221;fade&#8221; animation_direction=&#8221;top&#8221; animation_delay=&#8221;600ms&#8221; locked=&#8221;off&#8221; global_colors_info=&#8221;{}&#8221;]<\/p>\n<p class=\"p1\">Seit 2015 ist er im Bereich M&amp;A und Unternehmensfinanzierung in der Schweiz t\u00e4tig, mit besonderem Fokus auf familieninterne Operationen und Nachfolgen. Er war in verschiedenen Vorst\u00e4nden t\u00e4tig und sitzt heute zus\u00e4tzlich zu dem der Blue Circle Capital AG auch im Board of Directors der Avirex SA.<\/p>\n<p class=\"p1\">Er ist italienischer Muttersprachler, spricht flie\u00dfend Franz\u00f6sisch und verf\u00fcgt \u00fcber gute Englischkenntnisse.<\/p>\n<p>[\/et_pb_text][et_pb_button button_url=&#8221;https:\/\/bluecirclecapital.ch\/de\/partner\/chiaretto-calo\/&#8221; button_text=&#8221;Lernen Sie Chiaretto Cal\u00f2 kennen&#8221; button_alignment=&#8221;right&#8221; button_alignment_tablet=&#8221;right&#8221; button_alignment_phone=&#8221;center&#8221; button_alignment_last_edited=&#8221;on|phone&#8221; _builder_version=&#8221;4.18.1&#8243; _module_preset=&#8221;default&#8221; custom_margin=&#8221;60px||||false|false&#8221; global_colors_info=&#8221;{}&#8221;][\/et_pb_button][\/et_pb_column][\/et_pb_row][\/et_pb_section]<\/p>\n","protected":false},"excerpt":{"rendered":"<p>Paolo Gramaglia Mitgr\u00fcnder Nach seinem Abschluss in Wirtschaftswissenschaften an der Universit\u00e4t Turin begann Paolo seine berufliche Laufbahn als Finanzanalyst bei Fininvest und wechselte dann schnell ins Industriemanagement am Pariser Hauptsitz eines gro\u00dfen multinationalen Bekleidungsunternehmens, wo er unter anderem f\u00fcr die Akquisition und Produktionsrationalisierung der Gruppe zust\u00e4ndig war. Nachdem er als Leiter von Operationen in Nordafrika [&hellip;]<\/p>\n","protected":false},"author":6,"featured_media":0,"parent":1378,"menu_order":0,"comment_status":"closed","ping_status":"closed","template":"","meta":{"_et_pb_use_builder":"on","_et_pb_old_content":"","_et_gb_content_width":"","inline_featured_image":false,"footnotes":""},"class_list":["post-1387","page","type-page","status-publish","hentry"],"yoast_head":"<!-- This site is optimized with the Yoast SEO plugin v27.4 - https:\/\/yoast.com\/product\/yoast-seo-wordpress\/ -->\n<title>Paolo Gramaglia - Blue Circle Capital<\/title>\n<meta name=\"description\" content=\"Nach einem Abschluss in theoretischer Philosophie an der Universit\u00e4t Rom erwarb er einen Master in Marketing bei Publitalia und einen Executive MBA am Polytechnikum Mailand.\" \/>\n<meta name=\"robots\" content=\"index, follow, max-snippet:-1, max-image-preview:large, max-video-preview:-1\" \/>\n<link rel=\"canonical\" href=\"https:\/\/bluecirclecapital.ch\/de\/team\/paolo-gramaglia\/\" \/>\n<meta property=\"og:locale\" content=\"de_DE\" \/>\n<meta property=\"og:type\" content=\"article\" \/>\n<meta property=\"og:title\" content=\"Paolo Gramaglia - Blue Circle Capital\" \/>\n<meta property=\"og:description\" content=\"Nach einem Abschluss in theoretischer Philosophie an der Universit\u00e4t Rom erwarb er einen Master in Marketing bei Publitalia und einen Executive MBA am Polytechnikum Mailand.\" \/>\n<meta property=\"og:url\" content=\"https:\/\/bluecirclecapital.ch\/de\/team\/paolo-gramaglia\/\" \/>\n<meta property=\"og:site_name\" content=\"Blue Circle Capital\" \/>\n<meta property=\"article:modified_time\" content=\"2023-01-10T12:08:15+00:00\" \/>\n<meta name=\"twitter:card\" content=\"summary_large_image\" \/>\n<meta name=\"twitter:label1\" content=\"Gesch\u00e4tzte Lesezeit\" \/>\n\t<meta name=\"twitter:data1\" content=\"5\u00a0Minuten\" \/>\n<script type=\"application\/ld+json\" class=\"yoast-schema-graph\">{\"@context\":\"https:\\\/\\\/schema.org\",\"@graph\":[{\"@type\":\"WebPage\",\"@id\":\"https:\\\/\\\/bluecirclecapital.ch\\\/de\\\/team\\\/paolo-gramaglia\\\/\",\"url\":\"https:\\\/\\\/bluecirclecapital.ch\\\/de\\\/team\\\/paolo-gramaglia\\\/\",\"name\":\"Paolo Gramaglia - Blue Circle Capital\",\"isPartOf\":{\"@id\":\"https:\\\/\\\/bluecirclecapital.ch\\\/de\\\/#website\"},\"datePublished\":\"2022-10-26T12:27:14+00:00\",\"dateModified\":\"2023-01-10T12:08:15+00:00\",\"description\":\"Nach einem Abschluss in theoretischer Philosophie an der Universit\u00e4t Rom erwarb er einen Master in Marketing bei Publitalia und einen Executive MBA am Polytechnikum Mailand.\",\"breadcrumb\":{\"@id\":\"https:\\\/\\\/bluecirclecapital.ch\\\/de\\\/team\\\/paolo-gramaglia\\\/#breadcrumb\"},\"inLanguage\":\"de\",\"potentialAction\":[{\"@type\":\"ReadAction\",\"target\":[\"https:\\\/\\\/bluecirclecapital.ch\\\/de\\\/team\\\/paolo-gramaglia\\\/\"]}]},{\"@type\":\"BreadcrumbList\",\"@id\":\"https:\\\/\\\/bluecirclecapital.ch\\\/de\\\/team\\\/paolo-gramaglia\\\/#breadcrumb\",\"itemListElement\":[{\"@type\":\"ListItem\",\"position\":1,\"name\":\"Home\",\"item\":\"https:\\\/\\\/bluecirclecapital.ch\\\/de\\\/\"},{\"@type\":\"ListItem\",\"position\":2,\"name\":\"Team\",\"item\":\"https:\\\/\\\/bluecirclecapital.ch\\\/de\\\/team\\\/\"},{\"@type\":\"ListItem\",\"position\":3,\"name\":\"Paolo Gramaglia\"}]},{\"@type\":\"WebSite\",\"@id\":\"https:\\\/\\\/bluecirclecapital.ch\\\/de\\\/#website\",\"url\":\"https:\\\/\\\/bluecirclecapital.ch\\\/de\\\/\",\"name\":\"Blue Circle Capital\",\"description\":\"M&amp;A Zurich\",\"publisher\":{\"@id\":\"https:\\\/\\\/bluecirclecapital.ch\\\/de\\\/#organization\"},\"potentialAction\":[{\"@type\":\"SearchAction\",\"target\":{\"@type\":\"EntryPoint\",\"urlTemplate\":\"https:\\\/\\\/bluecirclecapital.ch\\\/de\\\/?s={search_term_string}\"},\"query-input\":{\"@type\":\"PropertyValueSpecification\",\"valueRequired\":true,\"valueName\":\"search_term_string\"}}],\"inLanguage\":\"de\"},{\"@type\":\"Organization\",\"@id\":\"https:\\\/\\\/bluecirclecapital.ch\\\/de\\\/#organization\",\"name\":\"Blue Circle Capital\",\"url\":\"https:\\\/\\\/bluecirclecapital.ch\\\/de\\\/\",\"logo\":{\"@type\":\"ImageObject\",\"inLanguage\":\"de\",\"@id\":\"https:\\\/\\\/bluecirclecapital.ch\\\/de\\\/#\\\/schema\\\/logo\\\/image\\\/\",\"url\":\"https:\\\/\\\/bluecirclecapital.ch\\\/wp-content\\\/uploads\\\/2022\\\/10\\\/BlueCircle-logo-orizzontale-colore.svg\",\"contentUrl\":\"https:\\\/\\\/bluecirclecapital.ch\\\/wp-content\\\/uploads\\\/2022\\\/10\\\/BlueCircle-logo-orizzontale-colore.svg\",\"width\":\"1024\",\"height\":\"1024\",\"caption\":\"Blue Circle Capital\"},\"image\":{\"@id\":\"https:\\\/\\\/bluecirclecapital.ch\\\/de\\\/#\\\/schema\\\/logo\\\/image\\\/\"}}]}<\/script>\n<!-- \/ Yoast SEO plugin. -->","yoast_head_json":{"title":"Paolo Gramaglia - Blue Circle Capital","description":"Nach einem Abschluss in theoretischer Philosophie an der Universit\u00e4t Rom erwarb er einen Master in Marketing bei Publitalia und einen Executive MBA am Polytechnikum Mailand.","robots":{"index":"index","follow":"follow","max-snippet":"max-snippet:-1","max-image-preview":"max-image-preview:large","max-video-preview":"max-video-preview:-1"},"canonical":"https:\/\/bluecirclecapital.ch\/de\/team\/paolo-gramaglia\/","og_locale":"de_DE","og_type":"article","og_title":"Paolo Gramaglia - Blue Circle Capital","og_description":"Nach einem Abschluss in theoretischer Philosophie an der Universit\u00e4t Rom erwarb er einen Master in Marketing bei Publitalia und einen Executive MBA am Polytechnikum Mailand.","og_url":"https:\/\/bluecirclecapital.ch\/de\/team\/paolo-gramaglia\/","og_site_name":"Blue Circle Capital","article_modified_time":"2023-01-10T12:08:15+00:00","twitter_card":"summary_large_image","twitter_misc":{"Gesch\u00e4tzte Lesezeit":"5\u00a0Minuten"},"schema":{"@context":"https:\/\/schema.org","@graph":[{"@type":"WebPage","@id":"https:\/\/bluecirclecapital.ch\/de\/team\/paolo-gramaglia\/","url":"https:\/\/bluecirclecapital.ch\/de\/team\/paolo-gramaglia\/","name":"Paolo Gramaglia - Blue Circle Capital","isPartOf":{"@id":"https:\/\/bluecirclecapital.ch\/de\/#website"},"datePublished":"2022-10-26T12:27:14+00:00","dateModified":"2023-01-10T12:08:15+00:00","description":"Nach einem Abschluss in theoretischer Philosophie an der Universit\u00e4t Rom erwarb er einen Master in Marketing bei Publitalia und einen Executive MBA am Polytechnikum Mailand.","breadcrumb":{"@id":"https:\/\/bluecirclecapital.ch\/de\/team\/paolo-gramaglia\/#breadcrumb"},"inLanguage":"de","potentialAction":[{"@type":"ReadAction","target":["https:\/\/bluecirclecapital.ch\/de\/team\/paolo-gramaglia\/"]}]},{"@type":"BreadcrumbList","@id":"https:\/\/bluecirclecapital.ch\/de\/team\/paolo-gramaglia\/#breadcrumb","itemListElement":[{"@type":"ListItem","position":1,"name":"Home","item":"https:\/\/bluecirclecapital.ch\/de\/"},{"@type":"ListItem","position":2,"name":"Team","item":"https:\/\/bluecirclecapital.ch\/de\/team\/"},{"@type":"ListItem","position":3,"name":"Paolo Gramaglia"}]},{"@type":"WebSite","@id":"https:\/\/bluecirclecapital.ch\/de\/#website","url":"https:\/\/bluecirclecapital.ch\/de\/","name":"Blue Circle Capital","description":"M&amp;A Zurich","publisher":{"@id":"https:\/\/bluecirclecapital.ch\/de\/#organization"},"potentialAction":[{"@type":"SearchAction","target":{"@type":"EntryPoint","urlTemplate":"https:\/\/bluecirclecapital.ch\/de\/?s={search_term_string}"},"query-input":{"@type":"PropertyValueSpecification","valueRequired":true,"valueName":"search_term_string"}}],"inLanguage":"de"},{"@type":"Organization","@id":"https:\/\/bluecirclecapital.ch\/de\/#organization","name":"Blue Circle Capital","url":"https:\/\/bluecirclecapital.ch\/de\/","logo":{"@type":"ImageObject","inLanguage":"de","@id":"https:\/\/bluecirclecapital.ch\/de\/#\/schema\/logo\/image\/","url":"https:\/\/bluecirclecapital.ch\/wp-content\/uploads\/2022\/10\/BlueCircle-logo-orizzontale-colore.svg","contentUrl":"https:\/\/bluecirclecapital.ch\/wp-content\/uploads\/2022\/10\/BlueCircle-logo-orizzontale-colore.svg","width":"1024","height":"1024","caption":"Blue Circle Capital"},"image":{"@id":"https:\/\/bluecirclecapital.ch\/de\/#\/schema\/logo\/image\/"}}]}},"_links":{"self":[{"href":"https:\/\/bluecirclecapital.ch\/de\/wp-json\/wp\/v2\/pages\/1387","targetHints":{"allow":["GET"]}}],"collection":[{"href":"https:\/\/bluecirclecapital.ch\/de\/wp-json\/wp\/v2\/pages"}],"about":[{"href":"https:\/\/bluecirclecapital.ch\/de\/wp-json\/wp\/v2\/types\/page"}],"author":[{"embeddable":true,"href":"https:\/\/bluecirclecapital.ch\/de\/wp-json\/wp\/v2\/users\/6"}],"replies":[{"embeddable":true,"href":"https:\/\/bluecirclecapital.ch\/de\/wp-json\/wp\/v2\/comments?post=1387"}],"version-history":[{"count":3,"href":"https:\/\/bluecirclecapital.ch\/de\/wp-json\/wp\/v2\/pages\/1387\/revisions"}],"predecessor-version":[{"id":1598,"href":"https:\/\/bluecirclecapital.ch\/de\/wp-json\/wp\/v2\/pages\/1387\/revisions\/1598"}],"up":[{"embeddable":true,"href":"https:\/\/bluecirclecapital.ch\/de\/wp-json\/wp\/v2\/pages\/1378"}],"wp:attachment":[{"href":"https:\/\/bluecirclecapital.ch\/de\/wp-json\/wp\/v2\/media?parent=1387"}],"curies":[{"name":"wp","href":"https:\/\/api.w.org\/{rel}","templated":true}]}}