{"id":1464,"date":"2022-10-27T13:46:55","date_gmt":"2022-10-27T11:46:55","guid":{"rendered":"https:\/\/bluecirclecapital.ch\/expertises\/fusions-acquisitions-cote-vendeur\/"},"modified":"2023-01-10T10:43:02","modified_gmt":"2023-01-10T09:43:02","slug":"ma-sell-side","status":"publish","type":"page","link":"https:\/\/bluecirclecapital.ch\/fr\/expertises\/ma-sell-side\/","title":{"rendered":"M&#038;A Sell-Side"},"content":{"rendered":"<h4 class=\"p1\"><em><strong><span class=\"s1\">\u00ab \u00catre aux c\u00f4t\u00e9s des entrepreneurs lors de leur d\u00e9cision la plus importante. \u00bb<\/span><\/strong><\/em><\/h4>\n<p class=\"p1\">Les entrepreneurs consacrent toute leur \u00e9nergie aux succ\u00e8s de leur activit\u00e9. Le moment venu, nous les accompagnons pour trouver le bon partenaire, en termes de capital et de synergie.<\/p>\n<p class=\"p1\">La mission qui nous est la plus fr\u00e9quemment demand\u00e9e, et qui est aussi la plus d\u00e9licate, est celle d\u2019organiser la transmission de l\u2019entreprise. Dans de nombreux cas, les propri\u00e9taires doivent passer le flambeau \u00e0 la g\u00e9n\u00e9ration suivante ou c\u00e9der le fruit du travail de toute une vie. Il s\u2019agit naturellement d\u2019un moment complexe sous l\u2019angle \u00e9motionnel. Blue Circle Capital d\u00e9finit la meilleure strat\u00e9gie de transition qui soit en accompagnant l\u2019entrepreneur et son interlocuteur avec sens de l\u2019\u00e9coute et sensibilit\u00e9.<\/p>\n<p class=\"p1\">En tant que conseillers en fusion-acquisition, nous aidons \u00e0 surmonter les probl\u00e8mes et affronter les difficult\u00e9s d\u2019une telle transaction. Nous all\u00e9geons le fardeau et \u0153uvrons pour garantir le succ\u00e8s de l\u2019op\u00e9ration.<\/p>\n","protected":false},"excerpt":{"rendered":"<p>\u00ab \u00catre aux c\u00f4t\u00e9s des entrepreneurs lors de leur d\u00e9cision la plus importante. \u00bb Les entrepreneurs consacrent toute leur \u00e9nergie aux succ\u00e8s de leur activit\u00e9. Le moment venu, nous les accompagnons pour trouver le bon partenaire, en termes de capital et de synergie. La mission qui nous est la plus fr\u00e9quemment demand\u00e9e, et qui est [&hellip;]<\/p>\n","protected":false},"author":6,"featured_media":768,"parent":1461,"menu_order":0,"comment_status":"closed","ping_status":"closed","template":"","meta":{"_et_pb_use_builder":"off","_et_pb_old_content":"","_et_gb_content_width":"","inline_featured_image":false,"footnotes":""},"class_list":["post-1464","page","type-page","status-publish","has-post-thumbnail","hentry"],"yoast_head":"<!-- This site is optimized with the Yoast SEO plugin v27.4 - https:\/\/yoast.com\/product\/yoast-seo-wordpress\/ -->\n<title>M&amp;A Sell-Side - Blue Circle Capital<\/title>\n<meta name=\"robots\" content=\"index, follow, max-snippet:-1, max-image-preview:large, max-video-preview:-1\" \/>\n<link rel=\"canonical\" href=\"https:\/\/bluecirclecapital.ch\/fr\/expertises\/ma-sell-side\/\" \/>\n<meta property=\"og:locale\" content=\"fr_FR\" \/>\n<meta property=\"og:type\" content=\"article\" \/>\n<meta property=\"og:title\" content=\"M&amp;A Sell-Side - Blue Circle Capital\" \/>\n<meta property=\"og:description\" content=\"\u00ab \u00catre aux c\u00f4t\u00e9s des entrepreneurs lors de leur d\u00e9cision la plus importante. \u00bb Les entrepreneurs consacrent toute leur \u00e9nergie aux succ\u00e8s de leur activit\u00e9. Le moment venu, nous les accompagnons pour trouver le bon partenaire, en termes de capital et de synergie. La mission qui nous est la plus fr\u00e9quemment demand\u00e9e, et qui est [&hellip;]\" \/>\n<meta property=\"og:url\" content=\"https:\/\/bluecirclecapital.ch\/fr\/expertises\/ma-sell-side\/\" \/>\n<meta property=\"og:site_name\" content=\"Blue Circle Capital\" \/>\n<meta property=\"article:modified_time\" content=\"2023-01-10T09:43:02+00:00\" \/>\n<meta property=\"og:image\" content=\"https:\/\/bluecirclecapital.ch\/wp-content\/uploads\/2022\/10\/servizio-sell-side2.png\" \/>\n\t<meta property=\"og:image:width\" content=\"983\" \/>\n\t<meta property=\"og:image:height\" content=\"872\" \/>\n\t<meta property=\"og:image:type\" content=\"image\/png\" \/>\n<meta name=\"twitter:card\" content=\"summary_large_image\" \/>\n<meta name=\"twitter:label1\" content=\"Dur\u00e9e de lecture estim\u00e9e\" \/>\n\t<meta name=\"twitter:data1\" content=\"1 minute\" \/>\n<script type=\"application\/ld+json\" class=\"yoast-schema-graph\">{\"@context\":\"https:\\\/\\\/schema.org\",\"@graph\":[{\"@type\":\"WebPage\",\"@id\":\"https:\\\/\\\/bluecirclecapital.ch\\\/fr\\\/expertises\\\/ma-sell-side\\\/\",\"url\":\"https:\\\/\\\/bluecirclecapital.ch\\\/fr\\\/expertises\\\/ma-sell-side\\\/\",\"name\":\"M&A Sell-Side - Blue Circle Capital\",\"isPartOf\":{\"@id\":\"https:\\\/\\\/bluecirclecapital.ch\\\/fr\\\/#website\"},\"primaryImageOfPage\":{\"@id\":\"https:\\\/\\\/bluecirclecapital.ch\\\/fr\\\/expertises\\\/ma-sell-side\\\/#primaryimage\"},\"image\":{\"@id\":\"https:\\\/\\\/bluecirclecapital.ch\\\/fr\\\/expertises\\\/ma-sell-side\\\/#primaryimage\"},\"thumbnailUrl\":\"https:\\\/\\\/bluecirclecapital.ch\\\/wp-content\\\/uploads\\\/2022\\\/10\\\/servizio-sell-side2.png\",\"datePublished\":\"2022-10-27T11:46:55+00:00\",\"dateModified\":\"2023-01-10T09:43:02+00:00\",\"breadcrumb\":{\"@id\":\"https:\\\/\\\/bluecirclecapital.ch\\\/fr\\\/expertises\\\/ma-sell-side\\\/#breadcrumb\"},\"inLanguage\":\"fr-FR\",\"potentialAction\":[{\"@type\":\"ReadAction\",\"target\":[\"https:\\\/\\\/bluecirclecapital.ch\\\/fr\\\/expertises\\\/ma-sell-side\\\/\"]}]},{\"@type\":\"ImageObject\",\"inLanguage\":\"fr-FR\",\"@id\":\"https:\\\/\\\/bluecirclecapital.ch\\\/fr\\\/expertises\\\/ma-sell-side\\\/#primaryimage\",\"url\":\"https:\\\/\\\/bluecirclecapital.ch\\\/wp-content\\\/uploads\\\/2022\\\/10\\\/servizio-sell-side2.png\",\"contentUrl\":\"https:\\\/\\\/bluecirclecapital.ch\\\/wp-content\\\/uploads\\\/2022\\\/10\\\/servizio-sell-side2.png\",\"width\":983,\"height\":872},{\"@type\":\"BreadcrumbList\",\"@id\":\"https:\\\/\\\/bluecirclecapital.ch\\\/fr\\\/expertises\\\/ma-sell-side\\\/#breadcrumb\",\"itemListElement\":[{\"@type\":\"ListItem\",\"position\":1,\"name\":\"Home\",\"item\":\"https:\\\/\\\/bluecirclecapital.ch\\\/fr\\\/\"},{\"@type\":\"ListItem\",\"position\":2,\"name\":\"Expertises\",\"item\":\"https:\\\/\\\/bluecirclecapital.ch\\\/fr\\\/expertises\\\/\"},{\"@type\":\"ListItem\",\"position\":3,\"name\":\"M&#038;A Sell-Side\"}]},{\"@type\":\"WebSite\",\"@id\":\"https:\\\/\\\/bluecirclecapital.ch\\\/fr\\\/#website\",\"url\":\"https:\\\/\\\/bluecirclecapital.ch\\\/fr\\\/\",\"name\":\"Blue Circle Capital\",\"description\":\"M&amp;A Zurich\",\"publisher\":{\"@id\":\"https:\\\/\\\/bluecirclecapital.ch\\\/fr\\\/#organization\"},\"potentialAction\":[{\"@type\":\"SearchAction\",\"target\":{\"@type\":\"EntryPoint\",\"urlTemplate\":\"https:\\\/\\\/bluecirclecapital.ch\\\/fr\\\/?s={search_term_string}\"},\"query-input\":{\"@type\":\"PropertyValueSpecification\",\"valueRequired\":true,\"valueName\":\"search_term_string\"}}],\"inLanguage\":\"fr-FR\"},{\"@type\":\"Organization\",\"@id\":\"https:\\\/\\\/bluecirclecapital.ch\\\/fr\\\/#organization\",\"name\":\"Blue Circle Capital\",\"url\":\"https:\\\/\\\/bluecirclecapital.ch\\\/fr\\\/\",\"logo\":{\"@type\":\"ImageObject\",\"inLanguage\":\"fr-FR\",\"@id\":\"https:\\\/\\\/bluecirclecapital.ch\\\/fr\\\/#\\\/schema\\\/logo\\\/image\\\/\",\"url\":\"https:\\\/\\\/bluecirclecapital.ch\\\/wp-content\\\/uploads\\\/2022\\\/10\\\/BlueCircle-logo-orizzontale-colore.svg\",\"contentUrl\":\"https:\\\/\\\/bluecirclecapital.ch\\\/wp-content\\\/uploads\\\/2022\\\/10\\\/BlueCircle-logo-orizzontale-colore.svg\",\"width\":\"1024\",\"height\":\"1024\",\"caption\":\"Blue Circle Capital\"},\"image\":{\"@id\":\"https:\\\/\\\/bluecirclecapital.ch\\\/fr\\\/#\\\/schema\\\/logo\\\/image\\\/\"}}]}<\/script>\n<!-- \/ Yoast SEO plugin. -->","yoast_head_json":{"title":"M&A Sell-Side - Blue Circle Capital","robots":{"index":"index","follow":"follow","max-snippet":"max-snippet:-1","max-image-preview":"max-image-preview:large","max-video-preview":"max-video-preview:-1"},"canonical":"https:\/\/bluecirclecapital.ch\/fr\/expertises\/ma-sell-side\/","og_locale":"fr_FR","og_type":"article","og_title":"M&A Sell-Side - Blue Circle Capital","og_description":"\u00ab \u00catre aux c\u00f4t\u00e9s des entrepreneurs lors de leur d\u00e9cision la plus importante. \u00bb Les entrepreneurs consacrent toute leur \u00e9nergie aux succ\u00e8s de leur activit\u00e9. Le moment venu, nous les accompagnons pour trouver le bon partenaire, en termes de capital et de synergie. La mission qui nous est la plus fr\u00e9quemment demand\u00e9e, et qui est [&hellip;]","og_url":"https:\/\/bluecirclecapital.ch\/fr\/expertises\/ma-sell-side\/","og_site_name":"Blue Circle Capital","article_modified_time":"2023-01-10T09:43:02+00:00","og_image":[{"width":983,"height":872,"url":"https:\/\/bluecirclecapital.ch\/wp-content\/uploads\/2022\/10\/servizio-sell-side2.png","type":"image\/png"}],"twitter_card":"summary_large_image","twitter_misc":{"Dur\u00e9e de lecture estim\u00e9e":"1 minute"},"schema":{"@context":"https:\/\/schema.org","@graph":[{"@type":"WebPage","@id":"https:\/\/bluecirclecapital.ch\/fr\/expertises\/ma-sell-side\/","url":"https:\/\/bluecirclecapital.ch\/fr\/expertises\/ma-sell-side\/","name":"M&A Sell-Side - Blue Circle Capital","isPartOf":{"@id":"https:\/\/bluecirclecapital.ch\/fr\/#website"},"primaryImageOfPage":{"@id":"https:\/\/bluecirclecapital.ch\/fr\/expertises\/ma-sell-side\/#primaryimage"},"image":{"@id":"https:\/\/bluecirclecapital.ch\/fr\/expertises\/ma-sell-side\/#primaryimage"},"thumbnailUrl":"https:\/\/bluecirclecapital.ch\/wp-content\/uploads\/2022\/10\/servizio-sell-side2.png","datePublished":"2022-10-27T11:46:55+00:00","dateModified":"2023-01-10T09:43:02+00:00","breadcrumb":{"@id":"https:\/\/bluecirclecapital.ch\/fr\/expertises\/ma-sell-side\/#breadcrumb"},"inLanguage":"fr-FR","potentialAction":[{"@type":"ReadAction","target":["https:\/\/bluecirclecapital.ch\/fr\/expertises\/ma-sell-side\/"]}]},{"@type":"ImageObject","inLanguage":"fr-FR","@id":"https:\/\/bluecirclecapital.ch\/fr\/expertises\/ma-sell-side\/#primaryimage","url":"https:\/\/bluecirclecapital.ch\/wp-content\/uploads\/2022\/10\/servizio-sell-side2.png","contentUrl":"https:\/\/bluecirclecapital.ch\/wp-content\/uploads\/2022\/10\/servizio-sell-side2.png","width":983,"height":872},{"@type":"BreadcrumbList","@id":"https:\/\/bluecirclecapital.ch\/fr\/expertises\/ma-sell-side\/#breadcrumb","itemListElement":[{"@type":"ListItem","position":1,"name":"Home","item":"https:\/\/bluecirclecapital.ch\/fr\/"},{"@type":"ListItem","position":2,"name":"Expertises","item":"https:\/\/bluecirclecapital.ch\/fr\/expertises\/"},{"@type":"ListItem","position":3,"name":"M&#038;A Sell-Side"}]},{"@type":"WebSite","@id":"https:\/\/bluecirclecapital.ch\/fr\/#website","url":"https:\/\/bluecirclecapital.ch\/fr\/","name":"Blue Circle Capital","description":"M&amp;A Zurich","publisher":{"@id":"https:\/\/bluecirclecapital.ch\/fr\/#organization"},"potentialAction":[{"@type":"SearchAction","target":{"@type":"EntryPoint","urlTemplate":"https:\/\/bluecirclecapital.ch\/fr\/?s={search_term_string}"},"query-input":{"@type":"PropertyValueSpecification","valueRequired":true,"valueName":"search_term_string"}}],"inLanguage":"fr-FR"},{"@type":"Organization","@id":"https:\/\/bluecirclecapital.ch\/fr\/#organization","name":"Blue Circle Capital","url":"https:\/\/bluecirclecapital.ch\/fr\/","logo":{"@type":"ImageObject","inLanguage":"fr-FR","@id":"https:\/\/bluecirclecapital.ch\/fr\/#\/schema\/logo\/image\/","url":"https:\/\/bluecirclecapital.ch\/wp-content\/uploads\/2022\/10\/BlueCircle-logo-orizzontale-colore.svg","contentUrl":"https:\/\/bluecirclecapital.ch\/wp-content\/uploads\/2022\/10\/BlueCircle-logo-orizzontale-colore.svg","width":"1024","height":"1024","caption":"Blue Circle Capital"},"image":{"@id":"https:\/\/bluecirclecapital.ch\/fr\/#\/schema\/logo\/image\/"}}]}},"_links":{"self":[{"href":"https:\/\/bluecirclecapital.ch\/fr\/wp-json\/wp\/v2\/pages\/1464","targetHints":{"allow":["GET"]}}],"collection":[{"href":"https:\/\/bluecirclecapital.ch\/fr\/wp-json\/wp\/v2\/pages"}],"about":[{"href":"https:\/\/bluecirclecapital.ch\/fr\/wp-json\/wp\/v2\/types\/page"}],"author":[{"embeddable":true,"href":"https:\/\/bluecirclecapital.ch\/fr\/wp-json\/wp\/v2\/users\/6"}],"replies":[{"embeddable":true,"href":"https:\/\/bluecirclecapital.ch\/fr\/wp-json\/wp\/v2\/comments?post=1464"}],"version-history":[{"count":8,"href":"https:\/\/bluecirclecapital.ch\/fr\/wp-json\/wp\/v2\/pages\/1464\/revisions"}],"predecessor-version":[{"id":1578,"href":"https:\/\/bluecirclecapital.ch\/fr\/wp-json\/wp\/v2\/pages\/1464\/revisions\/1578"}],"up":[{"embeddable":true,"href":"https:\/\/bluecirclecapital.ch\/fr\/wp-json\/wp\/v2\/pages\/1461"}],"wp:featuredmedia":[{"embeddable":true,"href":"https:\/\/bluecirclecapital.ch\/fr\/wp-json\/wp\/v2\/media\/768"}],"wp:attachment":[{"href":"https:\/\/bluecirclecapital.ch\/fr\/wp-json\/wp\/v2\/media?parent=1464"}],"curies":[{"name":"wp","href":"https:\/\/api.w.org\/{rel}","templated":true}]}}