{"id":1465,"date":"2022-10-27T14:07:12","date_gmt":"2022-10-27T12:07:12","guid":{"rendered":"https:\/\/bluecirclecapital.ch\/expertises\/fusions-acquisitions-cote-acquereur\/"},"modified":"2023-01-10T10:42:17","modified_gmt":"2023-01-10T09:42:17","slug":"ma-buy-side","status":"publish","type":"page","link":"https:\/\/bluecirclecapital.ch\/fr\/expertises\/ma-buy-side\/","title":{"rendered":"M&#038;A Buy-Side"},"content":{"rendered":"<p>[et_pb_section fb_built=&#8221;1&#8243; admin_label=&#8221;section&#8221; _builder_version=&#8221;4.19.4&#8243; hover_enabled=&#8221;0&#8243; global_colors_info=&#8221;{}&#8221; theme_builder_area=&#8221;post_content&#8221; background_color=&#8221;RGBA(255,255,255,0)&#8221; sticky_enabled=&#8221;0&#8243;][et_pb_row admin_label=&#8221;row&#8221; _builder_version=&#8221;4.16&#8243; background_size=&#8221;initial&#8221; background_position=&#8221;top_left&#8221; background_repeat=&#8221;repeat&#8221; global_colors_info=&#8221;{}&#8221; theme_builder_area=&#8221;post_content&#8221;][et_pb_column type=&#8221;4_4&#8243; _builder_version=&#8221;4.16&#8243; custom_padding=&#8221;|||&#8221; global_colors_info=&#8221;{}&#8221; custom_padding__hover=&#8221;|||&#8221; theme_builder_area=&#8221;post_content&#8221;][et_pb_text admin_label=&#8221;Text&#8221; _builder_version=&#8221;4.16&#8243; background_size=&#8221;initial&#8221; background_position=&#8221;top_left&#8221; background_repeat=&#8221;repeat&#8221; global_colors_info=&#8221;{}&#8221; theme_builder_area=&#8221;post_content&#8221;]<\/p>\n<h4><em><strong><span class=\"s1\">\u00ab Nous recherchons avec patience l\u2019ad\u00e9quation parfaite pour cr\u00e9er une valeur exceptionnelle. \u00bb<\/span><\/strong><\/em><\/h4>\n<p class=\"p1\">Aujourd\u2019hui, faire le bon choix d\u2019acquisition repr\u00e9sente un formidable outil de croissance et vous pr\u00e9pare au succ\u00e8s de demain. Notre network en Europe et nos racines locales, associ\u00e9s \u00e0 une ma\u00eetrise de l\u2019\u00e9volution structurelle des tendances du march\u00e9, vous ouvrent un monde d\u2019opportunit\u00e9s pour p\u00e9n\u00e9trer des nouveaux secteurs d\u2019activit\u00e9 et battre la concurrence.<\/p>\n<p>[\/et_pb_text][\/et_pb_column][\/et_pb_row][\/et_pb_section]<\/p>\n","protected":false},"excerpt":{"rendered":"<p>[et_pb_section fb_built=&#8221;1&#8243; admin_label=&#8221;section&#8221; _builder_version=&#8221;4.19.4&#8243; hover_enabled=&#8221;0&#8243; global_colors_info=&#8221;{}&#8221; theme_builder_area=&#8221;post_content&#8221; background_color=&#8221;RGBA(255,255,255,0)&#8221; sticky_enabled=&#8221;0&#8243;][et_pb_row admin_label=&#8221;row&#8221; _builder_version=&#8221;4.16&#8243; background_size=&#8221;initial&#8221; background_position=&#8221;top_left&#8221; background_repeat=&#8221;repeat&#8221; global_colors_info=&#8221;{}&#8221; theme_builder_area=&#8221;post_content&#8221;][et_pb_column type=&#8221;4_4&#8243; _builder_version=&#8221;4.16&#8243; custom_padding=&#8221;|||&#8221; global_colors_info=&#8221;{}&#8221; custom_padding__hover=&#8221;|||&#8221; theme_builder_area=&#8221;post_content&#8221;][et_pb_text admin_label=&#8221;Text&#8221; _builder_version=&#8221;4.16&#8243; background_size=&#8221;initial&#8221; background_position=&#8221;top_left&#8221; background_repeat=&#8221;repeat&#8221; global_colors_info=&#8221;{}&#8221; theme_builder_area=&#8221;post_content&#8221;] \u00ab Nous recherchons avec patience l\u2019ad\u00e9quation parfaite pour cr\u00e9er une valeur exceptionnelle. \u00bb Aujourd\u2019hui, faire le bon choix d\u2019acquisition repr\u00e9sente un formidable outil de croissance et [&hellip;]<\/p>\n","protected":false},"author":6,"featured_media":1141,"parent":1461,"menu_order":5,"comment_status":"closed","ping_status":"closed","template":"","meta":{"_et_pb_use_builder":"","_et_pb_old_content":"<h4><em><strong><span class=\"s1\">\u00ab Nous recherchons avec patience l\u2019ad\u00e9quation parfaite pour cr\u00e9er une valeur exceptionnelle. \u00bb<\/span><\/strong><\/em><\/h4>\r\n<p class=\"p1\">Aujourd\u2019hui, faire le bon choix d\u2019acquisition repr\u00e9sente un formidable outil de croissance et vous pr\u00e9pare au succ\u00e8s de demain. Notre network en Europe et nos racines locales, associ\u00e9s \u00e0 une ma\u00eetrise de l\u2019\u00e9volution structurelle des tendances du march\u00e9, vous ouvrent un monde d\u2019opportunit\u00e9s pour p\u00e9n\u00e9trer des nouveaux secteurs d\u2019activit\u00e9 et battre la concurrence.<\/p>","_et_gb_content_width":"","inline_featured_image":false,"footnotes":""},"class_list":["post-1465","page","type-page","status-publish","has-post-thumbnail","hentry"],"yoast_head":"<!-- This site is optimized with the Yoast SEO plugin v27.4 - https:\/\/yoast.com\/product\/yoast-seo-wordpress\/ -->\n<title>M&amp;A Buy-Side - Blue Circle Capital<\/title>\n<meta name=\"robots\" content=\"index, follow, max-snippet:-1, max-image-preview:large, max-video-preview:-1\" \/>\n<link rel=\"canonical\" href=\"https:\/\/bluecirclecapital.ch\/fr\/expertises\/ma-buy-side\/\" \/>\n<meta property=\"og:locale\" content=\"fr_FR\" \/>\n<meta property=\"og:type\" content=\"article\" \/>\n<meta property=\"og:title\" content=\"M&amp;A Buy-Side - Blue Circle Capital\" \/>\n<meta property=\"og:description\" content=\"[et_pb_section fb_built=&#8221;1&#8243; admin_label=&#8221;section&#8221; _builder_version=&#8221;4.19.4&#8243; hover_enabled=&#8221;0&#8243; global_colors_info=&#8221;{}&#8221; theme_builder_area=&#8221;post_content&#8221; background_color=&#8221;RGBA(255,255,255,0)&#8221; sticky_enabled=&#8221;0&#8243;][et_pb_row admin_label=&#8221;row&#8221; _builder_version=&#8221;4.16&#8243; background_size=&#8221;initial&#8221; background_position=&#8221;top_left&#8221; background_repeat=&#8221;repeat&#8221; global_colors_info=&#8221;{}&#8221; theme_builder_area=&#8221;post_content&#8221;][et_pb_column type=&#8221;4_4&#8243; _builder_version=&#8221;4.16&#8243; custom_padding=&#8221;|||&#8221; global_colors_info=&#8221;{}&#8221; custom_padding__hover=&#8221;|||&#8221; theme_builder_area=&#8221;post_content&#8221;][et_pb_text admin_label=&#8221;Text&#8221; _builder_version=&#8221;4.16&#8243; background_size=&#8221;initial&#8221; background_position=&#8221;top_left&#8221; background_repeat=&#8221;repeat&#8221; global_colors_info=&#8221;{}&#8221; theme_builder_area=&#8221;post_content&#8221;] \u00ab Nous recherchons avec patience l\u2019ad\u00e9quation parfaite pour cr\u00e9er une valeur exceptionnelle. \u00bb Aujourd\u2019hui, faire le bon choix d\u2019acquisition repr\u00e9sente un formidable outil de croissance et [&hellip;]\" \/>\n<meta property=\"og:url\" content=\"https:\/\/bluecirclecapital.ch\/fr\/expertises\/ma-buy-side\/\" \/>\n<meta property=\"og:site_name\" content=\"Blue Circle Capital\" \/>\n<meta property=\"article:modified_time\" content=\"2023-01-10T09:42:17+00:00\" \/>\n<meta property=\"og:image\" content=\"https:\/\/bluecirclecapital.ch\/wp-content\/uploads\/2022\/10\/servizio-buy-side2.png\" \/>\n\t<meta property=\"og:image:width\" content=\"983\" \/>\n\t<meta property=\"og:image:height\" content=\"872\" \/>\n\t<meta property=\"og:image:type\" content=\"image\/png\" \/>\n<meta name=\"twitter:card\" content=\"summary_large_image\" \/>\n<meta name=\"twitter:label1\" content=\"Dur\u00e9e de lecture estim\u00e9e\" \/>\n\t<meta name=\"twitter:data1\" content=\"1 minute\" \/>\n<script type=\"application\/ld+json\" class=\"yoast-schema-graph\">{\"@context\":\"https:\\\/\\\/schema.org\",\"@graph\":[{\"@type\":\"WebPage\",\"@id\":\"https:\\\/\\\/bluecirclecapital.ch\\\/fr\\\/expertises\\\/ma-buy-side\\\/\",\"url\":\"https:\\\/\\\/bluecirclecapital.ch\\\/fr\\\/expertises\\\/ma-buy-side\\\/\",\"name\":\"M&A Buy-Side - Blue Circle Capital\",\"isPartOf\":{\"@id\":\"https:\\\/\\\/bluecirclecapital.ch\\\/fr\\\/#website\"},\"primaryImageOfPage\":{\"@id\":\"https:\\\/\\\/bluecirclecapital.ch\\\/fr\\\/expertises\\\/ma-buy-side\\\/#primaryimage\"},\"image\":{\"@id\":\"https:\\\/\\\/bluecirclecapital.ch\\\/fr\\\/expertises\\\/ma-buy-side\\\/#primaryimage\"},\"thumbnailUrl\":\"https:\\\/\\\/bluecirclecapital.ch\\\/wp-content\\\/uploads\\\/2022\\\/10\\\/servizio-buy-side2.png\",\"datePublished\":\"2022-10-27T12:07:12+00:00\",\"dateModified\":\"2023-01-10T09:42:17+00:00\",\"breadcrumb\":{\"@id\":\"https:\\\/\\\/bluecirclecapital.ch\\\/fr\\\/expertises\\\/ma-buy-side\\\/#breadcrumb\"},\"inLanguage\":\"fr-FR\",\"potentialAction\":[{\"@type\":\"ReadAction\",\"target\":[\"https:\\\/\\\/bluecirclecapital.ch\\\/fr\\\/expertises\\\/ma-buy-side\\\/\"]}]},{\"@type\":\"ImageObject\",\"inLanguage\":\"fr-FR\",\"@id\":\"https:\\\/\\\/bluecirclecapital.ch\\\/fr\\\/expertises\\\/ma-buy-side\\\/#primaryimage\",\"url\":\"https:\\\/\\\/bluecirclecapital.ch\\\/wp-content\\\/uploads\\\/2022\\\/10\\\/servizio-buy-side2.png\",\"contentUrl\":\"https:\\\/\\\/bluecirclecapital.ch\\\/wp-content\\\/uploads\\\/2022\\\/10\\\/servizio-buy-side2.png\",\"width\":983,\"height\":872},{\"@type\":\"BreadcrumbList\",\"@id\":\"https:\\\/\\\/bluecirclecapital.ch\\\/fr\\\/expertises\\\/ma-buy-side\\\/#breadcrumb\",\"itemListElement\":[{\"@type\":\"ListItem\",\"position\":1,\"name\":\"Home\",\"item\":\"https:\\\/\\\/bluecirclecapital.ch\\\/fr\\\/\"},{\"@type\":\"ListItem\",\"position\":2,\"name\":\"Expertises\",\"item\":\"https:\\\/\\\/bluecirclecapital.ch\\\/fr\\\/expertises\\\/\"},{\"@type\":\"ListItem\",\"position\":3,\"name\":\"M&#038;A Buy-Side\"}]},{\"@type\":\"WebSite\",\"@id\":\"https:\\\/\\\/bluecirclecapital.ch\\\/fr\\\/#website\",\"url\":\"https:\\\/\\\/bluecirclecapital.ch\\\/fr\\\/\",\"name\":\"Blue Circle Capital\",\"description\":\"M&amp;A Zurich\",\"publisher\":{\"@id\":\"https:\\\/\\\/bluecirclecapital.ch\\\/fr\\\/#organization\"},\"potentialAction\":[{\"@type\":\"SearchAction\",\"target\":{\"@type\":\"EntryPoint\",\"urlTemplate\":\"https:\\\/\\\/bluecirclecapital.ch\\\/fr\\\/?s={search_term_string}\"},\"query-input\":{\"@type\":\"PropertyValueSpecification\",\"valueRequired\":true,\"valueName\":\"search_term_string\"}}],\"inLanguage\":\"fr-FR\"},{\"@type\":\"Organization\",\"@id\":\"https:\\\/\\\/bluecirclecapital.ch\\\/fr\\\/#organization\",\"name\":\"Blue Circle Capital\",\"url\":\"https:\\\/\\\/bluecirclecapital.ch\\\/fr\\\/\",\"logo\":{\"@type\":\"ImageObject\",\"inLanguage\":\"fr-FR\",\"@id\":\"https:\\\/\\\/bluecirclecapital.ch\\\/fr\\\/#\\\/schema\\\/logo\\\/image\\\/\",\"url\":\"https:\\\/\\\/bluecirclecapital.ch\\\/wp-content\\\/uploads\\\/2022\\\/10\\\/BlueCircle-logo-orizzontale-colore.svg\",\"contentUrl\":\"https:\\\/\\\/bluecirclecapital.ch\\\/wp-content\\\/uploads\\\/2022\\\/10\\\/BlueCircle-logo-orizzontale-colore.svg\",\"width\":\"1024\",\"height\":\"1024\",\"caption\":\"Blue Circle Capital\"},\"image\":{\"@id\":\"https:\\\/\\\/bluecirclecapital.ch\\\/fr\\\/#\\\/schema\\\/logo\\\/image\\\/\"}}]}<\/script>\n<!-- \/ Yoast SEO plugin. -->","yoast_head_json":{"title":"M&A Buy-Side - Blue Circle Capital","robots":{"index":"index","follow":"follow","max-snippet":"max-snippet:-1","max-image-preview":"max-image-preview:large","max-video-preview":"max-video-preview:-1"},"canonical":"https:\/\/bluecirclecapital.ch\/fr\/expertises\/ma-buy-side\/","og_locale":"fr_FR","og_type":"article","og_title":"M&A Buy-Side - Blue Circle Capital","og_description":"[et_pb_section fb_built=&#8221;1&#8243; admin_label=&#8221;section&#8221; _builder_version=&#8221;4.19.4&#8243; hover_enabled=&#8221;0&#8243; global_colors_info=&#8221;{}&#8221; theme_builder_area=&#8221;post_content&#8221; background_color=&#8221;RGBA(255,255,255,0)&#8221; sticky_enabled=&#8221;0&#8243;][et_pb_row admin_label=&#8221;row&#8221; _builder_version=&#8221;4.16&#8243; background_size=&#8221;initial&#8221; background_position=&#8221;top_left&#8221; background_repeat=&#8221;repeat&#8221; global_colors_info=&#8221;{}&#8221; theme_builder_area=&#8221;post_content&#8221;][et_pb_column type=&#8221;4_4&#8243; _builder_version=&#8221;4.16&#8243; custom_padding=&#8221;|||&#8221; global_colors_info=&#8221;{}&#8221; custom_padding__hover=&#8221;|||&#8221; theme_builder_area=&#8221;post_content&#8221;][et_pb_text admin_label=&#8221;Text&#8221; _builder_version=&#8221;4.16&#8243; background_size=&#8221;initial&#8221; background_position=&#8221;top_left&#8221; background_repeat=&#8221;repeat&#8221; global_colors_info=&#8221;{}&#8221; theme_builder_area=&#8221;post_content&#8221;] \u00ab Nous recherchons avec patience l\u2019ad\u00e9quation parfaite pour cr\u00e9er une valeur exceptionnelle. \u00bb Aujourd\u2019hui, faire le bon choix d\u2019acquisition repr\u00e9sente un formidable outil de croissance et [&hellip;]","og_url":"https:\/\/bluecirclecapital.ch\/fr\/expertises\/ma-buy-side\/","og_site_name":"Blue Circle Capital","article_modified_time":"2023-01-10T09:42:17+00:00","og_image":[{"width":983,"height":872,"url":"https:\/\/bluecirclecapital.ch\/wp-content\/uploads\/2022\/10\/servizio-buy-side2.png","type":"image\/png"}],"twitter_card":"summary_large_image","twitter_misc":{"Dur\u00e9e de lecture estim\u00e9e":"1 minute"},"schema":{"@context":"https:\/\/schema.org","@graph":[{"@type":"WebPage","@id":"https:\/\/bluecirclecapital.ch\/fr\/expertises\/ma-buy-side\/","url":"https:\/\/bluecirclecapital.ch\/fr\/expertises\/ma-buy-side\/","name":"M&A Buy-Side - Blue Circle Capital","isPartOf":{"@id":"https:\/\/bluecirclecapital.ch\/fr\/#website"},"primaryImageOfPage":{"@id":"https:\/\/bluecirclecapital.ch\/fr\/expertises\/ma-buy-side\/#primaryimage"},"image":{"@id":"https:\/\/bluecirclecapital.ch\/fr\/expertises\/ma-buy-side\/#primaryimage"},"thumbnailUrl":"https:\/\/bluecirclecapital.ch\/wp-content\/uploads\/2022\/10\/servizio-buy-side2.png","datePublished":"2022-10-27T12:07:12+00:00","dateModified":"2023-01-10T09:42:17+00:00","breadcrumb":{"@id":"https:\/\/bluecirclecapital.ch\/fr\/expertises\/ma-buy-side\/#breadcrumb"},"inLanguage":"fr-FR","potentialAction":[{"@type":"ReadAction","target":["https:\/\/bluecirclecapital.ch\/fr\/expertises\/ma-buy-side\/"]}]},{"@type":"ImageObject","inLanguage":"fr-FR","@id":"https:\/\/bluecirclecapital.ch\/fr\/expertises\/ma-buy-side\/#primaryimage","url":"https:\/\/bluecirclecapital.ch\/wp-content\/uploads\/2022\/10\/servizio-buy-side2.png","contentUrl":"https:\/\/bluecirclecapital.ch\/wp-content\/uploads\/2022\/10\/servizio-buy-side2.png","width":983,"height":872},{"@type":"BreadcrumbList","@id":"https:\/\/bluecirclecapital.ch\/fr\/expertises\/ma-buy-side\/#breadcrumb","itemListElement":[{"@type":"ListItem","position":1,"name":"Home","item":"https:\/\/bluecirclecapital.ch\/fr\/"},{"@type":"ListItem","position":2,"name":"Expertises","item":"https:\/\/bluecirclecapital.ch\/fr\/expertises\/"},{"@type":"ListItem","position":3,"name":"M&#038;A Buy-Side"}]},{"@type":"WebSite","@id":"https:\/\/bluecirclecapital.ch\/fr\/#website","url":"https:\/\/bluecirclecapital.ch\/fr\/","name":"Blue Circle Capital","description":"M&amp;A Zurich","publisher":{"@id":"https:\/\/bluecirclecapital.ch\/fr\/#organization"},"potentialAction":[{"@type":"SearchAction","target":{"@type":"EntryPoint","urlTemplate":"https:\/\/bluecirclecapital.ch\/fr\/?s={search_term_string}"},"query-input":{"@type":"PropertyValueSpecification","valueRequired":true,"valueName":"search_term_string"}}],"inLanguage":"fr-FR"},{"@type":"Organization","@id":"https:\/\/bluecirclecapital.ch\/fr\/#organization","name":"Blue Circle Capital","url":"https:\/\/bluecirclecapital.ch\/fr\/","logo":{"@type":"ImageObject","inLanguage":"fr-FR","@id":"https:\/\/bluecirclecapital.ch\/fr\/#\/schema\/logo\/image\/","url":"https:\/\/bluecirclecapital.ch\/wp-content\/uploads\/2022\/10\/BlueCircle-logo-orizzontale-colore.svg","contentUrl":"https:\/\/bluecirclecapital.ch\/wp-content\/uploads\/2022\/10\/BlueCircle-logo-orizzontale-colore.svg","width":"1024","height":"1024","caption":"Blue Circle Capital"},"image":{"@id":"https:\/\/bluecirclecapital.ch\/fr\/#\/schema\/logo\/image\/"}}]}},"_links":{"self":[{"href":"https:\/\/bluecirclecapital.ch\/fr\/wp-json\/wp\/v2\/pages\/1465","targetHints":{"allow":["GET"]}}],"collection":[{"href":"https:\/\/bluecirclecapital.ch\/fr\/wp-json\/wp\/v2\/pages"}],"about":[{"href":"https:\/\/bluecirclecapital.ch\/fr\/wp-json\/wp\/v2\/types\/page"}],"author":[{"embeddable":true,"href":"https:\/\/bluecirclecapital.ch\/fr\/wp-json\/wp\/v2\/users\/6"}],"replies":[{"embeddable":true,"href":"https:\/\/bluecirclecapital.ch\/fr\/wp-json\/wp\/v2\/comments?post=1465"}],"version-history":[{"count":5,"href":"https:\/\/bluecirclecapital.ch\/fr\/wp-json\/wp\/v2\/pages\/1465\/revisions"}],"predecessor-version":[{"id":1577,"href":"https:\/\/bluecirclecapital.ch\/fr\/wp-json\/wp\/v2\/pages\/1465\/revisions\/1577"}],"up":[{"embeddable":true,"href":"https:\/\/bluecirclecapital.ch\/fr\/wp-json\/wp\/v2\/pages\/1461"}],"wp:featuredmedia":[{"embeddable":true,"href":"https:\/\/bluecirclecapital.ch\/fr\/wp-json\/wp\/v2\/media\/1141"}],"wp:attachment":[{"href":"https:\/\/bluecirclecapital.ch\/fr\/wp-json\/wp\/v2\/media?parent=1465"}],"curies":[{"name":"wp","href":"https:\/\/api.w.org\/{rel}","templated":true}]}}