{"id":1466,"date":"2022-10-27T15:17:53","date_gmt":"2022-10-27T13:17:53","guid":{"rendered":"https:\/\/bluecirclecapital.ch\/expertises\/growth-equity\/"},"modified":"2023-01-10T10:44:15","modified_gmt":"2023-01-10T09:44:15","slug":"growth-equity","status":"publish","type":"page","link":"https:\/\/bluecirclecapital.ch\/fr\/expertises\/growth-equity\/","title":{"rendered":"Growth Equity"},"content":{"rendered":"<h4><em><strong><span class=\"s1\">\u00ab Obtenir le soutien n\u00e9cessaire au moment le plus propice \u00bb<\/span><\/strong><\/em><\/h4>\n<p>L\u2019injection de capital peut transformer le fort potentiel de votre soci\u00e9t\u00e9 en r\u00e9alit\u00e9. Gr\u00e2ce \u00e0 nos relations de long terme avec les investisseurs, nous vous aidons \u00e0 lever le capital le plus adapt\u00e9 \u00e0 vos besoins. Ensemble, nous trouvons les partenaires de confiance dispos\u00e9s \u00e0 investir, tant sous forme d\u2019equity que de dettes, et \u00e0 s\u2019engager en faveur de votre r\u00e9ussite.<\/p>\n","protected":false},"excerpt":{"rendered":"<p>\u00ab Obtenir le soutien n\u00e9cessaire au moment le plus propice \u00bb L\u2019injection de capital peut transformer le fort potentiel de votre soci\u00e9t\u00e9 en r\u00e9alit\u00e9. Gr\u00e2ce \u00e0 nos relations de long terme avec les investisseurs, nous vous aidons \u00e0 lever le capital le plus adapt\u00e9 \u00e0 vos besoins. Ensemble, nous trouvons les partenaires de confiance dispos\u00e9s [&hellip;]<\/p>\n","protected":false},"author":6,"featured_media":1149,"parent":1461,"menu_order":10,"comment_status":"closed","ping_status":"closed","template":"","meta":{"_et_pb_use_builder":"","_et_pb_old_content":"","_et_gb_content_width":"","inline_featured_image":false,"footnotes":""},"class_list":["post-1466","page","type-page","status-publish","has-post-thumbnail","hentry"],"yoast_head":"<!-- This site is optimized with the Yoast SEO plugin v27.4 - https:\/\/yoast.com\/product\/yoast-seo-wordpress\/ -->\n<title>Growth Equity - Blue Circle Capital<\/title>\n<meta name=\"robots\" content=\"index, follow, max-snippet:-1, max-image-preview:large, max-video-preview:-1\" \/>\n<link rel=\"canonical\" href=\"https:\/\/bluecirclecapital.ch\/fr\/expertises\/growth-equity\/\" \/>\n<meta property=\"og:locale\" content=\"fr_FR\" \/>\n<meta property=\"og:type\" content=\"article\" \/>\n<meta property=\"og:title\" content=\"Growth Equity - Blue Circle Capital\" \/>\n<meta property=\"og:description\" content=\"\u00ab Obtenir le soutien n\u00e9cessaire au moment le plus propice \u00bb L\u2019injection de capital peut transformer le fort potentiel de votre soci\u00e9t\u00e9 en r\u00e9alit\u00e9. Gr\u00e2ce \u00e0 nos relations de long terme avec les investisseurs, nous vous aidons \u00e0 lever le capital le plus adapt\u00e9 \u00e0 vos besoins. Ensemble, nous trouvons les partenaires de confiance dispos\u00e9s [&hellip;]\" \/>\n<meta property=\"og:url\" content=\"https:\/\/bluecirclecapital.ch\/fr\/expertises\/growth-equity\/\" \/>\n<meta property=\"og:site_name\" content=\"Blue Circle Capital\" \/>\n<meta property=\"article:modified_time\" content=\"2023-01-10T09:44:15+00:00\" \/>\n<meta property=\"og:image\" content=\"https:\/\/bluecirclecapital.ch\/wp-content\/uploads\/2022\/10\/servizio-growth2.png\" \/>\n\t<meta property=\"og:image:width\" content=\"810\" \/>\n\t<meta property=\"og:image:height\" content=\"839\" \/>\n\t<meta property=\"og:image:type\" content=\"image\/png\" \/>\n<meta name=\"twitter:card\" content=\"summary_large_image\" \/>\n<meta name=\"twitter:label1\" content=\"Dur\u00e9e de lecture estim\u00e9e\" \/>\n\t<meta name=\"twitter:data1\" content=\"1 minute\" \/>\n<script type=\"application\/ld+json\" class=\"yoast-schema-graph\">{\"@context\":\"https:\\\/\\\/schema.org\",\"@graph\":[{\"@type\":\"WebPage\",\"@id\":\"https:\\\/\\\/bluecirclecapital.ch\\\/fr\\\/expertises\\\/growth-equity\\\/\",\"url\":\"https:\\\/\\\/bluecirclecapital.ch\\\/fr\\\/expertises\\\/growth-equity\\\/\",\"name\":\"Growth Equity - Blue Circle Capital\",\"isPartOf\":{\"@id\":\"https:\\\/\\\/bluecirclecapital.ch\\\/fr\\\/#website\"},\"primaryImageOfPage\":{\"@id\":\"https:\\\/\\\/bluecirclecapital.ch\\\/fr\\\/expertises\\\/growth-equity\\\/#primaryimage\"},\"image\":{\"@id\":\"https:\\\/\\\/bluecirclecapital.ch\\\/fr\\\/expertises\\\/growth-equity\\\/#primaryimage\"},\"thumbnailUrl\":\"https:\\\/\\\/bluecirclecapital.ch\\\/wp-content\\\/uploads\\\/2022\\\/10\\\/servizio-growth2.png\",\"datePublished\":\"2022-10-27T13:17:53+00:00\",\"dateModified\":\"2023-01-10T09:44:15+00:00\",\"breadcrumb\":{\"@id\":\"https:\\\/\\\/bluecirclecapital.ch\\\/fr\\\/expertises\\\/growth-equity\\\/#breadcrumb\"},\"inLanguage\":\"fr-FR\",\"potentialAction\":[{\"@type\":\"ReadAction\",\"target\":[\"https:\\\/\\\/bluecirclecapital.ch\\\/fr\\\/expertises\\\/growth-equity\\\/\"]}]},{\"@type\":\"ImageObject\",\"inLanguage\":\"fr-FR\",\"@id\":\"https:\\\/\\\/bluecirclecapital.ch\\\/fr\\\/expertises\\\/growth-equity\\\/#primaryimage\",\"url\":\"https:\\\/\\\/bluecirclecapital.ch\\\/wp-content\\\/uploads\\\/2022\\\/10\\\/servizio-growth2.png\",\"contentUrl\":\"https:\\\/\\\/bluecirclecapital.ch\\\/wp-content\\\/uploads\\\/2022\\\/10\\\/servizio-growth2.png\",\"width\":810,\"height\":839},{\"@type\":\"BreadcrumbList\",\"@id\":\"https:\\\/\\\/bluecirclecapital.ch\\\/fr\\\/expertises\\\/growth-equity\\\/#breadcrumb\",\"itemListElement\":[{\"@type\":\"ListItem\",\"position\":1,\"name\":\"Home\",\"item\":\"https:\\\/\\\/bluecirclecapital.ch\\\/fr\\\/\"},{\"@type\":\"ListItem\",\"position\":2,\"name\":\"Expertises\",\"item\":\"https:\\\/\\\/bluecirclecapital.ch\\\/fr\\\/expertises\\\/\"},{\"@type\":\"ListItem\",\"position\":3,\"name\":\"Growth Equity\"}]},{\"@type\":\"WebSite\",\"@id\":\"https:\\\/\\\/bluecirclecapital.ch\\\/fr\\\/#website\",\"url\":\"https:\\\/\\\/bluecirclecapital.ch\\\/fr\\\/\",\"name\":\"Blue Circle Capital\",\"description\":\"M&amp;A Zurich\",\"publisher\":{\"@id\":\"https:\\\/\\\/bluecirclecapital.ch\\\/fr\\\/#organization\"},\"potentialAction\":[{\"@type\":\"SearchAction\",\"target\":{\"@type\":\"EntryPoint\",\"urlTemplate\":\"https:\\\/\\\/bluecirclecapital.ch\\\/fr\\\/?s={search_term_string}\"},\"query-input\":{\"@type\":\"PropertyValueSpecification\",\"valueRequired\":true,\"valueName\":\"search_term_string\"}}],\"inLanguage\":\"fr-FR\"},{\"@type\":\"Organization\",\"@id\":\"https:\\\/\\\/bluecirclecapital.ch\\\/fr\\\/#organization\",\"name\":\"Blue Circle Capital\",\"url\":\"https:\\\/\\\/bluecirclecapital.ch\\\/fr\\\/\",\"logo\":{\"@type\":\"ImageObject\",\"inLanguage\":\"fr-FR\",\"@id\":\"https:\\\/\\\/bluecirclecapital.ch\\\/fr\\\/#\\\/schema\\\/logo\\\/image\\\/\",\"url\":\"https:\\\/\\\/bluecirclecapital.ch\\\/wp-content\\\/uploads\\\/2022\\\/10\\\/BlueCircle-logo-orizzontale-colore.svg\",\"contentUrl\":\"https:\\\/\\\/bluecirclecapital.ch\\\/wp-content\\\/uploads\\\/2022\\\/10\\\/BlueCircle-logo-orizzontale-colore.svg\",\"width\":\"1024\",\"height\":\"1024\",\"caption\":\"Blue Circle Capital\"},\"image\":{\"@id\":\"https:\\\/\\\/bluecirclecapital.ch\\\/fr\\\/#\\\/schema\\\/logo\\\/image\\\/\"}}]}<\/script>\n<!-- \/ Yoast SEO plugin. -->","yoast_head_json":{"title":"Growth Equity - Blue Circle Capital","robots":{"index":"index","follow":"follow","max-snippet":"max-snippet:-1","max-image-preview":"max-image-preview:large","max-video-preview":"max-video-preview:-1"},"canonical":"https:\/\/bluecirclecapital.ch\/fr\/expertises\/growth-equity\/","og_locale":"fr_FR","og_type":"article","og_title":"Growth Equity - Blue Circle Capital","og_description":"\u00ab Obtenir le soutien n\u00e9cessaire au moment le plus propice \u00bb L\u2019injection de capital peut transformer le fort potentiel de votre soci\u00e9t\u00e9 en r\u00e9alit\u00e9. Gr\u00e2ce \u00e0 nos relations de long terme avec les investisseurs, nous vous aidons \u00e0 lever le capital le plus adapt\u00e9 \u00e0 vos besoins. Ensemble, nous trouvons les partenaires de confiance dispos\u00e9s [&hellip;]","og_url":"https:\/\/bluecirclecapital.ch\/fr\/expertises\/growth-equity\/","og_site_name":"Blue Circle Capital","article_modified_time":"2023-01-10T09:44:15+00:00","og_image":[{"width":810,"height":839,"url":"https:\/\/bluecirclecapital.ch\/wp-content\/uploads\/2022\/10\/servizio-growth2.png","type":"image\/png"}],"twitter_card":"summary_large_image","twitter_misc":{"Dur\u00e9e de lecture estim\u00e9e":"1 minute"},"schema":{"@context":"https:\/\/schema.org","@graph":[{"@type":"WebPage","@id":"https:\/\/bluecirclecapital.ch\/fr\/expertises\/growth-equity\/","url":"https:\/\/bluecirclecapital.ch\/fr\/expertises\/growth-equity\/","name":"Growth Equity - Blue Circle Capital","isPartOf":{"@id":"https:\/\/bluecirclecapital.ch\/fr\/#website"},"primaryImageOfPage":{"@id":"https:\/\/bluecirclecapital.ch\/fr\/expertises\/growth-equity\/#primaryimage"},"image":{"@id":"https:\/\/bluecirclecapital.ch\/fr\/expertises\/growth-equity\/#primaryimage"},"thumbnailUrl":"https:\/\/bluecirclecapital.ch\/wp-content\/uploads\/2022\/10\/servizio-growth2.png","datePublished":"2022-10-27T13:17:53+00:00","dateModified":"2023-01-10T09:44:15+00:00","breadcrumb":{"@id":"https:\/\/bluecirclecapital.ch\/fr\/expertises\/growth-equity\/#breadcrumb"},"inLanguage":"fr-FR","potentialAction":[{"@type":"ReadAction","target":["https:\/\/bluecirclecapital.ch\/fr\/expertises\/growth-equity\/"]}]},{"@type":"ImageObject","inLanguage":"fr-FR","@id":"https:\/\/bluecirclecapital.ch\/fr\/expertises\/growth-equity\/#primaryimage","url":"https:\/\/bluecirclecapital.ch\/wp-content\/uploads\/2022\/10\/servizio-growth2.png","contentUrl":"https:\/\/bluecirclecapital.ch\/wp-content\/uploads\/2022\/10\/servizio-growth2.png","width":810,"height":839},{"@type":"BreadcrumbList","@id":"https:\/\/bluecirclecapital.ch\/fr\/expertises\/growth-equity\/#breadcrumb","itemListElement":[{"@type":"ListItem","position":1,"name":"Home","item":"https:\/\/bluecirclecapital.ch\/fr\/"},{"@type":"ListItem","position":2,"name":"Expertises","item":"https:\/\/bluecirclecapital.ch\/fr\/expertises\/"},{"@type":"ListItem","position":3,"name":"Growth Equity"}]},{"@type":"WebSite","@id":"https:\/\/bluecirclecapital.ch\/fr\/#website","url":"https:\/\/bluecirclecapital.ch\/fr\/","name":"Blue Circle Capital","description":"M&amp;A Zurich","publisher":{"@id":"https:\/\/bluecirclecapital.ch\/fr\/#organization"},"potentialAction":[{"@type":"SearchAction","target":{"@type":"EntryPoint","urlTemplate":"https:\/\/bluecirclecapital.ch\/fr\/?s={search_term_string}"},"query-input":{"@type":"PropertyValueSpecification","valueRequired":true,"valueName":"search_term_string"}}],"inLanguage":"fr-FR"},{"@type":"Organization","@id":"https:\/\/bluecirclecapital.ch\/fr\/#organization","name":"Blue Circle Capital","url":"https:\/\/bluecirclecapital.ch\/fr\/","logo":{"@type":"ImageObject","inLanguage":"fr-FR","@id":"https:\/\/bluecirclecapital.ch\/fr\/#\/schema\/logo\/image\/","url":"https:\/\/bluecirclecapital.ch\/wp-content\/uploads\/2022\/10\/BlueCircle-logo-orizzontale-colore.svg","contentUrl":"https:\/\/bluecirclecapital.ch\/wp-content\/uploads\/2022\/10\/BlueCircle-logo-orizzontale-colore.svg","width":"1024","height":"1024","caption":"Blue Circle Capital"},"image":{"@id":"https:\/\/bluecirclecapital.ch\/fr\/#\/schema\/logo\/image\/"}}]}},"_links":{"self":[{"href":"https:\/\/bluecirclecapital.ch\/fr\/wp-json\/wp\/v2\/pages\/1466","targetHints":{"allow":["GET"]}}],"collection":[{"href":"https:\/\/bluecirclecapital.ch\/fr\/wp-json\/wp\/v2\/pages"}],"about":[{"href":"https:\/\/bluecirclecapital.ch\/fr\/wp-json\/wp\/v2\/types\/page"}],"author":[{"embeddable":true,"href":"https:\/\/bluecirclecapital.ch\/fr\/wp-json\/wp\/v2\/users\/6"}],"replies":[{"embeddable":true,"href":"https:\/\/bluecirclecapital.ch\/fr\/wp-json\/wp\/v2\/comments?post=1466"}],"version-history":[{"count":2,"href":"https:\/\/bluecirclecapital.ch\/fr\/wp-json\/wp\/v2\/pages\/1466\/revisions"}],"predecessor-version":[{"id":1579,"href":"https:\/\/bluecirclecapital.ch\/fr\/wp-json\/wp\/v2\/pages\/1466\/revisions\/1579"}],"up":[{"embeddable":true,"href":"https:\/\/bluecirclecapital.ch\/fr\/wp-json\/wp\/v2\/pages\/1461"}],"wp:featuredmedia":[{"embeddable":true,"href":"https:\/\/bluecirclecapital.ch\/fr\/wp-json\/wp\/v2\/media\/1149"}],"wp:attachment":[{"href":"https:\/\/bluecirclecapital.ch\/fr\/wp-json\/wp\/v2\/media?parent=1466"}],"curies":[{"name":"wp","href":"https:\/\/api.w.org\/{rel}","templated":true}]}}