{"id":1469,"date":"2022-10-27T15:20:07","date_gmt":"2022-10-27T13:20:07","guid":{"rendered":"https:\/\/bluecirclecapital.ch\/expertises\/restructuration\/"},"modified":"2023-01-11T09:07:04","modified_gmt":"2023-01-11T08:07:04","slug":"restructuration","status":"publish","type":"page","link":"https:\/\/bluecirclecapital.ch\/fr\/expertises\/restructuration\/","title":{"rendered":"Restructuration"},"content":{"rendered":"<p>[et_pb_section admin_label=&#8221;section&#8221;]<br \/>\n\t\t\t[et_pb_row admin_label=&#8221;row&#8221;]<br \/>\n\t\t\t\t[et_pb_column type=&#8221;4_4&#8243;][et_pb_text admin_label=&#8221;Text&#8221;]<\/p>\n<h4><strong><em>\u00ab Du chaos \u00e0 l\u2019ordre. \u00bb<\/em><\/strong><\/h4>\n<p class=\"p1\">Notre approche \u00e0 la restructuration d\u2019entreprise consiste \u00e0 nous concentrer sur les leviers de cr\u00e9ation de valeur et \u00e0 \u00e9liminer les obstacles, sans h\u00e9siter \u00e0 casser les codes. Nous commen\u00e7ons par r\u00e9unir les bons partenaires autour de la table et d\u00e9finir les facteurs essentiels pour redonner un futur \u00e0 l\u2019activit\u00e9 avec un agenda simple \u00e0 mettre en place.<\/p>\n<p>[\/et_pb_text][\/et_pb_column]<br \/>\n\t\t\t[\/et_pb_row]<br \/>\n\t\t[\/et_pb_section]<\/p>\n","protected":false},"excerpt":{"rendered":"<p>\u00ab Du chaos \u00e0 l\u2019ordre. \u00bb Notre approche \u00e0 la restructuration d\u2019entreprise consiste \u00e0 nous concentrer sur les leviers de cr\u00e9ation de valeur et \u00e0 \u00e9liminer les obstacles, sans h\u00e9siter \u00e0 casser les codes. Nous commen\u00e7ons par r\u00e9unir les bons partenaires autour de la table et d\u00e9finir les facteurs essentiels pour redonner un futur \u00e0 [&hellip;]<\/p>\n","protected":false},"author":6,"featured_media":1158,"parent":1461,"menu_order":20,"comment_status":"closed","ping_status":"closed","template":"","meta":{"_et_pb_use_builder":"on","_et_pb_old_content":"<h4><strong><em>\u00ab Du chaos \u00e0 l\u2019ordre. \u00bb<\/em><\/strong><\/h4>\r\n<p class=\"p1\">Notre approche \u00e0 la restructuration d\u2019entreprise consiste \u00e0 nous concentrer sur les leviers de cr\u00e9ation de valeur et \u00e0 \u00e9liminer les obstacles, sans h\u00e9siter \u00e0 casser les codes. Nous commen\u00e7ons par r\u00e9unir les bons partenaires autour de la table et d\u00e9finir les facteurs essentiels pour redonner un futur \u00e0 l\u2019activit\u00e9 avec un agenda simple \u00e0 mettre en place.<\/p>","_et_gb_content_width":"","inline_featured_image":false,"footnotes":""},"class_list":["post-1469","page","type-page","status-publish","has-post-thumbnail","hentry"],"yoast_head":"<!-- This site is optimized with the Yoast SEO plugin v27.4 - https:\/\/yoast.com\/product\/yoast-seo-wordpress\/ -->\n<title>Restructuration - Blue Circle Capital<\/title>\n<meta name=\"robots\" content=\"index, follow, max-snippet:-1, max-image-preview:large, max-video-preview:-1\" \/>\n<link rel=\"canonical\" href=\"https:\/\/bluecirclecapital.ch\/fr\/expertises\/restructuration\/\" \/>\n<meta property=\"og:locale\" content=\"fr_FR\" \/>\n<meta property=\"og:type\" content=\"article\" \/>\n<meta property=\"og:title\" content=\"Restructuration - Blue Circle Capital\" \/>\n<meta property=\"og:description\" content=\"\u00ab Du chaos \u00e0 l\u2019ordre. \u00bb Notre approche \u00e0 la restructuration d\u2019entreprise consiste \u00e0 nous concentrer sur les leviers de cr\u00e9ation de valeur et \u00e0 \u00e9liminer les obstacles, sans h\u00e9siter \u00e0 casser les codes. Nous commen\u00e7ons par r\u00e9unir les bons partenaires autour de la table et d\u00e9finir les facteurs essentiels pour redonner un futur \u00e0 [&hellip;]\" \/>\n<meta property=\"og:url\" content=\"https:\/\/bluecirclecapital.ch\/fr\/expertises\/restructuration\/\" \/>\n<meta property=\"og:site_name\" content=\"Blue Circle Capital\" \/>\n<meta property=\"article:modified_time\" content=\"2023-01-11T08:07:04+00:00\" \/>\n<meta property=\"og:image\" content=\"https:\/\/bluecirclecapital.ch\/wp-content\/uploads\/2022\/10\/servizio-restructuring.png\" \/>\n\t<meta property=\"og:image:width\" content=\"690\" \/>\n\t<meta property=\"og:image:height\" content=\"720\" \/>\n\t<meta property=\"og:image:type\" content=\"image\/png\" \/>\n<meta name=\"twitter:card\" content=\"summary_large_image\" \/>\n<meta name=\"twitter:label1\" content=\"Dur\u00e9e de lecture estim\u00e9e\" \/>\n\t<meta name=\"twitter:data1\" content=\"1 minute\" \/>\n<script type=\"application\/ld+json\" class=\"yoast-schema-graph\">{\"@context\":\"https:\\\/\\\/schema.org\",\"@graph\":[{\"@type\":\"WebPage\",\"@id\":\"https:\\\/\\\/bluecirclecapital.ch\\\/fr\\\/expertises\\\/restructuration\\\/\",\"url\":\"https:\\\/\\\/bluecirclecapital.ch\\\/fr\\\/expertises\\\/restructuration\\\/\",\"name\":\"Restructuration - Blue Circle Capital\",\"isPartOf\":{\"@id\":\"https:\\\/\\\/bluecirclecapital.ch\\\/fr\\\/#website\"},\"primaryImageOfPage\":{\"@id\":\"https:\\\/\\\/bluecirclecapital.ch\\\/fr\\\/expertises\\\/restructuration\\\/#primaryimage\"},\"image\":{\"@id\":\"https:\\\/\\\/bluecirclecapital.ch\\\/fr\\\/expertises\\\/restructuration\\\/#primaryimage\"},\"thumbnailUrl\":\"https:\\\/\\\/bluecirclecapital.ch\\\/wp-content\\\/uploads\\\/2022\\\/10\\\/servizio-restructuring.png\",\"datePublished\":\"2022-10-27T13:20:07+00:00\",\"dateModified\":\"2023-01-11T08:07:04+00:00\",\"breadcrumb\":{\"@id\":\"https:\\\/\\\/bluecirclecapital.ch\\\/fr\\\/expertises\\\/restructuration\\\/#breadcrumb\"},\"inLanguage\":\"fr-FR\",\"potentialAction\":[{\"@type\":\"ReadAction\",\"target\":[\"https:\\\/\\\/bluecirclecapital.ch\\\/fr\\\/expertises\\\/restructuration\\\/\"]}]},{\"@type\":\"ImageObject\",\"inLanguage\":\"fr-FR\",\"@id\":\"https:\\\/\\\/bluecirclecapital.ch\\\/fr\\\/expertises\\\/restructuration\\\/#primaryimage\",\"url\":\"https:\\\/\\\/bluecirclecapital.ch\\\/wp-content\\\/uploads\\\/2022\\\/10\\\/servizio-restructuring.png\",\"contentUrl\":\"https:\\\/\\\/bluecirclecapital.ch\\\/wp-content\\\/uploads\\\/2022\\\/10\\\/servizio-restructuring.png\",\"width\":690,\"height\":720},{\"@type\":\"BreadcrumbList\",\"@id\":\"https:\\\/\\\/bluecirclecapital.ch\\\/fr\\\/expertises\\\/restructuration\\\/#breadcrumb\",\"itemListElement\":[{\"@type\":\"ListItem\",\"position\":1,\"name\":\"Home\",\"item\":\"https:\\\/\\\/bluecirclecapital.ch\\\/fr\\\/\"},{\"@type\":\"ListItem\",\"position\":2,\"name\":\"Expertises\",\"item\":\"https:\\\/\\\/bluecirclecapital.ch\\\/fr\\\/expertises\\\/\"},{\"@type\":\"ListItem\",\"position\":3,\"name\":\"Restructuration\"}]},{\"@type\":\"WebSite\",\"@id\":\"https:\\\/\\\/bluecirclecapital.ch\\\/fr\\\/#website\",\"url\":\"https:\\\/\\\/bluecirclecapital.ch\\\/fr\\\/\",\"name\":\"Blue Circle Capital\",\"description\":\"M&amp;A Zurich\",\"publisher\":{\"@id\":\"https:\\\/\\\/bluecirclecapital.ch\\\/fr\\\/#organization\"},\"potentialAction\":[{\"@type\":\"SearchAction\",\"target\":{\"@type\":\"EntryPoint\",\"urlTemplate\":\"https:\\\/\\\/bluecirclecapital.ch\\\/fr\\\/?s={search_term_string}\"},\"query-input\":{\"@type\":\"PropertyValueSpecification\",\"valueRequired\":true,\"valueName\":\"search_term_string\"}}],\"inLanguage\":\"fr-FR\"},{\"@type\":\"Organization\",\"@id\":\"https:\\\/\\\/bluecirclecapital.ch\\\/fr\\\/#organization\",\"name\":\"Blue Circle Capital\",\"url\":\"https:\\\/\\\/bluecirclecapital.ch\\\/fr\\\/\",\"logo\":{\"@type\":\"ImageObject\",\"inLanguage\":\"fr-FR\",\"@id\":\"https:\\\/\\\/bluecirclecapital.ch\\\/fr\\\/#\\\/schema\\\/logo\\\/image\\\/\",\"url\":\"https:\\\/\\\/bluecirclecapital.ch\\\/wp-content\\\/uploads\\\/2022\\\/10\\\/BlueCircle-logo-orizzontale-colore.svg\",\"contentUrl\":\"https:\\\/\\\/bluecirclecapital.ch\\\/wp-content\\\/uploads\\\/2022\\\/10\\\/BlueCircle-logo-orizzontale-colore.svg\",\"width\":\"1024\",\"height\":\"1024\",\"caption\":\"Blue Circle Capital\"},\"image\":{\"@id\":\"https:\\\/\\\/bluecirclecapital.ch\\\/fr\\\/#\\\/schema\\\/logo\\\/image\\\/\"}}]}<\/script>\n<!-- \/ Yoast SEO plugin. -->","yoast_head_json":{"title":"Restructuration - Blue Circle Capital","robots":{"index":"index","follow":"follow","max-snippet":"max-snippet:-1","max-image-preview":"max-image-preview:large","max-video-preview":"max-video-preview:-1"},"canonical":"https:\/\/bluecirclecapital.ch\/fr\/expertises\/restructuration\/","og_locale":"fr_FR","og_type":"article","og_title":"Restructuration - Blue Circle Capital","og_description":"\u00ab Du chaos \u00e0 l\u2019ordre. \u00bb Notre approche \u00e0 la restructuration d\u2019entreprise consiste \u00e0 nous concentrer sur les leviers de cr\u00e9ation de valeur et \u00e0 \u00e9liminer les obstacles, sans h\u00e9siter \u00e0 casser les codes. Nous commen\u00e7ons par r\u00e9unir les bons partenaires autour de la table et d\u00e9finir les facteurs essentiels pour redonner un futur \u00e0 [&hellip;]","og_url":"https:\/\/bluecirclecapital.ch\/fr\/expertises\/restructuration\/","og_site_name":"Blue Circle Capital","article_modified_time":"2023-01-11T08:07:04+00:00","og_image":[{"width":690,"height":720,"url":"https:\/\/bluecirclecapital.ch\/wp-content\/uploads\/2022\/10\/servizio-restructuring.png","type":"image\/png"}],"twitter_card":"summary_large_image","twitter_misc":{"Dur\u00e9e de lecture estim\u00e9e":"1 minute"},"schema":{"@context":"https:\/\/schema.org","@graph":[{"@type":"WebPage","@id":"https:\/\/bluecirclecapital.ch\/fr\/expertises\/restructuration\/","url":"https:\/\/bluecirclecapital.ch\/fr\/expertises\/restructuration\/","name":"Restructuration - Blue Circle Capital","isPartOf":{"@id":"https:\/\/bluecirclecapital.ch\/fr\/#website"},"primaryImageOfPage":{"@id":"https:\/\/bluecirclecapital.ch\/fr\/expertises\/restructuration\/#primaryimage"},"image":{"@id":"https:\/\/bluecirclecapital.ch\/fr\/expertises\/restructuration\/#primaryimage"},"thumbnailUrl":"https:\/\/bluecirclecapital.ch\/wp-content\/uploads\/2022\/10\/servizio-restructuring.png","datePublished":"2022-10-27T13:20:07+00:00","dateModified":"2023-01-11T08:07:04+00:00","breadcrumb":{"@id":"https:\/\/bluecirclecapital.ch\/fr\/expertises\/restructuration\/#breadcrumb"},"inLanguage":"fr-FR","potentialAction":[{"@type":"ReadAction","target":["https:\/\/bluecirclecapital.ch\/fr\/expertises\/restructuration\/"]}]},{"@type":"ImageObject","inLanguage":"fr-FR","@id":"https:\/\/bluecirclecapital.ch\/fr\/expertises\/restructuration\/#primaryimage","url":"https:\/\/bluecirclecapital.ch\/wp-content\/uploads\/2022\/10\/servizio-restructuring.png","contentUrl":"https:\/\/bluecirclecapital.ch\/wp-content\/uploads\/2022\/10\/servizio-restructuring.png","width":690,"height":720},{"@type":"BreadcrumbList","@id":"https:\/\/bluecirclecapital.ch\/fr\/expertises\/restructuration\/#breadcrumb","itemListElement":[{"@type":"ListItem","position":1,"name":"Home","item":"https:\/\/bluecirclecapital.ch\/fr\/"},{"@type":"ListItem","position":2,"name":"Expertises","item":"https:\/\/bluecirclecapital.ch\/fr\/expertises\/"},{"@type":"ListItem","position":3,"name":"Restructuration"}]},{"@type":"WebSite","@id":"https:\/\/bluecirclecapital.ch\/fr\/#website","url":"https:\/\/bluecirclecapital.ch\/fr\/","name":"Blue Circle Capital","description":"M&amp;A Zurich","publisher":{"@id":"https:\/\/bluecirclecapital.ch\/fr\/#organization"},"potentialAction":[{"@type":"SearchAction","target":{"@type":"EntryPoint","urlTemplate":"https:\/\/bluecirclecapital.ch\/fr\/?s={search_term_string}"},"query-input":{"@type":"PropertyValueSpecification","valueRequired":true,"valueName":"search_term_string"}}],"inLanguage":"fr-FR"},{"@type":"Organization","@id":"https:\/\/bluecirclecapital.ch\/fr\/#organization","name":"Blue Circle Capital","url":"https:\/\/bluecirclecapital.ch\/fr\/","logo":{"@type":"ImageObject","inLanguage":"fr-FR","@id":"https:\/\/bluecirclecapital.ch\/fr\/#\/schema\/logo\/image\/","url":"https:\/\/bluecirclecapital.ch\/wp-content\/uploads\/2022\/10\/BlueCircle-logo-orizzontale-colore.svg","contentUrl":"https:\/\/bluecirclecapital.ch\/wp-content\/uploads\/2022\/10\/BlueCircle-logo-orizzontale-colore.svg","width":"1024","height":"1024","caption":"Blue Circle Capital"},"image":{"@id":"https:\/\/bluecirclecapital.ch\/fr\/#\/schema\/logo\/image\/"}}]}},"_links":{"self":[{"href":"https:\/\/bluecirclecapital.ch\/fr\/wp-json\/wp\/v2\/pages\/1469","targetHints":{"allow":["GET"]}}],"collection":[{"href":"https:\/\/bluecirclecapital.ch\/fr\/wp-json\/wp\/v2\/pages"}],"about":[{"href":"https:\/\/bluecirclecapital.ch\/fr\/wp-json\/wp\/v2\/types\/page"}],"author":[{"embeddable":true,"href":"https:\/\/bluecirclecapital.ch\/fr\/wp-json\/wp\/v2\/users\/6"}],"replies":[{"embeddable":true,"href":"https:\/\/bluecirclecapital.ch\/fr\/wp-json\/wp\/v2\/comments?post=1469"}],"version-history":[{"count":3,"href":"https:\/\/bluecirclecapital.ch\/fr\/wp-json\/wp\/v2\/pages\/1469\/revisions"}],"predecessor-version":[{"id":1612,"href":"https:\/\/bluecirclecapital.ch\/fr\/wp-json\/wp\/v2\/pages\/1469\/revisions\/1612"}],"up":[{"embeddable":true,"href":"https:\/\/bluecirclecapital.ch\/fr\/wp-json\/wp\/v2\/pages\/1461"}],"wp:featuredmedia":[{"embeddable":true,"href":"https:\/\/bluecirclecapital.ch\/fr\/wp-json\/wp\/v2\/media\/1158"}],"wp:attachment":[{"href":"https:\/\/bluecirclecapital.ch\/fr\/wp-json\/wp\/v2\/media?parent=1469"}],"curies":[{"name":"wp","href":"https:\/\/api.w.org\/{rel}","templated":true}]}}