{"id":1477,"date":"2022-10-26T14:27:14","date_gmt":"2022-10-26T12:27:14","guid":{"rendered":"https:\/\/bluecirclecapital.ch\/associes\/paolo-gramaglia\/"},"modified":"2023-01-10T10:49:05","modified_gmt":"2023-01-10T09:49:05","slug":"paolo-gramaglia","status":"publish","type":"page","link":"https:\/\/bluecirclecapital.ch\/fr\/lequipe\/paolo-gramaglia\/","title":{"rendered":"Paolo Gramaglia"},"content":{"rendered":"<p>[et_pb_section fb_built=&#8221;1&#8243; _builder_version=&#8221;4.18.1&#8243; _module_preset=&#8221;default&#8221; background_enable_color=&#8221;off&#8221; background_image=&#8221;https:\/\/bluecirclecapital.ch\/wp-content\/uploads\/2022\/10\/imgApertura_bg.png&#8221; background_position=&#8221;top_left&#8221; z_index=&#8221;15&#8243; custom_margin=&#8221;0px||||false|false&#8221; custom_padding=&#8221;30px||0px||false|false&#8221; global_colors_info=&#8221;{}&#8221;][et_pb_row column_structure=&#8221;3_5,2_5&#8243; use_custom_gutter=&#8221;on&#8221; gutter_width=&#8221;1&#8243; module_id=&#8221;chiarettoCal\u00f2&#8221; _builder_version=&#8221;4.18.0&#8243; _module_preset=&#8221;default&#8221; custom_margin=&#8221;4px|auto||auto||&#8221; custom_padding=&#8221;2px|||||&#8221; global_colors_info=&#8221;{}&#8221;][et_pb_column type=&#8221;3_5&#8243; _builder_version=&#8221;4.18.0&#8243; _module_preset=&#8221;default&#8221; background_enable_color=&#8221;off&#8221; global_colors_info=&#8221;{}&#8221;][et_pb_text admin_label=&#8221;Titolo H1 introduzione sito&#8221; _builder_version=&#8221;4.18.1&#8243; header_5_text_align=&#8221;right&#8221; header_5_text_color=&#8221;#2776CC&#8221; text_orientation=&#8221;right&#8221; module_alignment=&#8221;right&#8221; custom_margin=&#8221;||||false|false&#8221; custom_margin_tablet=&#8221;||||false|false&#8221; custom_margin_phone=&#8221;||40px||false|false&#8221; custom_margin_last_edited=&#8221;on|phone&#8221; custom_padding=&#8221;||||false|false&#8221; animation_style=&#8221;slide&#8221; animation_direction=&#8221;bottom&#8221; animation_delay=&#8221;500ms&#8221; animation_intensity_slide=&#8221;5%&#8221; locked=&#8221;off&#8221; global_colors_info=&#8221;{}&#8221;]<\/p>\n<h2>Paolo Gramaglia<\/h2>\n<p><span style=\"color: #2776cc; font-size: 16px; font-weight: bold;\">Associ\u00e9 fondateur <\/span><\/p>\n<p>[\/et_pb_text][\/et_pb_column][et_pb_column type=&#8221;2_5&#8243; _builder_version=&#8221;4.18.0&#8243; _module_preset=&#8221;default&#8221; background_enable_color=&#8221;off&#8221; custom_padding=&#8221;30px|10vw||22vw|false|false&#8221; global_colors_info=&#8221;{}&#8221;][\/et_pb_column][\/et_pb_row][\/et_pb_section][et_pb_section fb_built=&#8221;1&#8243; _builder_version=&#8221;4.18.1&#8243; _module_preset=&#8221;default&#8221; background_enable_image=&#8221;off&#8221; z_index=&#8221;15&#8243; custom_margin=&#8221;0px||||false|false&#8221; custom_padding=&#8221;0px||0px||false|false&#8221; locked=&#8221;off&#8221; global_colors_info=&#8221;{}&#8221;][et_pb_row column_structure=&#8221;1_2,1_2&#8243; use_custom_gutter=&#8221;on&#8221; gutter_width=&#8221;1&#8243; custom_padding_last_edited=&#8221;on|tablet&#8221; admin_label=&#8221;Riga&#8221; _builder_version=&#8221;4.18.1&#8243; _module_preset=&#8221;default&#8221; background_enable_image=&#8221;off&#8221; background_size=&#8221;contain&#8221; background_position=&#8221;top_right&#8221; width=&#8221;100%&#8221; module_alignment=&#8221;center&#8221; custom_margin_tablet=&#8221;&#8221; custom_margin_phone=&#8221;-40px||||false|false&#8221; custom_margin_last_edited=&#8221;on|phone&#8221; custom_padding=&#8221;||40px||false|false&#8221; custom_padding_tablet=&#8221;0px||0px||false|false&#8221; custom_padding_phone=&#8221;0px||0px||false|false&#8221; background_last_edited=&#8221;on|desktop&#8221; global_colors_info=&#8221;{}&#8221;][et_pb_column type=&#8221;1_2&#8243; _builder_version=&#8221;4.18.1&#8243; _module_preset=&#8221;default&#8221; custom_padding=&#8221;40px|30px|40px|110px|false|false&#8221; custom_padding_tablet=&#8221;0px|60px|0px|70px|false|false&#8221; custom_padding_phone=&#8221;|40px||30px|false|false&#8221; custom_padding_last_edited=&#8221;on|tablet&#8221; global_colors_info=&#8221;{}&#8221;][et_pb_text admin_label=&#8221;Titolo H1 introduzione sito&#8221; _builder_version=&#8221;4.19.0&#8243; text_font_size=&#8221;18px&#8221; animation_style=&#8221;fade&#8221; animation_direction=&#8221;top&#8221; animation_delay=&#8221;300ms&#8221; locked=&#8221;off&#8221; global_colors_info=&#8221;{}&#8221;]<\/p>\n<p class=\"p1\">Apr\u00e8s des \u00e9tudes de sciences \u00e9conomiques \u00e0 l\u2019universit\u00e9 de Turin, Paolo Gramaglia a d\u00e9marr\u00e9 sa carri\u00e8re en tant qu\u2019analyste financier chez Fininvest puis s\u2019est rapidement orient\u00e9 vers la gestion industrielle au si\u00e8ge parisien d\u2019une grande multinationale de pr\u00eat-\u00e0-porter dans laquelle il \u00e9tait notamment charg\u00e9 du d\u00e9veloppement et de la rationalisation de la production du groupe.<\/p>\n<p class=\"p1\">Il a compl\u00e9t\u00e9 son exp\u00e9rience en tant que directeur des op\u00e9rations en Afrique du Nord avant de rentrer en Italie pour g\u00e9rer deux plans de retournement au sein de la division textile de Miroglio, dont il a \u00e9t\u00e9 nomm\u00e9 directeur g\u00e9n\u00e9ral en 2011.<\/p>\n<p>[\/et_pb_text][et_pb_text admin_label=&#8221;Titolo H1 introduzione sito&#8221; _builder_version=&#8221;4.19.0&#8243; text_font_size=&#8221;18px&#8221; custom_margin=&#8221;29px||||false|false&#8221; animation_style=&#8221;fade&#8221; animation_direction=&#8221;top&#8221; animation_delay=&#8221;400ms&#8221; locked=&#8221;off&#8221; global_colors_info=&#8221;{}&#8221;]<\/p>\n<p class=\"p1\">Il a \u00e9t\u00e9 le fondateur et le co-directeur g\u00e9n\u00e9ral d\u2019Imprima, leader europ\u00e9en de l\u2019impression num\u00e9rique textile. Au sein de cette entreprise de 200 millions d\u2019euros de CA, soutenue par le Private Equity, il a contribu\u00e9 \u00e0 la mise en place de la strat\u00e9gie globale et \u00e0 l\u2019acquisition de sept soci\u00e9t\u00e9s cibles en Allemagne, en Italie et aux \u00c9tats-Unis.<\/p>\n<p>[\/et_pb_text][\/et_pb_column][et_pb_column type=&#8221;1_2&#8243; _builder_version=&#8221;4.18.1&#8243; _module_preset=&#8221;default&#8221; background_image=&#8221;https:\/\/bluecirclecapital.ch\/wp-content\/uploads\/2022\/10\/Img-philosophy_bg.png&#8221; custom_padding=&#8221;60px|40px||60px|false|false&#8221; sticky_position=&#8221;top&#8221; sticky_offset_top=&#8221;30px&#8221; sticky_limit_bottom=&#8221;row&#8221; sticky_position_tablet=&#8221;none&#8221; sticky_position_phone=&#8221;none&#8221; sticky_position_last_edited=&#8221;on|tablet&#8221; sticky_offset_top_tablet=&#8221;0px&#8221; sticky_offset_top_phone=&#8221;0px&#8221; sticky_offset_top_last_edited=&#8221;on|tablet&#8221; global_colors_info=&#8221;{}&#8221;][et_pb_image src=&#8221;https:\/\/bluecirclecapital.ch\/wp-content\/uploads\/2022\/10\/lomeglia-B.png&#8221; title_text=&#8221;lomeglia-B&#8221; align=&#8221;right&#8221; _builder_version=&#8221;4.18.1&#8243; _module_preset=&#8221;default&#8221; max_width=&#8221;81%&#8221; max_width_tablet=&#8221;70%&#8221; max_width_phone=&#8221;100%&#8221; max_width_last_edited=&#8221;on|phone&#8221; animation_style=&#8221;slide&#8221; animation_direction=&#8221;right&#8221; animation_intensity_slide=&#8221;5%&#8221; scroll_vertical_motion=&#8221;0|50|50|100|2|0|-2&#8243; scroll_horizontal_motion=&#8221;0|50|50|100|0.5|0|-0.5&#8243; global_colors_info=&#8221;{}&#8221;][\/et_pb_image][\/et_pb_column][\/et_pb_row][\/et_pb_section][et_pb_section fb_built=&#8221;1&#8243; _builder_version=&#8221;4.18.1&#8243; _module_preset=&#8221;default&#8221; background_image=&#8221;https:\/\/bluecirclecapital.ch\/wp-content\/uploads\/2022\/10\/bg-blu-2.png&#8221; background_size=&#8221;contain&#8221; background_position=&#8221;center_left&#8221; custom_padding=&#8221;26px|||||&#8221; background_last_edited=&#8221;on|phone&#8221; background_position_phone=&#8221;bottom_left&#8221; global_colors_info=&#8221;{}&#8221;][et_pb_row column_structure=&#8221;2_5,3_5&#8243; custom_padding_last_edited=&#8221;on|tablet&#8221; _builder_version=&#8221;4.18.1&#8243; _module_preset=&#8221;default&#8221; width_tablet=&#8221;&#8221; width_phone=&#8221;85%&#8221; width_last_edited=&#8221;on|phone&#8221; custom_padding_tablet=&#8221;0px||30px||false|false&#8221; custom_padding_phone=&#8221;||0px||false|false&#8221; global_colors_info=&#8221;{}&#8221;][et_pb_column type=&#8221;2_5&#8243; _builder_version=&#8221;4.18.0&#8243; _module_preset=&#8221;default&#8221; global_colors_info=&#8221;{}&#8221;][\/et_pb_column][et_pb_column type=&#8221;3_5&#8243; _builder_version=&#8221;4.18.1&#8243; _module_preset=&#8221;default&#8221; custom_padding=&#8221;|4%|||false|false&#8221; custom_padding_tablet=&#8221;|0px|||false|false&#8221; custom_padding_phone=&#8221;|0px|||false|false&#8221; custom_padding_last_edited=&#8221;on|tablet&#8221; global_colors_info=&#8221;{}&#8221;][et_pb_text admin_label=&#8221;Titolo H1 introduzione sito&#8221; _builder_version=&#8221;4.19.0&#8243; text_font_size=&#8221;18px&#8221; custom_margin=&#8221;2px||||false|false&#8221; animation_style=&#8221;fade&#8221; animation_direction=&#8221;top&#8221; animation_delay=&#8221;600ms&#8221; locked=&#8221;off&#8221; global_colors_info=&#8221;{}&#8221;]<\/p>\n<p class=\"p1\">Depuis 2015, il participe \u00e0 des op\u00e9rations d\u2019M&amp;A et de corporate finance en Suisse et en EU en se concentrant en particulier sur les op\u00e9rations et les successions familiales. Il a si\u00e9g\u00e9 \u00e0 de nombreux conseils d\u2019administration et, parall\u00e8lement \u00e0 Blue Circle Capital AG, il si\u00e8ge actuellement au conseil d\u2019administration d\u2019Avirex SA.<\/p>\n<p class=\"p1\">Italien d\u2019origine, il parle couramment fran\u00e7ais et a \u00e9galement une bonne connaissance de l\u2019anglais.<\/p>\n<p>[\/et_pb_text][et_pb_button button_url=&#8221;https:\/\/bluecirclecapital.ch\/fr\/associes\/chiaretto-calo\/&#8221; button_text=&#8221;Rencontrer Chiaretto Cal\u00f2&#8221; button_alignment=&#8221;right&#8221; button_alignment_tablet=&#8221;right&#8221; button_alignment_phone=&#8221;center&#8221; button_alignment_last_edited=&#8221;on|phone&#8221; _builder_version=&#8221;4.18.1&#8243; _module_preset=&#8221;default&#8221; custom_margin=&#8221;60px||||false|false&#8221; global_colors_info=&#8221;{}&#8221;][\/et_pb_button][\/et_pb_column][\/et_pb_row][\/et_pb_section]<\/p>\n","protected":false},"excerpt":{"rendered":"<p>Paolo Gramaglia Associ\u00e9 fondateur Apr\u00e8s des \u00e9tudes de sciences \u00e9conomiques \u00e0 l\u2019universit\u00e9 de Turin, Paolo Gramaglia a d\u00e9marr\u00e9 sa carri\u00e8re en tant qu\u2019analyste financier chez Fininvest puis s\u2019est rapidement orient\u00e9 vers la gestion industrielle au si\u00e8ge parisien d\u2019une grande multinationale de pr\u00eat-\u00e0-porter dans laquelle il \u00e9tait notamment charg\u00e9 du d\u00e9veloppement et de la rationalisation de [&hellip;]<\/p>\n","protected":false},"author":6,"featured_media":0,"parent":1471,"menu_order":0,"comment_status":"closed","ping_status":"closed","template":"","meta":{"_et_pb_use_builder":"on","_et_pb_old_content":"","_et_gb_content_width":"","inline_featured_image":false,"footnotes":""},"class_list":["post-1477","page","type-page","status-publish","hentry"],"yoast_head":"<!-- This site is optimized with the Yoast SEO plugin v27.4 - https:\/\/yoast.com\/product\/yoast-seo-wordpress\/ -->\n<title>Paolo Gramaglia - Blue Circle Capital<\/title>\n<meta name=\"description\" content=\"Apr\u00e8s avoir fait des \u00e9tudes d\u2019\u00e9conomie \u00e0 l\u2019universit\u00e9 de Turin, Paolo Gramaglia a d\u00e9marr\u00e9 sa carri\u00e8re en tant qu\u2019analyste financier chez Fininvest puis s\u2019est rapidement orient\u00e9 vers la gestion industrielle au si\u00e8ge parisien d\u2019une grande multinationale de pr\u00eat-\u00e0-porter dans laquelle il \u00e9tait notamment charg\u00e9 de l\u2019acquisition et de la rationalisation de la production du groupe.\" \/>\n<meta name=\"robots\" content=\"index, follow, max-snippet:-1, max-image-preview:large, max-video-preview:-1\" \/>\n<link rel=\"canonical\" href=\"https:\/\/bluecirclecapital.ch\/fr\/lequipe\/paolo-gramaglia\/\" \/>\n<meta property=\"og:locale\" content=\"fr_FR\" \/>\n<meta property=\"og:type\" content=\"article\" \/>\n<meta property=\"og:title\" content=\"Paolo Gramaglia - Blue Circle Capital\" \/>\n<meta property=\"og:description\" content=\"Apr\u00e8s avoir fait des \u00e9tudes d\u2019\u00e9conomie \u00e0 l\u2019universit\u00e9 de Turin, Paolo Gramaglia a d\u00e9marr\u00e9 sa carri\u00e8re en tant qu\u2019analyste financier chez Fininvest puis s\u2019est rapidement orient\u00e9 vers la gestion industrielle au si\u00e8ge parisien d\u2019une grande multinationale de pr\u00eat-\u00e0-porter dans laquelle il \u00e9tait notamment charg\u00e9 de l\u2019acquisition et de la rationalisation de la production du groupe.\" \/>\n<meta property=\"og:url\" content=\"https:\/\/bluecirclecapital.ch\/fr\/lequipe\/paolo-gramaglia\/\" \/>\n<meta property=\"og:site_name\" content=\"Blue Circle Capital\" \/>\n<meta property=\"article:modified_time\" content=\"2023-01-10T09:49:05+00:00\" \/>\n<meta name=\"twitter:card\" content=\"summary_large_image\" \/>\n<meta name=\"twitter:label1\" content=\"Dur\u00e9e de lecture estim\u00e9e\" \/>\n\t<meta name=\"twitter:data1\" content=\"5 minutes\" \/>\n<script type=\"application\/ld+json\" class=\"yoast-schema-graph\">{\"@context\":\"https:\\\/\\\/schema.org\",\"@graph\":[{\"@type\":\"WebPage\",\"@id\":\"https:\\\/\\\/bluecirclecapital.ch\\\/fr\\\/lequipe\\\/paolo-gramaglia\\\/\",\"url\":\"https:\\\/\\\/bluecirclecapital.ch\\\/fr\\\/lequipe\\\/paolo-gramaglia\\\/\",\"name\":\"Paolo Gramaglia - Blue Circle Capital\",\"isPartOf\":{\"@id\":\"https:\\\/\\\/bluecirclecapital.ch\\\/fr\\\/#website\"},\"datePublished\":\"2022-10-26T12:27:14+00:00\",\"dateModified\":\"2023-01-10T09:49:05+00:00\",\"description\":\"Apr\u00e8s avoir fait des \u00e9tudes d\u2019\u00e9conomie \u00e0 l\u2019universit\u00e9 de Turin, Paolo Gramaglia a d\u00e9marr\u00e9 sa carri\u00e8re en tant qu\u2019analyste financier chez Fininvest puis s\u2019est rapidement orient\u00e9 vers la gestion industrielle au si\u00e8ge parisien d\u2019une grande multinationale de pr\u00eat-\u00e0-porter dans laquelle il \u00e9tait notamment charg\u00e9 de l\u2019acquisition et de la rationalisation de la production du groupe.\",\"breadcrumb\":{\"@id\":\"https:\\\/\\\/bluecirclecapital.ch\\\/fr\\\/lequipe\\\/paolo-gramaglia\\\/#breadcrumb\"},\"inLanguage\":\"fr-FR\",\"potentialAction\":[{\"@type\":\"ReadAction\",\"target\":[\"https:\\\/\\\/bluecirclecapital.ch\\\/fr\\\/lequipe\\\/paolo-gramaglia\\\/\"]}]},{\"@type\":\"BreadcrumbList\",\"@id\":\"https:\\\/\\\/bluecirclecapital.ch\\\/fr\\\/lequipe\\\/paolo-gramaglia\\\/#breadcrumb\",\"itemListElement\":[{\"@type\":\"ListItem\",\"position\":1,\"name\":\"Home\",\"item\":\"https:\\\/\\\/bluecirclecapital.ch\\\/fr\\\/\"},{\"@type\":\"ListItem\",\"position\":2,\"name\":\"L\u2019\u00e9quipe\",\"item\":\"https:\\\/\\\/bluecirclecapital.ch\\\/fr\\\/lequipe\\\/\"},{\"@type\":\"ListItem\",\"position\":3,\"name\":\"Paolo Gramaglia\"}]},{\"@type\":\"WebSite\",\"@id\":\"https:\\\/\\\/bluecirclecapital.ch\\\/fr\\\/#website\",\"url\":\"https:\\\/\\\/bluecirclecapital.ch\\\/fr\\\/\",\"name\":\"Blue Circle Capital\",\"description\":\"M&amp;A Zurich\",\"publisher\":{\"@id\":\"https:\\\/\\\/bluecirclecapital.ch\\\/fr\\\/#organization\"},\"potentialAction\":[{\"@type\":\"SearchAction\",\"target\":{\"@type\":\"EntryPoint\",\"urlTemplate\":\"https:\\\/\\\/bluecirclecapital.ch\\\/fr\\\/?s={search_term_string}\"},\"query-input\":{\"@type\":\"PropertyValueSpecification\",\"valueRequired\":true,\"valueName\":\"search_term_string\"}}],\"inLanguage\":\"fr-FR\"},{\"@type\":\"Organization\",\"@id\":\"https:\\\/\\\/bluecirclecapital.ch\\\/fr\\\/#organization\",\"name\":\"Blue Circle Capital\",\"url\":\"https:\\\/\\\/bluecirclecapital.ch\\\/fr\\\/\",\"logo\":{\"@type\":\"ImageObject\",\"inLanguage\":\"fr-FR\",\"@id\":\"https:\\\/\\\/bluecirclecapital.ch\\\/fr\\\/#\\\/schema\\\/logo\\\/image\\\/\",\"url\":\"https:\\\/\\\/bluecirclecapital.ch\\\/wp-content\\\/uploads\\\/2022\\\/10\\\/BlueCircle-logo-orizzontale-colore.svg\",\"contentUrl\":\"https:\\\/\\\/bluecirclecapital.ch\\\/wp-content\\\/uploads\\\/2022\\\/10\\\/BlueCircle-logo-orizzontale-colore.svg\",\"width\":\"1024\",\"height\":\"1024\",\"caption\":\"Blue Circle Capital\"},\"image\":{\"@id\":\"https:\\\/\\\/bluecirclecapital.ch\\\/fr\\\/#\\\/schema\\\/logo\\\/image\\\/\"}}]}<\/script>\n<!-- \/ Yoast SEO plugin. -->","yoast_head_json":{"title":"Paolo Gramaglia - Blue Circle Capital","description":"Apr\u00e8s avoir fait des \u00e9tudes d\u2019\u00e9conomie \u00e0 l\u2019universit\u00e9 de Turin, Paolo Gramaglia a d\u00e9marr\u00e9 sa carri\u00e8re en tant qu\u2019analyste financier chez Fininvest puis s\u2019est rapidement orient\u00e9 vers la gestion industrielle au si\u00e8ge parisien d\u2019une grande multinationale de pr\u00eat-\u00e0-porter dans laquelle il \u00e9tait notamment charg\u00e9 de l\u2019acquisition et de la rationalisation de la production du groupe.","robots":{"index":"index","follow":"follow","max-snippet":"max-snippet:-1","max-image-preview":"max-image-preview:large","max-video-preview":"max-video-preview:-1"},"canonical":"https:\/\/bluecirclecapital.ch\/fr\/lequipe\/paolo-gramaglia\/","og_locale":"fr_FR","og_type":"article","og_title":"Paolo Gramaglia - Blue Circle Capital","og_description":"Apr\u00e8s avoir fait des \u00e9tudes d\u2019\u00e9conomie \u00e0 l\u2019universit\u00e9 de Turin, Paolo Gramaglia a d\u00e9marr\u00e9 sa carri\u00e8re en tant qu\u2019analyste financier chez Fininvest puis s\u2019est rapidement orient\u00e9 vers la gestion industrielle au si\u00e8ge parisien d\u2019une grande multinationale de pr\u00eat-\u00e0-porter dans laquelle il \u00e9tait notamment charg\u00e9 de l\u2019acquisition et de la rationalisation de la production du groupe.","og_url":"https:\/\/bluecirclecapital.ch\/fr\/lequipe\/paolo-gramaglia\/","og_site_name":"Blue Circle Capital","article_modified_time":"2023-01-10T09:49:05+00:00","twitter_card":"summary_large_image","twitter_misc":{"Dur\u00e9e de lecture estim\u00e9e":"5 minutes"},"schema":{"@context":"https:\/\/schema.org","@graph":[{"@type":"WebPage","@id":"https:\/\/bluecirclecapital.ch\/fr\/lequipe\/paolo-gramaglia\/","url":"https:\/\/bluecirclecapital.ch\/fr\/lequipe\/paolo-gramaglia\/","name":"Paolo Gramaglia - Blue Circle Capital","isPartOf":{"@id":"https:\/\/bluecirclecapital.ch\/fr\/#website"},"datePublished":"2022-10-26T12:27:14+00:00","dateModified":"2023-01-10T09:49:05+00:00","description":"Apr\u00e8s avoir fait des \u00e9tudes d\u2019\u00e9conomie \u00e0 l\u2019universit\u00e9 de Turin, Paolo Gramaglia a d\u00e9marr\u00e9 sa carri\u00e8re en tant qu\u2019analyste financier chez Fininvest puis s\u2019est rapidement orient\u00e9 vers la gestion industrielle au si\u00e8ge parisien d\u2019une grande multinationale de pr\u00eat-\u00e0-porter dans laquelle il \u00e9tait notamment charg\u00e9 de l\u2019acquisition et de la rationalisation de la production du groupe.","breadcrumb":{"@id":"https:\/\/bluecirclecapital.ch\/fr\/lequipe\/paolo-gramaglia\/#breadcrumb"},"inLanguage":"fr-FR","potentialAction":[{"@type":"ReadAction","target":["https:\/\/bluecirclecapital.ch\/fr\/lequipe\/paolo-gramaglia\/"]}]},{"@type":"BreadcrumbList","@id":"https:\/\/bluecirclecapital.ch\/fr\/lequipe\/paolo-gramaglia\/#breadcrumb","itemListElement":[{"@type":"ListItem","position":1,"name":"Home","item":"https:\/\/bluecirclecapital.ch\/fr\/"},{"@type":"ListItem","position":2,"name":"L\u2019\u00e9quipe","item":"https:\/\/bluecirclecapital.ch\/fr\/lequipe\/"},{"@type":"ListItem","position":3,"name":"Paolo Gramaglia"}]},{"@type":"WebSite","@id":"https:\/\/bluecirclecapital.ch\/fr\/#website","url":"https:\/\/bluecirclecapital.ch\/fr\/","name":"Blue Circle Capital","description":"M&amp;A Zurich","publisher":{"@id":"https:\/\/bluecirclecapital.ch\/fr\/#organization"},"potentialAction":[{"@type":"SearchAction","target":{"@type":"EntryPoint","urlTemplate":"https:\/\/bluecirclecapital.ch\/fr\/?s={search_term_string}"},"query-input":{"@type":"PropertyValueSpecification","valueRequired":true,"valueName":"search_term_string"}}],"inLanguage":"fr-FR"},{"@type":"Organization","@id":"https:\/\/bluecirclecapital.ch\/fr\/#organization","name":"Blue Circle Capital","url":"https:\/\/bluecirclecapital.ch\/fr\/","logo":{"@type":"ImageObject","inLanguage":"fr-FR","@id":"https:\/\/bluecirclecapital.ch\/fr\/#\/schema\/logo\/image\/","url":"https:\/\/bluecirclecapital.ch\/wp-content\/uploads\/2022\/10\/BlueCircle-logo-orizzontale-colore.svg","contentUrl":"https:\/\/bluecirclecapital.ch\/wp-content\/uploads\/2022\/10\/BlueCircle-logo-orizzontale-colore.svg","width":"1024","height":"1024","caption":"Blue Circle Capital"},"image":{"@id":"https:\/\/bluecirclecapital.ch\/fr\/#\/schema\/logo\/image\/"}}]}},"_links":{"self":[{"href":"https:\/\/bluecirclecapital.ch\/fr\/wp-json\/wp\/v2\/pages\/1477","targetHints":{"allow":["GET"]}}],"collection":[{"href":"https:\/\/bluecirclecapital.ch\/fr\/wp-json\/wp\/v2\/pages"}],"about":[{"href":"https:\/\/bluecirclecapital.ch\/fr\/wp-json\/wp\/v2\/types\/page"}],"author":[{"embeddable":true,"href":"https:\/\/bluecirclecapital.ch\/fr\/wp-json\/wp\/v2\/users\/6"}],"replies":[{"embeddable":true,"href":"https:\/\/bluecirclecapital.ch\/fr\/wp-json\/wp\/v2\/comments?post=1477"}],"version-history":[{"count":3,"href":"https:\/\/bluecirclecapital.ch\/fr\/wp-json\/wp\/v2\/pages\/1477\/revisions"}],"predecessor-version":[{"id":1586,"href":"https:\/\/bluecirclecapital.ch\/fr\/wp-json\/wp\/v2\/pages\/1477\/revisions\/1586"}],"up":[{"embeddable":true,"href":"https:\/\/bluecirclecapital.ch\/fr\/wp-json\/wp\/v2\/pages\/1471"}],"wp:attachment":[{"href":"https:\/\/bluecirclecapital.ch\/fr\/wp-json\/wp\/v2\/media?parent=1477"}],"curies":[{"name":"wp","href":"https:\/\/api.w.org\/{rel}","templated":true}]}}