{"id":1180,"date":"2020-02-28T15:58:19","date_gmt":"2020-02-28T14:58:19","guid":{"rendered":"https:\/\/bluecirclecapital.ch\/cosa-facciamo\/"},"modified":"2023-01-10T09:53:20","modified_gmt":"2023-01-10T08:53:20","slug":"cosa-facciamo","status":"publish","type":"page","link":"https:\/\/bluecirclecapital.ch\/it\/cosa-facciamo\/","title":{"rendered":"Cosa facciamo"},"content":{"rendered":"<p>[et_pb_section fb_built=&#8221;1&#8243; module_id=&#8221;intro&#8221; _builder_version=&#8221;4.18.0&#8243; background_color=&#8221;RGBA(255,255,255,0)&#8221; background_enable_image=&#8221;off&#8221; z_index=&#8221;11&#8243; max_width=&#8221;1600px&#8221; module_alignment=&#8221;center&#8221; custom_margin=&#8221;||||false|false&#8221; custom_padding=&#8221;0px||0px||false|false&#8221; global_colors_info=&#8221;{}&#8221;][et_pb_row use_custom_gutter=&#8221;on&#8221; gutter_width=&#8221;1&#8243; make_equal=&#8221;on&#8221; _builder_version=&#8221;4.18.1&#8243; background_image=&#8221;https:\/\/bluecirclecapital.ch\/wp-content\/uploads\/2022\/10\/imgApertura_bg.png&#8221; background_size=&#8221;custom&#8221; background_image_width=&#8221;100%&#8221; width=&#8221;63%&#8221; width_tablet=&#8221;63%&#8221; width_phone=&#8221;100%&#8221; width_last_edited=&#8221;on|phone&#8221; module_alignment=&#8221;center&#8221; custom_padding=&#8221;0px||||false|false&#8221; global_colors_info=&#8221;{}&#8221;][et_pb_column type=&#8221;4_4&#8243; _builder_version=&#8221;4.18.1&#8243; background_enable_color=&#8221;off&#8221; custom_padding=&#8221;0px|||16vw|false|false&#8221; custom_padding_tablet=&#8221;0px|||16vw|false|false&#8221; custom_padding_phone=&#8221;0px|40px||40px|false|false&#8221; custom_padding_last_edited=&#8221;on|phone&#8221; global_colors_info=&#8221;{}&#8221;][et_pb_text admin_label=&#8221;Titolo H1 introduzione sito&#8221; _builder_version=&#8221;4.18.1&#8243; custom_margin=&#8221;68px|||-50px|false|false&#8221; custom_margin_tablet=&#8221;68px|||-50px|false|false&#8221; custom_margin_phone=&#8221;30px|||-28px|false|false&#8221; custom_margin_last_edited=&#8221;on|phone&#8221; animation_style=&#8221;slide&#8221; animation_direction=&#8221;left&#8221; animation_intensity_slide=&#8221;5%&#8221; global_colors_info=&#8221;{}&#8221;]<\/p>\n<h2>Cosa facciamo<\/h2>\n<p>[\/et_pb_text][et_pb_text admin_label=&#8221;Titolo H1 introduzione sito&#8221; _builder_version=&#8221;4.18.0&#8243; positioning=&#8221;relative&#8221; max_width=&#8221;600px&#8221; module_alignment=&#8221;left&#8221; custom_margin=&#8221;18px|||-50px|false|false&#8221; animation_style=&#8221;slide&#8221; animation_direction=&#8221;top&#8221; animation_delay=&#8221;500ms&#8221; animation_intensity_slide=&#8221;5%&#8221; global_colors_info=&#8221;{}&#8221;]<\/p>\n<p class=\"p1\">I clienti richiedono la nostra consulenza in tutte le fasi della loro attivit\u00e0. Qualunque sia la sfida, le nostre consulenze finanziarie e nel settore M&amp;A sono sempre supportate da una autentica passione per questo lavoro. \u00c8 cos\u00ec che aiutiamo a ottenere pi\u00f9 di quanto ci si attende.<\/p>\n<p>[\/et_pb_text][\/et_pb_column][\/et_pb_row][\/et_pb_section][et_pb_section fb_built=&#8221;1&#8243; module_id=&#8221;intro&#8221; _builder_version=&#8221;4.18.0&#8243; background_color=&#8221;RGBA(255,255,255,0)&#8221; background_enable_image=&#8221;off&#8221; z_index=&#8221;11&#8243; max_width=&#8221;1600px&#8221; module_alignment=&#8221;center&#8221; custom_margin=&#8221;41px||||false|false&#8221; custom_padding=&#8221;0px||0px||false|false&#8221; locked=&#8221;off&#8221; global_colors_info=&#8221;{}&#8221;][et_pb_row column_structure=&#8221;2_5,3_5&#8243; _builder_version=&#8221;4.18.1&#8243; _module_preset=&#8221;default&#8221; background_image=&#8221;https:\/\/bluecirclecapital.ch\/wp-content\/uploads\/2022\/10\/bg-servizi2.png&#8221; width=&#8221;100%&#8221; module_alignment=&#8221;right&#8221; custom_margin=&#8221;-13px|auto||auto|false|false&#8221; custom_padding=&#8221;29px|||||&#8221; global_colors_info=&#8221;{}&#8221;][et_pb_column type=&#8221;2_5&#8243; _builder_version=&#8221;4.18.1&#8243; _module_preset=&#8221;default&#8221; sticky_limit_bottom=&#8221;row&#8221; sticky_position_tablet=&#8221;none&#8221; sticky_position_phone=&#8221;none&#8221; sticky_position_last_edited=&#8221;off|desktop&#8221; sticky_offset_top_tablet=&#8221;0px&#8221; sticky_offset_top_phone=&#8221;0px&#8221; sticky_offset_top_last_edited=&#8221;on|tablet&#8221; global_colors_info=&#8221;{}&#8221;][et_pb_image src=&#8221;https:\/\/bluecirclecapital.ch\/wp-content\/uploads\/2022\/10\/we-do-img-singola.png&#8221; title_text=&#8221;we do img singola&#8221; _builder_version=&#8221;4.18.1&#8243; _module_preset=&#8221;default&#8221; max_width=&#8221;100%&#8221; max_width_tablet=&#8221;60%&#8221; max_width_phone=&#8221;90%&#8221; max_width_last_edited=&#8221;on|tablet&#8221; module_alignment=&#8221;right&#8221; custom_margin_tablet=&#8221;&#8221; custom_margin_phone=&#8221;0px||||false|false&#8221; custom_margin_last_edited=&#8221;on|phone&#8221; custom_padding_tablet=&#8221;&#8221; custom_padding_phone=&#8221;0px||||false|false&#8221; custom_padding_last_edited=&#8221;on|phone&#8221; animation_direction=&#8221;right&#8221; scroll_horizontal_motion=&#8221;0|50|50|100|0.5|0|-0.5&#8243; module_alignment_tablet=&#8221;left&#8221; module_alignment_phone=&#8221;left&#8221; module_alignment_last_edited=&#8221;on|tablet&#8221; global_colors_info=&#8221;{}&#8221;][\/et_pb_image][\/et_pb_column][et_pb_column type=&#8221;3_5&#8243; _builder_version=&#8221;4.18.1&#8243; _module_preset=&#8221;default&#8221; custom_padding=&#8221;|||2vw|false|false&#8221; custom_padding_tablet=&#8221;|||42vw|false|false&#8221; custom_padding_phone=&#8221;|||30px|false|false&#8221; custom_padding_last_edited=&#8221;on|phone&#8221; global_colors_info=&#8221;{}&#8221;][et_pb_blurb title=&#8221;M&#038;A sell-side&#8221; url=&#8221;https:\/\/bluecirclecapital.ch\/it\/what-we-do\/ma-sell-side\/&#8221; use_icon=&#8221;on&#8221; font_icon=&#8221;&#x35;||divi||400&#8243; icon_color=&#8221;#2776CC&#8221; icon_placement=&#8221;left&#8221; image_icon_width=&#8221;43px&#8221; content_max_width=&#8221;1100px&#8221; _builder_version=&#8221;4.19.3&#8243; _module_preset=&#8221;default&#8221; header_font_size=&#8221;30px&#8221; module_alignment=&#8221;left&#8221; custom_margin=&#8221;||0px||false|false&#8221; custom_css_blurb_title=&#8221;margin-top:4px;||margin-left:-10px;&#8221; locked=&#8221;off&#8221; global_colors_info=&#8221;{}&#8221; header_text_color__hover_enabled=&#8221;on|desktop&#8221; header_text_color__hover=&#8221;#2776CC&#8221; icon_color__hover_enabled=&#8221;on|desktop&#8221; icon_color__hover=&#8221;#3A4651&#8243;][\/et_pb_blurb][et_pb_blurb title=&#8221;M&#038;A buy-side&#8221; url=&#8221;https:\/\/bluecirclecapital.ch\/it\/what-we-do\/ma-buy-side\/&#8221; use_icon=&#8221;on&#8221; font_icon=&#8221;&#x35;||divi||400&#8243; icon_color=&#8221;#2776CC&#8221; icon_placement=&#8221;left&#8221; image_icon_width=&#8221;43px&#8221; content_max_width=&#8221;1100px&#8221; _builder_version=&#8221;4.19.3&#8243; _module_preset=&#8221;default&#8221; header_font_size=&#8221;30px&#8221; module_alignment=&#8221;left&#8221; custom_margin=&#8221;||0px||false|false&#8221; custom_css_blurb_title=&#8221;margin-top:4px;||margin-left:-10px;&#8221; locked=&#8221;off&#8221; global_colors_info=&#8221;{}&#8221; header_text_color__hover_enabled=&#8221;on|desktop&#8221; header_text_color__hover=&#8221;#2776CC&#8221; icon_color__hover_enabled=&#8221;on|desktop&#8221; icon_color__hover=&#8221;#3A4651&#8243;][\/et_pb_blurb][et_pb_blurb title=&#8221;Growth Equity&#8221; url=&#8221;https:\/\/bluecirclecapital.ch\/it\/what-we-do\/growth-equity\/&#8221; use_icon=&#8221;on&#8221; font_icon=&#8221;&#x35;||divi||400&#8243; icon_color=&#8221;#2776CC&#8221; icon_placement=&#8221;left&#8221; image_icon_width=&#8221;43px&#8221; content_max_width=&#8221;1100px&#8221; _builder_version=&#8221;4.19.3&#8243; _module_preset=&#8221;default&#8221; header_font_size=&#8221;30px&#8221; module_alignment=&#8221;left&#8221; custom_margin=&#8221;||0px||false|false&#8221; custom_css_blurb_title=&#8221;margin-top:4px;||margin-left:-10px;&#8221; locked=&#8221;off&#8221; global_colors_info=&#8221;{}&#8221; header_text_color__hover_enabled=&#8221;on|desktop&#8221; header_text_color__hover=&#8221;#2776CC&#8221; icon_color__hover_enabled=&#8221;on|desktop&#8221; icon_color__hover=&#8221;#3A4651&#8243;][\/et_pb_blurb][et_pb_blurb title=&#8221;Debt Advisory&#8221; url=&#8221;https:\/\/bluecirclecapital.ch\/it\/what-we-do\/debt-advisory\/&#8221; use_icon=&#8221;on&#8221; font_icon=&#8221;&#x35;||divi||400&#8243; icon_color=&#8221;#2776CC&#8221; icon_placement=&#8221;left&#8221; image_icon_width=&#8221;43px&#8221; content_max_width=&#8221;1100px&#8221; _builder_version=&#8221;4.19.3&#8243; _module_preset=&#8221;default&#8221; header_font_size=&#8221;30px&#8221; module_alignment=&#8221;left&#8221; custom_margin=&#8221;||0px||false|false&#8221; custom_css_blurb_title=&#8221;margin-top:4px;||margin-left:-10px;&#8221; locked=&#8221;off&#8221; global_colors_info=&#8221;{}&#8221; header_text_color__hover_enabled=&#8221;on|desktop&#8221; header_text_color__hover=&#8221;#2776CC&#8221; icon_color__hover_enabled=&#8221;on|desktop&#8221; icon_color__hover=&#8221;#3A4651&#8243;][\/et_pb_blurb][et_pb_blurb title=&#8221;Restructuring&#8221; url=&#8221;https:\/\/bluecirclecapital.ch\/it\/what-we-do\/restructuring\/&#8221; use_icon=&#8221;on&#8221; font_icon=&#8221;&#x35;||divi||400&#8243; icon_color=&#8221;#2776CC&#8221; icon_placement=&#8221;left&#8221; image_icon_width=&#8221;43px&#8221; content_max_width=&#8221;1100px&#8221; _builder_version=&#8221;4.19.3&#8243; _module_preset=&#8221;default&#8221; header_font_size=&#8221;30px&#8221; module_alignment=&#8221;left&#8221; custom_margin=&#8221;||0px||false|false&#8221; custom_css_blurb_title=&#8221;margin-top:4px;||margin-left:-10px;&#8221; locked=&#8221;off&#8221; global_colors_info=&#8221;{}&#8221; header_text_color__hover_enabled=&#8221;on|desktop&#8221; header_text_color__hover=&#8221;#2776CC&#8221; icon_color__hover_enabled=&#8221;on|desktop&#8221; icon_color__hover=&#8221;#3A4651&#8243;][\/et_pb_blurb][et_pb_blurb title=&#8221;Due Diligence&#8221; url=&#8221;https:\/\/bluecirclecapital.ch\/it\/what-we-do\/due-diligence\/&#8221; use_icon=&#8221;on&#8221; font_icon=&#8221;&#x35;||divi||400&#8243; icon_color=&#8221;#2776CC&#8221; icon_placement=&#8221;left&#8221; image_icon_width=&#8221;43px&#8221; content_max_width=&#8221;1100px&#8221; _builder_version=&#8221;4.19.3&#8243; _module_preset=&#8221;default&#8221; header_font_size=&#8221;30px&#8221; module_alignment=&#8221;left&#8221; custom_margin=&#8221;||0px||false|false&#8221; custom_css_blurb_title=&#8221;margin-top:4px;||margin-left:-10px;&#8221; locked=&#8221;off&#8221; global_colors_info=&#8221;{}&#8221; header_text_color__hover_enabled=&#8221;on|desktop&#8221; header_text_color__hover=&#8221;#2776CC&#8221; icon_color__hover_enabled=&#8221;on|desktop&#8221; icon_color__hover=&#8221;#3A4651&#8243;][\/et_pb_blurb][\/et_pb_column][\/et_pb_row][\/et_pb_section]<\/p>\n","protected":false},"excerpt":{"rendered":"<p>Cosa facciamoI clienti richiedono la nostra consulenza in tutte le fasi della loro attivit\u00e0. Qualunque sia la sfida, le nostre consulenze finanziarie e nel settore M&amp;A sono sempre supportate da una autentica passione per questo lavoro. \u00c8 cos\u00ec che aiutiamo a ottenere pi\u00f9 di quanto ci si attende.<\/p>\n","protected":false},"author":1,"featured_media":0,"parent":0,"menu_order":20,"comment_status":"closed","ping_status":"closed","template":"","meta":{"_et_pb_use_builder":"on","_et_pb_old_content":"","_et_gb_content_width":"","inline_featured_image":false,"footnotes":""},"class_list":["post-1180","page","type-page","status-publish","hentry"],"yoast_head":"<!-- This site is optimized with the Yoast SEO plugin v27.4 - https:\/\/yoast.com\/product\/yoast-seo-wordpress\/ -->\n<title>Cosa facciamo - Blue Circle Capital<\/title>\n<meta name=\"robots\" content=\"index, follow, max-snippet:-1, max-image-preview:large, max-video-preview:-1\" \/>\n<link rel=\"canonical\" href=\"https:\/\/bluecirclecapital.ch\/it\/cosa-facciamo\/\" \/>\n<meta property=\"og:locale\" content=\"it_IT\" \/>\n<meta property=\"og:type\" content=\"article\" \/>\n<meta property=\"og:title\" content=\"Cosa facciamo - Blue Circle Capital\" \/>\n<meta property=\"og:description\" content=\"Cosa facciamoI clienti richiedono la nostra consulenza in tutte le fasi della loro attivit\u00e0. Qualunque sia la sfida, le nostre consulenze finanziarie e nel settore M&amp;A sono sempre supportate da una autentica passione per questo lavoro. \u00c8 cos\u00ec che aiutiamo a ottenere pi\u00f9 di quanto ci si attende.\" \/>\n<meta property=\"og:url\" content=\"https:\/\/bluecirclecapital.ch\/it\/cosa-facciamo\/\" \/>\n<meta property=\"og:site_name\" content=\"Blue Circle Capital\" \/>\n<meta property=\"article:modified_time\" content=\"2023-01-10T08:53:20+00:00\" \/>\n<meta name=\"twitter:card\" content=\"summary_large_image\" \/>\n<meta name=\"twitter:label1\" content=\"Tempo di lettura stimato\" \/>\n\t<meta name=\"twitter:data1\" content=\"5 minuti\" \/>\n<script type=\"application\/ld+json\" class=\"yoast-schema-graph\">{\"@context\":\"https:\\\/\\\/schema.org\",\"@graph\":[{\"@type\":\"WebPage\",\"@id\":\"https:\\\/\\\/bluecirclecapital.ch\\\/it\\\/cosa-facciamo\\\/\",\"url\":\"https:\\\/\\\/bluecirclecapital.ch\\\/it\\\/cosa-facciamo\\\/\",\"name\":\"Cosa facciamo - Blue Circle Capital\",\"isPartOf\":{\"@id\":\"https:\\\/\\\/bluecirclecapital.ch\\\/it\\\/#website\"},\"datePublished\":\"2020-02-28T14:58:19+00:00\",\"dateModified\":\"2023-01-10T08:53:20+00:00\",\"breadcrumb\":{\"@id\":\"https:\\\/\\\/bluecirclecapital.ch\\\/it\\\/cosa-facciamo\\\/#breadcrumb\"},\"inLanguage\":\"it-IT\",\"potentialAction\":[{\"@type\":\"ReadAction\",\"target\":[\"https:\\\/\\\/bluecirclecapital.ch\\\/it\\\/cosa-facciamo\\\/\"]}]},{\"@type\":\"BreadcrumbList\",\"@id\":\"https:\\\/\\\/bluecirclecapital.ch\\\/it\\\/cosa-facciamo\\\/#breadcrumb\",\"itemListElement\":[{\"@type\":\"ListItem\",\"position\":1,\"name\":\"Home\",\"item\":\"https:\\\/\\\/bluecirclecapital.ch\\\/it\\\/\"},{\"@type\":\"ListItem\",\"position\":2,\"name\":\"Cosa facciamo\"}]},{\"@type\":\"WebSite\",\"@id\":\"https:\\\/\\\/bluecirclecapital.ch\\\/it\\\/#website\",\"url\":\"https:\\\/\\\/bluecirclecapital.ch\\\/it\\\/\",\"name\":\"Blue Circle Capital\",\"description\":\"M&amp;A Zurich\",\"publisher\":{\"@id\":\"https:\\\/\\\/bluecirclecapital.ch\\\/it\\\/#organization\"},\"potentialAction\":[{\"@type\":\"SearchAction\",\"target\":{\"@type\":\"EntryPoint\",\"urlTemplate\":\"https:\\\/\\\/bluecirclecapital.ch\\\/it\\\/?s={search_term_string}\"},\"query-input\":{\"@type\":\"PropertyValueSpecification\",\"valueRequired\":true,\"valueName\":\"search_term_string\"}}],\"inLanguage\":\"it-IT\"},{\"@type\":\"Organization\",\"@id\":\"https:\\\/\\\/bluecirclecapital.ch\\\/it\\\/#organization\",\"name\":\"Blue Circle Capital\",\"url\":\"https:\\\/\\\/bluecirclecapital.ch\\\/it\\\/\",\"logo\":{\"@type\":\"ImageObject\",\"inLanguage\":\"it-IT\",\"@id\":\"https:\\\/\\\/bluecirclecapital.ch\\\/it\\\/#\\\/schema\\\/logo\\\/image\\\/\",\"url\":\"https:\\\/\\\/bluecirclecapital.ch\\\/wp-content\\\/uploads\\\/2022\\\/10\\\/BlueCircle-logo-orizzontale-colore.svg\",\"contentUrl\":\"https:\\\/\\\/bluecirclecapital.ch\\\/wp-content\\\/uploads\\\/2022\\\/10\\\/BlueCircle-logo-orizzontale-colore.svg\",\"width\":\"1024\",\"height\":\"1024\",\"caption\":\"Blue Circle Capital\"},\"image\":{\"@id\":\"https:\\\/\\\/bluecirclecapital.ch\\\/it\\\/#\\\/schema\\\/logo\\\/image\\\/\"}}]}<\/script>\n<!-- \/ Yoast SEO plugin. -->","yoast_head_json":{"title":"Cosa facciamo - Blue Circle Capital","robots":{"index":"index","follow":"follow","max-snippet":"max-snippet:-1","max-image-preview":"max-image-preview:large","max-video-preview":"max-video-preview:-1"},"canonical":"https:\/\/bluecirclecapital.ch\/it\/cosa-facciamo\/","og_locale":"it_IT","og_type":"article","og_title":"Cosa facciamo - Blue Circle Capital","og_description":"Cosa facciamoI clienti richiedono la nostra consulenza in tutte le fasi della loro attivit\u00e0. Qualunque sia la sfida, le nostre consulenze finanziarie e nel settore M&amp;A sono sempre supportate da una autentica passione per questo lavoro. \u00c8 cos\u00ec che aiutiamo a ottenere pi\u00f9 di quanto ci si attende.","og_url":"https:\/\/bluecirclecapital.ch\/it\/cosa-facciamo\/","og_site_name":"Blue Circle Capital","article_modified_time":"2023-01-10T08:53:20+00:00","twitter_card":"summary_large_image","twitter_misc":{"Tempo di lettura stimato":"5 minuti"},"schema":{"@context":"https:\/\/schema.org","@graph":[{"@type":"WebPage","@id":"https:\/\/bluecirclecapital.ch\/it\/cosa-facciamo\/","url":"https:\/\/bluecirclecapital.ch\/it\/cosa-facciamo\/","name":"Cosa facciamo - Blue Circle Capital","isPartOf":{"@id":"https:\/\/bluecirclecapital.ch\/it\/#website"},"datePublished":"2020-02-28T14:58:19+00:00","dateModified":"2023-01-10T08:53:20+00:00","breadcrumb":{"@id":"https:\/\/bluecirclecapital.ch\/it\/cosa-facciamo\/#breadcrumb"},"inLanguage":"it-IT","potentialAction":[{"@type":"ReadAction","target":["https:\/\/bluecirclecapital.ch\/it\/cosa-facciamo\/"]}]},{"@type":"BreadcrumbList","@id":"https:\/\/bluecirclecapital.ch\/it\/cosa-facciamo\/#breadcrumb","itemListElement":[{"@type":"ListItem","position":1,"name":"Home","item":"https:\/\/bluecirclecapital.ch\/it\/"},{"@type":"ListItem","position":2,"name":"Cosa facciamo"}]},{"@type":"WebSite","@id":"https:\/\/bluecirclecapital.ch\/it\/#website","url":"https:\/\/bluecirclecapital.ch\/it\/","name":"Blue Circle Capital","description":"M&amp;A Zurich","publisher":{"@id":"https:\/\/bluecirclecapital.ch\/it\/#organization"},"potentialAction":[{"@type":"SearchAction","target":{"@type":"EntryPoint","urlTemplate":"https:\/\/bluecirclecapital.ch\/it\/?s={search_term_string}"},"query-input":{"@type":"PropertyValueSpecification","valueRequired":true,"valueName":"search_term_string"}}],"inLanguage":"it-IT"},{"@type":"Organization","@id":"https:\/\/bluecirclecapital.ch\/it\/#organization","name":"Blue Circle Capital","url":"https:\/\/bluecirclecapital.ch\/it\/","logo":{"@type":"ImageObject","inLanguage":"it-IT","@id":"https:\/\/bluecirclecapital.ch\/it\/#\/schema\/logo\/image\/","url":"https:\/\/bluecirclecapital.ch\/wp-content\/uploads\/2022\/10\/BlueCircle-logo-orizzontale-colore.svg","contentUrl":"https:\/\/bluecirclecapital.ch\/wp-content\/uploads\/2022\/10\/BlueCircle-logo-orizzontale-colore.svg","width":"1024","height":"1024","caption":"Blue Circle Capital"},"image":{"@id":"https:\/\/bluecirclecapital.ch\/it\/#\/schema\/logo\/image\/"}}]}},"_links":{"self":[{"href":"https:\/\/bluecirclecapital.ch\/it\/wp-json\/wp\/v2\/pages\/1180","targetHints":{"allow":["GET"]}}],"collection":[{"href":"https:\/\/bluecirclecapital.ch\/it\/wp-json\/wp\/v2\/pages"}],"about":[{"href":"https:\/\/bluecirclecapital.ch\/it\/wp-json\/wp\/v2\/types\/page"}],"author":[{"embeddable":true,"href":"https:\/\/bluecirclecapital.ch\/it\/wp-json\/wp\/v2\/users\/1"}],"replies":[{"embeddable":true,"href":"https:\/\/bluecirclecapital.ch\/it\/wp-json\/wp\/v2\/comments?post=1180"}],"version-history":[{"count":7,"href":"https:\/\/bluecirclecapital.ch\/it\/wp-json\/wp\/v2\/pages\/1180\/revisions"}],"predecessor-version":[{"id":1547,"href":"https:\/\/bluecirclecapital.ch\/it\/wp-json\/wp\/v2\/pages\/1180\/revisions\/1547"}],"wp:attachment":[{"href":"https:\/\/bluecirclecapital.ch\/it\/wp-json\/wp\/v2\/media?parent=1180"}],"curies":[{"name":"wp","href":"https:\/\/api.w.org\/{rel}","templated":true}]}}