{"id":1305,"date":"2022-10-27T15:20:34","date_gmt":"2022-10-27T13:20:34","guid":{"rendered":"https:\/\/bluecirclecapital.ch\/cosa-facciamo\/due-diligence\/"},"modified":"2023-01-10T09:57:09","modified_gmt":"2023-01-10T08:57:09","slug":"due-diligence","status":"publish","type":"page","link":"https:\/\/bluecirclecapital.ch\/it\/cosa-facciamo\/due-diligence\/","title":{"rendered":"Due Diligence"},"content":{"rendered":"<h4><strong><em>&#8220;Comprendere che i numeri sono molto pi\u00f9 che semplici cifre&#8221;.<\/em><\/strong><\/h4>\n<p class=\"p1\">L&#8217;analisi completa del target di investimento \u00e8 un fattore critico per il successo nel processo di M&amp;A e il ruolo del lead advisor \u00e8 quello di passare dall&#8217;analisi dettagliata alla visione generale e viceversa. E, soprattutto, di coordinare tutti i professionisti coinvolti nell&#8217;operazione, dettando i tempi e il programma.<\/p>\n<p class=\"p1\">Supportiamo i clienti con un approccio mirato \u2013 sell-side e buy-side \u2013 che consente a tutti i soggetti coinvolti di prendere decisioni di investimento ponderate e ben fondate.<\/p>\n","protected":false},"excerpt":{"rendered":"<p>&#8220;Comprendere che i numeri sono molto pi\u00f9 che semplici cifre&#8221;. L&#8217;analisi completa del target di investimento \u00e8 un fattore critico per il successo nel processo di M&amp;A e il ruolo del lead advisor \u00e8 quello di passare dall&#8217;analisi dettagliata alla visione generale e viceversa. E, soprattutto, di coordinare tutti i professionisti coinvolti nell&#8217;operazione, dettando i [&hellip;]<\/p>\n","protected":false},"author":6,"featured_media":1155,"parent":1180,"menu_order":25,"comment_status":"closed","ping_status":"closed","template":"","meta":{"_et_pb_use_builder":"","_et_pb_old_content":"","_et_gb_content_width":"","inline_featured_image":false,"footnotes":""},"class_list":["post-1305","page","type-page","status-publish","has-post-thumbnail","hentry"],"yoast_head":"<!-- This site is optimized with the Yoast SEO plugin v27.3 - https:\/\/yoast.com\/product\/yoast-seo-wordpress\/ -->\n<title>Due Diligence - Blue Circle Capital<\/title>\n<meta name=\"robots\" content=\"index, follow, max-snippet:-1, max-image-preview:large, max-video-preview:-1\" \/>\n<link rel=\"canonical\" href=\"https:\/\/bluecirclecapital.ch\/it\/cosa-facciamo\/due-diligence\/\" \/>\n<meta property=\"og:locale\" content=\"it_IT\" \/>\n<meta property=\"og:type\" content=\"article\" \/>\n<meta property=\"og:title\" content=\"Due Diligence - Blue Circle Capital\" \/>\n<meta property=\"og:description\" content=\"&#8220;Comprendere che i numeri sono molto pi\u00f9 che semplici cifre&#8221;. L&#8217;analisi completa del target di investimento \u00e8 un fattore critico per il successo nel processo di M&amp;A e il ruolo del lead advisor \u00e8 quello di passare dall&#8217;analisi dettagliata alla visione generale e viceversa. E, soprattutto, di coordinare tutti i professionisti coinvolti nell&#8217;operazione, dettando i [&hellip;]\" \/>\n<meta property=\"og:url\" content=\"https:\/\/bluecirclecapital.ch\/it\/cosa-facciamo\/due-diligence\/\" \/>\n<meta property=\"og:site_name\" content=\"Blue Circle Capital\" \/>\n<meta property=\"article:modified_time\" content=\"2023-01-10T08:57:09+00:00\" \/>\n<meta property=\"og:image\" content=\"https:\/\/bluecirclecapital.ch\/wp-content\/uploads\/2022\/10\/servizio-diligence.png\" \/>\n\t<meta property=\"og:image:width\" content=\"983\" \/>\n\t<meta property=\"og:image:height\" content=\"872\" \/>\n\t<meta property=\"og:image:type\" content=\"image\/png\" \/>\n<meta name=\"twitter:card\" content=\"summary_large_image\" \/>\n<meta name=\"twitter:label1\" content=\"Tempo di lettura stimato\" \/>\n\t<meta name=\"twitter:data1\" content=\"1 minuto\" \/>\n<script type=\"application\/ld+json\" class=\"yoast-schema-graph\">{\"@context\":\"https:\\\/\\\/schema.org\",\"@graph\":[{\"@type\":\"WebPage\",\"@id\":\"https:\\\/\\\/bluecirclecapital.ch\\\/it\\\/cosa-facciamo\\\/due-diligence\\\/\",\"url\":\"https:\\\/\\\/bluecirclecapital.ch\\\/it\\\/cosa-facciamo\\\/due-diligence\\\/\",\"name\":\"Due Diligence - Blue Circle Capital\",\"isPartOf\":{\"@id\":\"https:\\\/\\\/bluecirclecapital.ch\\\/it\\\/#website\"},\"primaryImageOfPage\":{\"@id\":\"https:\\\/\\\/bluecirclecapital.ch\\\/it\\\/cosa-facciamo\\\/due-diligence\\\/#primaryimage\"},\"image\":{\"@id\":\"https:\\\/\\\/bluecirclecapital.ch\\\/it\\\/cosa-facciamo\\\/due-diligence\\\/#primaryimage\"},\"thumbnailUrl\":\"https:\\\/\\\/bluecirclecapital.ch\\\/wp-content\\\/uploads\\\/2022\\\/10\\\/servizio-diligence.png\",\"datePublished\":\"2022-10-27T13:20:34+00:00\",\"dateModified\":\"2023-01-10T08:57:09+00:00\",\"breadcrumb\":{\"@id\":\"https:\\\/\\\/bluecirclecapital.ch\\\/it\\\/cosa-facciamo\\\/due-diligence\\\/#breadcrumb\"},\"inLanguage\":\"it-IT\",\"potentialAction\":[{\"@type\":\"ReadAction\",\"target\":[\"https:\\\/\\\/bluecirclecapital.ch\\\/it\\\/cosa-facciamo\\\/due-diligence\\\/\"]}]},{\"@type\":\"ImageObject\",\"inLanguage\":\"it-IT\",\"@id\":\"https:\\\/\\\/bluecirclecapital.ch\\\/it\\\/cosa-facciamo\\\/due-diligence\\\/#primaryimage\",\"url\":\"https:\\\/\\\/bluecirclecapital.ch\\\/wp-content\\\/uploads\\\/2022\\\/10\\\/servizio-diligence.png\",\"contentUrl\":\"https:\\\/\\\/bluecirclecapital.ch\\\/wp-content\\\/uploads\\\/2022\\\/10\\\/servizio-diligence.png\",\"width\":983,\"height\":872},{\"@type\":\"BreadcrumbList\",\"@id\":\"https:\\\/\\\/bluecirclecapital.ch\\\/it\\\/cosa-facciamo\\\/due-diligence\\\/#breadcrumb\",\"itemListElement\":[{\"@type\":\"ListItem\",\"position\":1,\"name\":\"Home\",\"item\":\"https:\\\/\\\/bluecirclecapital.ch\\\/it\\\/\"},{\"@type\":\"ListItem\",\"position\":2,\"name\":\"Cosa facciamo\",\"item\":\"https:\\\/\\\/bluecirclecapital.ch\\\/it\\\/cosa-facciamo\\\/\"},{\"@type\":\"ListItem\",\"position\":3,\"name\":\"Due Diligence\"}]},{\"@type\":\"WebSite\",\"@id\":\"https:\\\/\\\/bluecirclecapital.ch\\\/it\\\/#website\",\"url\":\"https:\\\/\\\/bluecirclecapital.ch\\\/it\\\/\",\"name\":\"Blue Circle Capital\",\"description\":\"M&amp;A Zurich\",\"publisher\":{\"@id\":\"https:\\\/\\\/bluecirclecapital.ch\\\/it\\\/#organization\"},\"potentialAction\":[{\"@type\":\"SearchAction\",\"target\":{\"@type\":\"EntryPoint\",\"urlTemplate\":\"https:\\\/\\\/bluecirclecapital.ch\\\/it\\\/?s={search_term_string}\"},\"query-input\":{\"@type\":\"PropertyValueSpecification\",\"valueRequired\":true,\"valueName\":\"search_term_string\"}}],\"inLanguage\":\"it-IT\"},{\"@type\":\"Organization\",\"@id\":\"https:\\\/\\\/bluecirclecapital.ch\\\/it\\\/#organization\",\"name\":\"Blue Circle Capital\",\"url\":\"https:\\\/\\\/bluecirclecapital.ch\\\/it\\\/\",\"logo\":{\"@type\":\"ImageObject\",\"inLanguage\":\"it-IT\",\"@id\":\"https:\\\/\\\/bluecirclecapital.ch\\\/it\\\/#\\\/schema\\\/logo\\\/image\\\/\",\"url\":\"https:\\\/\\\/bluecirclecapital.ch\\\/wp-content\\\/uploads\\\/2022\\\/10\\\/BlueCircle-logo-orizzontale-colore.svg\",\"contentUrl\":\"https:\\\/\\\/bluecirclecapital.ch\\\/wp-content\\\/uploads\\\/2022\\\/10\\\/BlueCircle-logo-orizzontale-colore.svg\",\"width\":\"1024\",\"height\":\"1024\",\"caption\":\"Blue Circle Capital\"},\"image\":{\"@id\":\"https:\\\/\\\/bluecirclecapital.ch\\\/it\\\/#\\\/schema\\\/logo\\\/image\\\/\"}}]}<\/script>\n<!-- \/ Yoast SEO plugin. -->","yoast_head_json":{"title":"Due Diligence - Blue Circle Capital","robots":{"index":"index","follow":"follow","max-snippet":"max-snippet:-1","max-image-preview":"max-image-preview:large","max-video-preview":"max-video-preview:-1"},"canonical":"https:\/\/bluecirclecapital.ch\/it\/cosa-facciamo\/due-diligence\/","og_locale":"it_IT","og_type":"article","og_title":"Due Diligence - Blue Circle Capital","og_description":"&#8220;Comprendere che i numeri sono molto pi\u00f9 che semplici cifre&#8221;. L&#8217;analisi completa del target di investimento \u00e8 un fattore critico per il successo nel processo di M&amp;A e il ruolo del lead advisor \u00e8 quello di passare dall&#8217;analisi dettagliata alla visione generale e viceversa. E, soprattutto, di coordinare tutti i professionisti coinvolti nell&#8217;operazione, dettando i [&hellip;]","og_url":"https:\/\/bluecirclecapital.ch\/it\/cosa-facciamo\/due-diligence\/","og_site_name":"Blue Circle Capital","article_modified_time":"2023-01-10T08:57:09+00:00","og_image":[{"width":983,"height":872,"url":"https:\/\/bluecirclecapital.ch\/wp-content\/uploads\/2022\/10\/servizio-diligence.png","type":"image\/png"}],"twitter_card":"summary_large_image","twitter_misc":{"Tempo di lettura stimato":"1 minuto"},"schema":{"@context":"https:\/\/schema.org","@graph":[{"@type":"WebPage","@id":"https:\/\/bluecirclecapital.ch\/it\/cosa-facciamo\/due-diligence\/","url":"https:\/\/bluecirclecapital.ch\/it\/cosa-facciamo\/due-diligence\/","name":"Due Diligence - Blue Circle Capital","isPartOf":{"@id":"https:\/\/bluecirclecapital.ch\/it\/#website"},"primaryImageOfPage":{"@id":"https:\/\/bluecirclecapital.ch\/it\/cosa-facciamo\/due-diligence\/#primaryimage"},"image":{"@id":"https:\/\/bluecirclecapital.ch\/it\/cosa-facciamo\/due-diligence\/#primaryimage"},"thumbnailUrl":"https:\/\/bluecirclecapital.ch\/wp-content\/uploads\/2022\/10\/servizio-diligence.png","datePublished":"2022-10-27T13:20:34+00:00","dateModified":"2023-01-10T08:57:09+00:00","breadcrumb":{"@id":"https:\/\/bluecirclecapital.ch\/it\/cosa-facciamo\/due-diligence\/#breadcrumb"},"inLanguage":"it-IT","potentialAction":[{"@type":"ReadAction","target":["https:\/\/bluecirclecapital.ch\/it\/cosa-facciamo\/due-diligence\/"]}]},{"@type":"ImageObject","inLanguage":"it-IT","@id":"https:\/\/bluecirclecapital.ch\/it\/cosa-facciamo\/due-diligence\/#primaryimage","url":"https:\/\/bluecirclecapital.ch\/wp-content\/uploads\/2022\/10\/servizio-diligence.png","contentUrl":"https:\/\/bluecirclecapital.ch\/wp-content\/uploads\/2022\/10\/servizio-diligence.png","width":983,"height":872},{"@type":"BreadcrumbList","@id":"https:\/\/bluecirclecapital.ch\/it\/cosa-facciamo\/due-diligence\/#breadcrumb","itemListElement":[{"@type":"ListItem","position":1,"name":"Home","item":"https:\/\/bluecirclecapital.ch\/it\/"},{"@type":"ListItem","position":2,"name":"Cosa facciamo","item":"https:\/\/bluecirclecapital.ch\/it\/cosa-facciamo\/"},{"@type":"ListItem","position":3,"name":"Due Diligence"}]},{"@type":"WebSite","@id":"https:\/\/bluecirclecapital.ch\/it\/#website","url":"https:\/\/bluecirclecapital.ch\/it\/","name":"Blue Circle Capital","description":"M&amp;A Zurich","publisher":{"@id":"https:\/\/bluecirclecapital.ch\/it\/#organization"},"potentialAction":[{"@type":"SearchAction","target":{"@type":"EntryPoint","urlTemplate":"https:\/\/bluecirclecapital.ch\/it\/?s={search_term_string}"},"query-input":{"@type":"PropertyValueSpecification","valueRequired":true,"valueName":"search_term_string"}}],"inLanguage":"it-IT"},{"@type":"Organization","@id":"https:\/\/bluecirclecapital.ch\/it\/#organization","name":"Blue Circle Capital","url":"https:\/\/bluecirclecapital.ch\/it\/","logo":{"@type":"ImageObject","inLanguage":"it-IT","@id":"https:\/\/bluecirclecapital.ch\/it\/#\/schema\/logo\/image\/","url":"https:\/\/bluecirclecapital.ch\/wp-content\/uploads\/2022\/10\/BlueCircle-logo-orizzontale-colore.svg","contentUrl":"https:\/\/bluecirclecapital.ch\/wp-content\/uploads\/2022\/10\/BlueCircle-logo-orizzontale-colore.svg","width":"1024","height":"1024","caption":"Blue Circle Capital"},"image":{"@id":"https:\/\/bluecirclecapital.ch\/it\/#\/schema\/logo\/image\/"}}]}},"_links":{"self":[{"href":"https:\/\/bluecirclecapital.ch\/it\/wp-json\/wp\/v2\/pages\/1305","targetHints":{"allow":["GET"]}}],"collection":[{"href":"https:\/\/bluecirclecapital.ch\/it\/wp-json\/wp\/v2\/pages"}],"about":[{"href":"https:\/\/bluecirclecapital.ch\/it\/wp-json\/wp\/v2\/types\/page"}],"author":[{"embeddable":true,"href":"https:\/\/bluecirclecapital.ch\/it\/wp-json\/wp\/v2\/users\/6"}],"replies":[{"embeddable":true,"href":"https:\/\/bluecirclecapital.ch\/it\/wp-json\/wp\/v2\/comments?post=1305"}],"version-history":[{"count":3,"href":"https:\/\/bluecirclecapital.ch\/it\/wp-json\/wp\/v2\/pages\/1305\/revisions"}],"predecessor-version":[{"id":1554,"href":"https:\/\/bluecirclecapital.ch\/it\/wp-json\/wp\/v2\/pages\/1305\/revisions\/1554"}],"up":[{"embeddable":true,"href":"https:\/\/bluecirclecapital.ch\/it\/wp-json\/wp\/v2\/pages\/1180"}],"wp:featuredmedia":[{"embeddable":true,"href":"https:\/\/bluecirclecapital.ch\/it\/wp-json\/wp\/v2\/media\/1155"}],"wp:attachment":[{"href":"https:\/\/bluecirclecapital.ch\/it\/wp-json\/wp\/v2\/media?parent=1305"}],"curies":[{"name":"wp","href":"https:\/\/api.w.org\/{rel}","templated":true}]}}